{"id":2616,"date":"2022-12-26T17:00:54","date_gmt":"2022-12-26T17:00:54","guid":{"rendered":"https:\/\/www.rotatransportes.com.br\/?page_id=2616"},"modified":"2022-12-29T18:08:35","modified_gmt":"2022-12-29T18:08:35","slug":"regulamento-ofertas-de-verao","status":"publish","type":"page","link":"https:\/\/www.rotatransportes.com.br\/index.php\/regulamento-ofertas-de-verao\/","title":{"rendered":"Regulamento &#8211; Ofertas de Ver\u00e3o"},"content":{"rendered":"\t\t<div data-elementor-type=\"wp-page\" data-elementor-id=\"2616\" class=\"elementor elementor-2616\">\n\t\t\t\t\t\t\t<div class=\"elementor-element elementor-element-002a6af e-con-full e-con\" data-id=\"002a6af\" data-element_type=\"container\" data-settings=\"{&quot;content_width&quot;:&quot;full&quot;}\">\n\t\t\t\t<div class=\"elementor-element elementor-element-b217741 elementor-widget elementor-widget-spacer\" data-id=\"b217741\" data-element_type=\"widget\" data-widget_type=\"spacer.default\">\n\t\t\t\t<div class=\"elementor-widget-container\">\n\t\t\t<style>\/*! elementor - v3.8.1 - 13-11-2022 *\/\n.elementor-column .elementor-spacer-inner{height:var(--spacer-size)}.e-con{--container-widget-width:100%}.e-con-inner>.elementor-widget-spacer,.e-con>.elementor-widget-spacer{width:var(--container-widget-width,var(--spacer-size));-ms-flex-item-align:stretch;align-self:stretch;-ms-flex-negative:0;flex-shrink:0}.e-con-inner>.elementor-widget-spacer>.elementor-widget-container,.e-con-inner>.elementor-widget-spacer>.elementor-widget-container>.elementor-spacer,.e-con>.elementor-widget-spacer>.elementor-widget-container,.e-con>.elementor-widget-spacer>.elementor-widget-container>.elementor-spacer{height:100%}.e-con-inner>.elementor-widget-spacer>.elementor-widget-container>.elementor-spacer>.elementor-spacer-inner,.e-con>.elementor-widget-spacer>.elementor-widget-container>.elementor-spacer>.elementor-spacer-inner{height:var(--container-widget-height,var(--spacer-size))}<\/style>\t\t<div class=\"elementor-spacer\">\n\t\t\t<div class=\"elementor-spacer-inner\"><\/div>\n\t\t<\/div>\n\t\t\t\t<\/div>\n\t\t\t\t<\/div>\n\t\t\t\t<\/div>\n\t\t\t\t<section class=\"elementor-section elementor-top-section elementor-element elementor-element-e8d2339 elementor-section-boxed elementor-section-height-default elementor-section-height-default\" data-id=\"e8d2339\" data-element_type=\"section\" data-settings=\"{&quot;_ha_eqh_enable&quot;:false}\">\n\t\t\t\t\t\t<div class=\"elementor-container elementor-column-gap-default\">\n\t\t\t\t\t<div class=\"elementor-column elementor-col-100 elementor-top-column elementor-element elementor-element-ed904f4\" data-id=\"ed904f4\" data-element_type=\"column\">\n\t\t\t<div class=\"elementor-widget-wrap elementor-element-populated\">\n\t\t\t\t\t\t\t\t<div class=\"elementor-element elementor-element-e961a9e elementor-widget elementor-widget-image\" data-id=\"e961a9e\" data-element_type=\"widget\" data-widget_type=\"image.default\">\n\t\t\t\t<div class=\"elementor-widget-container\">\n\t\t\t<style>\/*! elementor - v3.8.1 - 13-11-2022 *\/\n.elementor-widget-image{text-align:center}.elementor-widget-image a{display:inline-block}.elementor-widget-image a img[src$=\".svg\"]{width:48px}.elementor-widget-image img{vertical-align:middle;display:inline-block}<\/style>\t\t\t\t\t\t\t\t\t\t\t\t<img decoding=\"async\" src=\"https:\/\/www.rotatransportes.com.br\/wp-content\/uploads\/elementor\/thumbs\/Banner-Site-Verao-RT-2022-23-pzqo1gva91rqaefipr301hyevox0vbb5322b2o5tjs-pzqpnen5if2zx49teao58dm91pcibobiptoqzo980o.jpg\" title=\"Banner-Site-Verao-RT-2022-23-pzqo1gva91rqaefipr301hyevox0vbb5322b2o5tjs\" alt=\"Banner-Site-Verao-RT-2022-23-pzqo1gva91rqaefipr301hyevox0vbb5322b2o5tjs\" \/>\t\t\t\t\t\t\t\t\t\t\t\t\t\t\t<\/div>\n\t\t\t\t<\/div>\n\t\t\t\t<section class=\"elementor-section elementor-inner-section elementor-element elementor-element-cd0a936 elementor-section-boxed elementor-section-height-default elementor-section-height-default\" data-id=\"cd0a936\" data-element_type=\"section\" data-settings=\"{&quot;_ha_eqh_enable&quot;:false}\">\n\t\t\t\t\t\t<div class=\"elementor-container elementor-column-gap-default\">\n\t\t\t\t\t<div class=\"elementor-column elementor-col-100 elementor-inner-column elementor-element elementor-element-856d0d4\" data-id=\"856d0d4\" data-element_type=\"column\">\n\t\t\t<div class=\"elementor-widget-wrap elementor-element-populated\">\n\t\t\t\t\t\t\t\t<div class=\"elementor-element elementor-element-d3950f7 elementor-widget elementor-widget-heading\" data-id=\"d3950f7\" data-element_type=\"widget\" data-widget_type=\"heading.default\">\n\t\t\t\t<div class=\"elementor-widget-container\">\n\t\t\t<style>\/*! elementor - v3.8.1 - 13-11-2022 *\/\n.elementor-heading-title{padding:0;margin:0;line-height:1}.elementor-widget-heading .elementor-heading-title[class*=elementor-size-]>a{color:inherit;font-size:inherit;line-height:inherit}.elementor-widget-heading .elementor-heading-title.elementor-size-small{font-size:15px}.elementor-widget-heading .elementor-heading-title.elementor-size-medium{font-size:19px}.elementor-widget-heading .elementor-heading-title.elementor-size-large{font-size:29px}.elementor-widget-heading .elementor-heading-title.elementor-size-xl{font-size:39px}.elementor-widget-heading .elementor-heading-title.elementor-size-xxl{font-size:59px}<\/style><h4 class=\"elementor-heading-title elementor-size-default\">REGULAMENTO OFERTAS ANTECIPADAS DE VER\u00c3O<\/h4>\t\t<\/div>\n\t\t\t\t<\/div>\n\t\t\t\t<div class=\"elementor-element elementor-element-a55c3b0 elementor-widget elementor-widget-text-editor\" data-id=\"a55c3b0\" data-element_type=\"widget\" data-widget_type=\"text-editor.default\">\n\t\t\t\t<div class=\"elementor-widget-container\">\n\t\t\t<style>\/*! elementor - v3.8.1 - 13-11-2022 *\/\n.elementor-widget-text-editor.elementor-drop-cap-view-stacked .elementor-drop-cap{background-color:#818a91;color:#fff}.elementor-widget-text-editor.elementor-drop-cap-view-framed .elementor-drop-cap{color:#818a91;border:3px solid;background-color:transparent}.elementor-widget-text-editor:not(.elementor-drop-cap-view-default) .elementor-drop-cap{margin-top:8px}.elementor-widget-text-editor:not(.elementor-drop-cap-view-default) .elementor-drop-cap-letter{width:1em;height:1em}.elementor-widget-text-editor .elementor-drop-cap{float:left;text-align:center;line-height:1;font-size:50px}.elementor-widget-text-editor .elementor-drop-cap-letter{display:inline-block}<\/style>\t\t\t\t<p class=\"MsoNormal\" style=\"margin-bottom: .0001pt; text-align: justify;\"><b>1.<\/b> A promo\u00e7\u00e3o <b>OFERTAS ANTECIPADAS DE VER\u00c3O<\/b> da <b>ROTA TRANSPORTES<\/b> consiste na disponibiliza\u00e7\u00e3o de trechos e servi\u00e7os espec\u00edficos, em valores promocionais, dentro do per\u00edodo de validade estipulado. As condi\u00e7\u00f5es para elegibilidade encontram-se nos itens a seguir descritos;<i><\/i><\/p><p class=\"MsoNormal\" style=\"margin-bottom: .0001pt; text-align: justify;\"><b><br \/>2.<\/b> A promo\u00e7\u00e3o <b>OFERTAS ANTECIPADAS DE VER\u00c3O<\/b> da <b>ROTA TRANSPORTES<\/b> est\u00e1 dispon\u00edvel para compras em todos os canais de venda (Ag\u00eancias f\u00edsicas \/ Site \/ Aplicativo \/ Canais Parceiros);<\/p><p class=\"MsoNormal\" style=\"margin-bottom: .0001pt; text-align: justify;\"><b><br \/>3.<\/b> Os descontos ser\u00e3o aplicados apenas sobre as tarifas das passagens dos trechos promocionais. Portanto, n\u00e3o est\u00e3o inclusas nos descontos as tarifas de ped\u00e1gio, seguro facultativo e de utiliza\u00e7\u00e3o de terminais;<\/p><p class=\"MsoNormal\" style=\"margin-bottom: .0001pt; text-align: justify;\"><b><br \/>4.<\/b> As tarifas promocionais ser\u00e3o v\u00e1lidas SOMENTE para a data, hor\u00e1rio, linha e trajeto constante no bilhete de passagem adquirido no per\u00edodo designado nos itens 8 e 11, para validade das ofertas;<\/p><p class=\"MsoNormal\" style=\"margin-bottom: .0001pt; text-align: justify;\"><b><br \/>5.<\/b> Para remarca\u00e7\u00e3o, o cliente fica desde j\u00e1 ciente de que, em sendo o valor menor do que a compra origin\u00e1ria, em raz\u00e3o da compra adquirida ter sido em valor promocional, n\u00e3o ser\u00e1 eleg\u00edvel ao reembolso da diferen\u00e7a. J\u00e1 se o valor da remarca\u00e7\u00e3o for superior ao valor originariamente pago, dever\u00e1 observar o valor da tarifa vigente para a nova data desejada, efetuando o pagamento da diferen\u00e7a de valor, inclusive de ped\u00e1gio, seguro facultativo e de utiliza\u00e7\u00e3o de terminais, quando houver;<\/p><p class=\"MsoNormal\" style=\"margin-bottom: 0.0001pt; text-align: justify; text-indent: 35.4pt; padding-left: 40px;\"><b><br \/>5.1<\/b> A remarca\u00e7\u00e3o de viagens adquiridas na promo\u00e7\u00e3o <b>OFERTAS ANTECIPADAS DE VER\u00c3O<\/b> no trecho interestadual, somente ser\u00e1 eleg\u00edvel para remarca\u00e7\u00e3o em outro trecho interestadual, enquanto a remarca\u00e7\u00e3o de viagem em trecho intermunicipal adquirida na vig\u00eancia da promo\u00e7\u00e3o, somente ser\u00e1 eleg\u00edvel para remarca\u00e7\u00e3o em outro trecho intermunicipal, desde que observada as 3 (tr\u00eas) horas de anteced\u00eancia prevista;<\/p><p class=\"MsoNormal\" style=\"margin-bottom: .0001pt; text-align: justify;\"><b><br \/>6.<\/b> Para cancelamento, o cliente dever\u00e1 solicitar em at\u00e9 3 (tr\u00eas) horas de anteced\u00eancia da viagem, observando as regras e condi\u00e7\u00f5es previstas para o reembolso, sendo o valor a ser reembolsado o mesmo valor pago pelo cliente a \u00e9poca da aquisi\u00e7\u00e3o da tarifa na promo\u00e7\u00e3o <b>OFERTAS ANTECIPADAS DE VER\u00c3O<\/b>;<\/p><p class=\"MsoNormal\" style=\"margin-bottom: .0001pt; text-align: justify;\"><b><br \/>7.<\/b> O bilhete de passagem adquirido no per\u00edodo promocional \u00e9 para uso pessoal sendo, portanto, intransfer\u00edvel;<\/p><p class=\"MsoNormal\" style=\"margin-bottom: .0001pt; text-align: justify;\"><b><br \/>8. <\/b>A promo\u00e7\u00e3o <b>OFERTAS ANTECIPADAS DE VER\u00c3O<\/b> \u00e9 v\u00e1lida t\u00e3o somente para os seguintes trechos e servi\u00e7os:<\/p>\t\t\t\t\t\t<\/div>\n\t\t\t\t<\/div>\n\t\t\t\t<div class=\"elementor-element elementor-element-3c1054b elementor-widget elementor-widget-image\" data-id=\"3c1054b\" data-element_type=\"widget\" data-widget_type=\"image.default\">\n\t\t\t\t<div class=\"elementor-widget-container\">\n\t\t\t\t\t\t\t\t\t\t\t\t\t\t\t<img decoding=\"async\" width=\"564\" height=\"219\" src=\"https:\/\/www.rotatransportes.com.br\/wp-content\/uploads\/2022\/12\/tb-1.png\" class=\"attachment-large size-large\" alt=\"\" srcset=\"https:\/\/www.rotatransportes.com.br\/wp-content\/uploads\/2022\/12\/tb-1.png 564w, https:\/\/www.rotatransportes.com.br\/wp-content\/uploads\/2022\/12\/tb-1-300x116.png 300w\" sizes=\"(max-width: 564px) 100vw, 564px\" \/>\t\t\t\t\t\t\t\t\t\t\t\t\t\t\t<\/div>\n\t\t\t\t<\/div>\n\t\t\t\t<div class=\"elementor-element elementor-element-45d8f91 elementor-widget elementor-widget-text-editor\" data-id=\"45d8f91\" data-element_type=\"widget\" data-widget_type=\"text-editor.default\">\n\t\t\t\t<div class=\"elementor-widget-container\">\n\t\t\t\t\t\t\t<p class=\"MsoNormal\" style=\"margin-bottom: .0001pt; text-align: justify;\"><strong>9.<\/strong> A <b>ROTA TRANSPORTES<\/b> estabelecer\u00e1 os hor\u00e1rios e poltronas dispon\u00edveis para as ofertas nos itiner\u00e1rios e per\u00edodos supramencionados, ficando a crit\u00e9rio exclusivo da Empresa a quantidade de poltronas e as condi\u00e7\u00f5es e hor\u00e1rios para concess\u00e3o dos descontos promocionais;<\/p><p class=\"MsoNormal\" style=\"margin-bottom: .0001pt; text-align: justify;\"><b><br \/>10.<\/b> A mera participa\u00e7\u00e3o nesta promo\u00e7\u00e3o caracteriza a aceita\u00e7\u00e3o dos termos e condi\u00e7\u00f5es previstos neste regulamento;<\/p><p class=\"MsoNormal\" style=\"margin-bottom: .0001pt; text-align: justify;\"><b><br \/>11.<\/b> Ofertas v\u00e1lidas para <b>compras no per\u00edodo de 23\/12\/2022 at\u00e9 09\/02\/2023<\/b> e <b>embarques entre 09\/01\/2023 e 09\/02\/2023. <\/b><\/p><p class=\"MsoNormal\" style=\"margin-bottom: .0001pt; text-align: justify;\">Para mais informa\u00e7\u00f5es, entre e contato com o nosso <b>SAC: 0800 075 0010<\/b><\/p><p>\u00a0<\/p><p class=\"MsoNormal\" style=\"margin-bottom: .0001pt; text-align: justify;\"><strong>Rota Transportes, com voc\u00ea nos caminhos da vida.<\/strong><\/p>\t\t\t\t\t\t<\/div>\n\t\t\t\t<\/div>\n\t\t\t\t\t<\/div>\n\t\t<\/div>\n\t\t\t\t\t\t\t<\/div>\n\t\t<\/section>\n\t\t\t\t\t<\/div>\n\t\t<\/div>\n\t\t\t\t\t\t\t<\/div>\n\t\t<\/section>\n\t\t\t\t\t\t\t<\/div>\n\t\t","protected":false},"excerpt":{"rendered":"<p>REGULAMENTO OFERTAS ANTECIPADAS DE VER\u00c3O 1. A promo\u00e7\u00e3o OFERTAS ANTECIPADAS DE VER\u00c3O da ROTA TRANSPORTES consiste na disponibiliza\u00e7\u00e3o de trechos e servi\u00e7os espec\u00edficos, em valores promocionais, dentro do per\u00edodo de validade estipulado. As condi\u00e7\u00f5es para elegibilidade encontram-se nos itens a seguir descritos; 2. A promo\u00e7\u00e3o OFERTAS ANTECIPADAS DE VER\u00c3O da ROTA TRANSPORTES est\u00e1 dispon\u00edvel para [&hellip;]<\/p>\n","protected":false},"author":2,"featured_media":0,"parent":0,"menu_order":0,"comment_status":"closed","ping_status":"closed","template":"","meta":{"_joinchat":[],"footnotes":""},"class_list":["post-2616","page","type-page","status-publish","hentry"],"_links":{"self":[{"href":"https:\/\/www.rotatransportes.com.br\/index.php\/wp-json\/wp\/v2\/pages\/2616","targetHints":{"allow":["GET"]}}],"collection":[{"href":"https:\/\/www.rotatransportes.com.br\/index.php\/wp-json\/wp\/v2\/pages"}],"about":[{"href":"https:\/\/www.rotatransportes.com.br\/index.php\/wp-json\/wp\/v2\/types\/page"}],"author":[{"embeddable":true,"href":"https:\/\/www.rotatransportes.com.br\/index.php\/wp-json\/wp\/v2\/users\/2"}],"replies":[{"embeddable":true,"href":"https:\/\/www.rotatransportes.com.br\/index.php\/wp-json\/wp\/v2\/comments?post=2616"}],"version-history":[{"count":34,"href":"https:\/\/www.rotatransportes.com.br\/index.php\/wp-json\/wp\/v2\/pages\/2616\/revisions"}],"predecessor-version":[{"id":2692,"href":"https:\/\/www.rotatransportes.com.br\/index.php\/wp-json\/wp\/v2\/pages\/2616\/revisions\/2692"}],"wp:attachment":[{"href":"https:\/\/www.rotatransportes.com.br\/index.php\/wp-json\/wp\/v2\/media?parent=2616"}],"curies":[{"name":"wp","href":"https:\/\/api.w.org\/{rel}","templated":true}]}}