{"id":2706,"date":"2023-01-01T14:40:37","date_gmt":"2023-01-01T14:40:37","guid":{"rendered":"https:\/\/www.rotatransportes.com.br\/?page_id=2706"},"modified":"2023-01-02T11:01:07","modified_gmt":"2023-01-02T11:01:07","slug":"regulamento-ofertas-30-off","status":"publish","type":"page","link":"https:\/\/www.rotatransportes.com.br\/index.php\/regulamento-ofertas-30-off\/","title":{"rendered":"Regulamento &#8211; Ofertas 30% Off"},"content":{"rendered":"\t\t<div data-elementor-type=\"wp-page\" data-elementor-id=\"2706\" class=\"elementor elementor-2706\">\n\t\t\t\t\t\t\t<div class=\"elementor-element elementor-element-002a6af e-con-full e-con\" data-id=\"002a6af\" data-element_type=\"container\" data-settings=\"{&quot;content_width&quot;:&quot;full&quot;}\">\n\t\t\t\t<div class=\"elementor-element elementor-element-b217741 elementor-widget elementor-widget-spacer\" data-id=\"b217741\" data-element_type=\"widget\" data-widget_type=\"spacer.default\">\n\t\t\t\t<div class=\"elementor-widget-container\">\n\t\t\t<style>\/*! elementor - v3.8.1 - 13-11-2022 *\/\n.elementor-column .elementor-spacer-inner{height:var(--spacer-size)}.e-con{--container-widget-width:100%}.e-con-inner>.elementor-widget-spacer,.e-con>.elementor-widget-spacer{width:var(--container-widget-width,var(--spacer-size));-ms-flex-item-align:stretch;align-self:stretch;-ms-flex-negative:0;flex-shrink:0}.e-con-inner>.elementor-widget-spacer>.elementor-widget-container,.e-con-inner>.elementor-widget-spacer>.elementor-widget-container>.elementor-spacer,.e-con>.elementor-widget-spacer>.elementor-widget-container,.e-con>.elementor-widget-spacer>.elementor-widget-container>.elementor-spacer{height:100%}.e-con-inner>.elementor-widget-spacer>.elementor-widget-container>.elementor-spacer>.elementor-spacer-inner,.e-con>.elementor-widget-spacer>.elementor-widget-container>.elementor-spacer>.elementor-spacer-inner{height:var(--container-widget-height,var(--spacer-size))}<\/style>\t\t<div class=\"elementor-spacer\">\n\t\t\t<div class=\"elementor-spacer-inner\"><\/div>\n\t\t<\/div>\n\t\t\t\t<\/div>\n\t\t\t\t<\/div>\n\t\t\t\t<\/div>\n\t\t\t\t<section class=\"elementor-section elementor-top-section elementor-element elementor-element-e8d2339 elementor-section-boxed elementor-section-height-default elementor-section-height-default\" data-id=\"e8d2339\" data-element_type=\"section\" data-settings=\"{&quot;_ha_eqh_enable&quot;:false}\">\n\t\t\t\t\t\t<div class=\"elementor-container elementor-column-gap-default\">\n\t\t\t\t\t<div class=\"elementor-column elementor-col-100 elementor-top-column elementor-element elementor-element-ed904f4\" data-id=\"ed904f4\" data-element_type=\"column\">\n\t\t\t<div class=\"elementor-widget-wrap elementor-element-populated\">\n\t\t\t\t\t\t\t\t<div class=\"elementor-element elementor-element-e961a9e elementor-widget elementor-widget-image\" data-id=\"e961a9e\" data-element_type=\"widget\" data-widget_type=\"image.default\">\n\t\t\t\t<div class=\"elementor-widget-container\">\n\t\t\t<style>\/*! elementor - v3.8.1 - 13-11-2022 *\/\n.elementor-widget-image{text-align:center}.elementor-widget-image a{display:inline-block}.elementor-widget-image a img[src$=\".svg\"]{width:48px}.elementor-widget-image img{vertical-align:middle;display:inline-block}<\/style>\t\t\t\t\t\t\t\t\t\t\t\t<img decoding=\"async\" src=\"https:\/\/www.rotatransportes.com.br\/wp-content\/uploads\/elementor\/thumbs\/Mega-Oferta-30-Off-Regulamento-Site-q02emtjee1pa1e6sfb2dlyn9yy8pp29fq5p2xx68d4.jpg\" title=\"Mega-Oferta-30-Off&#8212;Regulamento-Site\" alt=\"Mega-Oferta-30-Off---Regulamento-Site\" \/>\t\t\t\t\t\t\t\t\t\t\t\t\t\t\t<\/div>\n\t\t\t\t<\/div>\n\t\t\t\t<section class=\"elementor-section elementor-inner-section elementor-element elementor-element-cd0a936 elementor-section-boxed elementor-section-height-default elementor-section-height-default\" data-id=\"cd0a936\" data-element_type=\"section\" data-settings=\"{&quot;_ha_eqh_enable&quot;:false}\">\n\t\t\t\t\t\t<div class=\"elementor-container elementor-column-gap-default\">\n\t\t\t\t\t<div class=\"elementor-column elementor-col-100 elementor-inner-column elementor-element elementor-element-856d0d4\" data-id=\"856d0d4\" data-element_type=\"column\">\n\t\t\t<div class=\"elementor-widget-wrap elementor-element-populated\">\n\t\t\t\t\t\t\t\t<div class=\"elementor-element elementor-element-d3950f7 elementor-widget elementor-widget-heading\" data-id=\"d3950f7\" data-element_type=\"widget\" data-widget_type=\"heading.default\">\n\t\t\t\t<div class=\"elementor-widget-container\">\n\t\t\t<style>\/*! elementor - v3.8.1 - 13-11-2022 *\/\n.elementor-heading-title{padding:0;margin:0;line-height:1}.elementor-widget-heading .elementor-heading-title[class*=elementor-size-]>a{color:inherit;font-size:inherit;line-height:inherit}.elementor-widget-heading .elementor-heading-title.elementor-size-small{font-size:15px}.elementor-widget-heading .elementor-heading-title.elementor-size-medium{font-size:19px}.elementor-widget-heading .elementor-heading-title.elementor-size-large{font-size:29px}.elementor-widget-heading .elementor-heading-title.elementor-size-xl{font-size:39px}.elementor-widget-heading .elementor-heading-title.elementor-size-xxl{font-size:59px}<\/style><h4 class=\"elementor-heading-title elementor-size-default\">REGULAMENTO PROMO\u00c7\u00c3O \u2013 30% OFF<\/h4>\t\t<\/div>\n\t\t\t\t<\/div>\n\t\t\t\t<div class=\"elementor-element elementor-element-a55c3b0 elementor-widget elementor-widget-text-editor\" data-id=\"a55c3b0\" data-element_type=\"widget\" data-widget_type=\"text-editor.default\">\n\t\t\t\t<div class=\"elementor-widget-container\">\n\t\t\t<style>\/*! elementor - v3.8.1 - 13-11-2022 *\/\n.elementor-widget-text-editor.elementor-drop-cap-view-stacked .elementor-drop-cap{background-color:#818a91;color:#fff}.elementor-widget-text-editor.elementor-drop-cap-view-framed .elementor-drop-cap{color:#818a91;border:3px solid;background-color:transparent}.elementor-widget-text-editor:not(.elementor-drop-cap-view-default) .elementor-drop-cap{margin-top:8px}.elementor-widget-text-editor:not(.elementor-drop-cap-view-default) .elementor-drop-cap-letter{width:1em;height:1em}.elementor-widget-text-editor .elementor-drop-cap{float:left;text-align:center;line-height:1;font-size:50px}.elementor-widget-text-editor .elementor-drop-cap-letter{display:inline-block}<\/style>\t\t\t\t<p class=\"MsoNormal\" style=\"margin-bottom: .0001pt; text-align: justify;\">1. A promo\u00e7\u00e3o <strong>30% OFF da ROTA TRANSPORTES<\/strong> consiste na disponibiliza\u00e7\u00e3o de trechos e servi\u00e7os espec\u00edficos, em<br \/>valores promocionais, dentro do per\u00edodo de validade estipulado. As condi\u00e7\u00f5es para elegibilidade encontram-se nos<br \/>itens a seguir descritos;<br \/><br \/>2. <strong>A PROMO\u00c7\u00c3O 30%OFF<\/strong> da<strong> ROTA TRANSPORTES<\/strong> estar\u00e1 dispon\u00edvel para as compras efetuadas pelo site<br \/>https:\/\/rotatransportes.com.br\/ e no APP Rota Transportes;<br \/><br \/>3. <strong>A PROMO\u00c7\u00c3O 30% OFF<\/strong>, estar\u00e1 dispon\u00edvel para os clientes que efetuarem a compra simult\u00e2nea dos trechos de<strong> IDA<\/strong> e<br \/><strong>VOLTA<\/strong> de um dos itiner\u00e1rios previstos no item 11;<br \/><br \/>4. Ao adquirir a compra dos trechos de ida e de volta (de um dos itiner\u00e1rios previstos no item 11 da <strong>PROMO\u00c7\u00c3O 30% <\/strong>OFF), ser\u00e1 concedido, automaticamente, o desconto de 30% exclusivamente na tarifa de passagem referente ao <strong>TRECHO DE VOLTA<\/strong>, em hor\u00e1rio espec\u00edfico escolhido no momento da compra;<br \/><br \/>5. N\u00e3o ser\u00e1 aplicado desconto na tarifa da passagem do <strong>TRECHO DE IDA,<\/strong> nem nas tarifas de ped\u00e1gio, seguro facultativo e de utiliza\u00e7\u00e3o de terminais de ambos os trechos <strong>(IDA E VOLTA);<\/strong><br \/><br \/>6. N\u00e3o ser\u00e1 concedido o desconto nas aquisi\u00e7\u00f5es dos trechos de ida e de volta efetuadas separadamente;<br \/><br \/>7. A tarifa promocional ser\u00e1 v\u00e1lida<strong> SOMENTE<\/strong> para a data, hor\u00e1rio, linha e trajeto constante no bilhete de passagem,<br \/>referente ao <strong>TRECHO DE VOLTA<\/strong> adquirido na <strong>PROMO\u00c7\u00c3O 30% OFF,<\/strong> conforme seus termos e condi\u00e7\u00f5es;<br \/><br \/>8. Para remarca\u00e7\u00e3o, o cliente fica desde j\u00e1 ciente de que, em sendo o valor menor do que a compra origin\u00e1ria, em raz\u00e3o da compra adquirida ter sido em valor promocional, n\u00e3o ser\u00e1 eleg\u00edvel ao reembolso da diferen\u00e7a. J\u00e1 se o valor da remarca\u00e7\u00e3o for superior ao valor originariamente pago, dever\u00e1 observar o valor da tarifa vigente para a nova data desejada, efetuando o pagamento da diferen\u00e7a de valor, inclusive de ped\u00e1gio, seguro facultativo e de utiliza\u00e7\u00e3o de terminais, quando houver;<br \/><br \/>9.1 A remarca\u00e7\u00e3o de viagens adquiridas na <strong>PROMO\u00c7\u00c3O 30% OFF<\/strong> no trecho interestadual, somente ser\u00e1 eleg\u00edvel para remarca\u00e7\u00e3o em outro trecho interestadual, enquanto a remarca\u00e7\u00e3o de viagem em trecho intermunicipal<br \/>adquirida na vig\u00eancia da promo\u00e7\u00e3o, somente ser\u00e1 eleg\u00edvel para remarca\u00e7\u00e3o em outro trecho intermunicipal, desde que observada as 3 (tr\u00eas) horas de anteced\u00eancia prevista;<br \/><br \/>9. Para cancelamento, o cliente dever\u00e1 solicitar em at\u00e9 3 (tr\u00eas) horas de anteced\u00eancia da viagem, observando as regras e condi\u00e7\u00f5es previstas para o reembolso, sendo o valor a ser reembolsado o mesmo valor pago pelo cliente a \u00e9poca da aquisi\u00e7\u00e3o da tarifa na P<strong>ROMO\u00c7\u00c3O 30% OFF;<\/strong><br \/>10. Os bilhetes de passagem <strong>(IDA E VOLTA)<\/strong> adquiridos na <strong>PROMO\u00c7\u00c3O 30% OFF<\/strong> s\u00e3o para uso pessoal sendo, portanto, intransfer\u00edvel;<br \/>11. Os descontos da <strong>PROMO\u00c7\u00c3O 30% OFF<\/strong> s\u00e3o v\u00e1lidos t\u00e3o somente para os seguintes trechos e servi\u00e7os:<br \/><br \/>\uf0d8 Salvador x Aracaju x Salvador<br \/>\uf0d8 Aracaju x Salvador x Aracaju<br \/>\uf0d8 Salvador x Juazeiro x Salvador<br \/>\uf0d8 Juazeiro x Salvador x Juazeiro<br \/>\uf0d8 Aracaju x Feira de Santana x Aracaju<br \/>\uf0d8 Feira de Santana x Aracaju x Feira de Santana<br \/><br \/>12. <strong>A ROTA TRANSPORTES<\/strong> estabelecer\u00e1 os hor\u00e1rios e poltronas dispon\u00edveis para as ofertas nos itiner\u00e1rios de Ida e Volta e per\u00edodos supramencionados, ficando a crit\u00e9rio exclusivo da Empresa a quantidade de poltronas e as condi\u00e7\u00f5es e hor\u00e1rios para concess\u00e3o dos descontos promocionais;<br \/><br \/>13. A mera participa\u00e7\u00e3o nesta promo\u00e7\u00e3o caracteriza a aceita\u00e7\u00e3o dos termos e condi\u00e7\u00f5es revistos neste regulamento;<br \/><br \/>14. Promo\u00e7\u00e3o v\u00e1lida para compras realizadas entre os dias 29\/12\/2022 e 08\/01\/2023, devendo o embarque correr dentro do mesmo prazo de validade indicado;<br \/><br \/>15. Promo\u00e7\u00e3o v\u00e1lida para todos os servi\u00e7os, exceto para o servi\u00e7o Leitto-Cama nos trechos de Aracaju e para os servi\u00e7os Leito e Leitto-Cama no trecho de Juazeiro.<br \/><br \/>16. A empresa se reserva ao direito de interrup\u00e7\u00e3o da <strong>PROMO\u00c7\u00c3O 30% OFF<\/strong> a qualquer momento sem aviso pr\u00e9vio, assegurado o direito de compra j\u00e1 efetuada, desde que em conformidade com as condi\u00e7\u00f5es previstas na <strong>PROMO\u00c7\u00c3O 30% OFF.<\/strong><br \/><br \/>Para mais informa\u00e7\u00f5es, entre e contato com o nosso <strong>SAC: 0800 075 0010<\/strong><br \/>Rota Transportes, com voc\u00ea nos caminhos da vida.<\/p>\t\t\t\t\t\t<\/div>\n\t\t\t\t<\/div>\n\t\t\t\t\t<\/div>\n\t\t<\/div>\n\t\t\t\t\t\t\t<\/div>\n\t\t<\/section>\n\t\t\t\t\t<\/div>\n\t\t<\/div>\n\t\t\t\t\t\t\t<\/div>\n\t\t<\/section>\n\t\t\t\t\t\t\t<\/div>\n\t\t","protected":false},"excerpt":{"rendered":"<p>REGULAMENTO PROMO\u00c7\u00c3O \u2013 30% OFF 1. A promo\u00e7\u00e3o 30% OFF da ROTA TRANSPORTES consiste na disponibiliza\u00e7\u00e3o de trechos e servi\u00e7os espec\u00edficos, emvalores promocionais, dentro do per\u00edodo de validade estipulado. As condi\u00e7\u00f5es para elegibilidade encontram-se nositens a seguir descritos; 2. A PROMO\u00c7\u00c3O 30%OFF da ROTA TRANSPORTES estar\u00e1 dispon\u00edvel para as compras efetuadas pelo sitehttps:\/\/rotatransportes.com.br\/ e no [&hellip;]<\/p>\n","protected":false},"author":2,"featured_media":0,"parent":0,"menu_order":0,"comment_status":"closed","ping_status":"closed","template":"","meta":{"_joinchat":[],"footnotes":""},"class_list":["post-2706","page","type-page","status-publish","hentry"],"_links":{"self":[{"href":"https:\/\/www.rotatransportes.com.br\/index.php\/wp-json\/wp\/v2\/pages\/2706","targetHints":{"allow":["GET"]}}],"collection":[{"href":"https:\/\/www.rotatransportes.com.br\/index.php\/wp-json\/wp\/v2\/pages"}],"about":[{"href":"https:\/\/www.rotatransportes.com.br\/index.php\/wp-json\/wp\/v2\/types\/page"}],"author":[{"embeddable":true,"href":"https:\/\/www.rotatransportes.com.br\/index.php\/wp-json\/wp\/v2\/users\/2"}],"replies":[{"embeddable":true,"href":"https:\/\/www.rotatransportes.com.br\/index.php\/wp-json\/wp\/v2\/comments?post=2706"}],"version-history":[{"count":7,"href":"https:\/\/www.rotatransportes.com.br\/index.php\/wp-json\/wp\/v2\/pages\/2706\/revisions"}],"predecessor-version":[{"id":2715,"href":"https:\/\/www.rotatransportes.com.br\/index.php\/wp-json\/wp\/v2\/pages\/2706\/revisions\/2715"}],"wp:attachment":[{"href":"https:\/\/www.rotatransportes.com.br\/index.php\/wp-json\/wp\/v2\/media?parent=2706"}],"curies":[{"name":"wp","href":"https:\/\/api.w.org\/{rel}","templated":true}]}}