{"id":3110,"date":"2023-02-28T13:09:37","date_gmt":"2023-02-28T13:09:37","guid":{"rendered":"https:\/\/www.rotatransportes.com.br\/?page_id=3110"},"modified":"2023-04-13T20:03:08","modified_gmt":"2023-04-13T20:03:08","slug":"regulamento-20off","status":"publish","type":"page","link":"https:\/\/www.rotatransportes.com.br\/index.php\/regulamento-20off\/","title":{"rendered":"Regulamento &#8211; 20%off na Volta"},"content":{"rendered":"\t\t<div data-elementor-type=\"wp-page\" data-elementor-id=\"3110\" class=\"elementor elementor-3110\">\n\t\t\t\t\t\t\t<div class=\"elementor-element elementor-element-002a6af e-con-full e-con\" data-id=\"002a6af\" data-element_type=\"container\" data-settings=\"{&quot;content_width&quot;:&quot;full&quot;}\">\n\t\t\t\t<div class=\"elementor-element elementor-element-b217741 elementor-widget elementor-widget-spacer\" data-id=\"b217741\" data-element_type=\"widget\" data-widget_type=\"spacer.default\">\n\t\t\t\t<div class=\"elementor-widget-container\">\n\t\t\t<style>\/*! elementor - v3.8.1 - 13-11-2022 *\/\n.elementor-column .elementor-spacer-inner{height:var(--spacer-size)}.e-con{--container-widget-width:100%}.e-con-inner>.elementor-widget-spacer,.e-con>.elementor-widget-spacer{width:var(--container-widget-width,var(--spacer-size));-ms-flex-item-align:stretch;align-self:stretch;-ms-flex-negative:0;flex-shrink:0}.e-con-inner>.elementor-widget-spacer>.elementor-widget-container,.e-con-inner>.elementor-widget-spacer>.elementor-widget-container>.elementor-spacer,.e-con>.elementor-widget-spacer>.elementor-widget-container,.e-con>.elementor-widget-spacer>.elementor-widget-container>.elementor-spacer{height:100%}.e-con-inner>.elementor-widget-spacer>.elementor-widget-container>.elementor-spacer>.elementor-spacer-inner,.e-con>.elementor-widget-spacer>.elementor-widget-container>.elementor-spacer>.elementor-spacer-inner{height:var(--container-widget-height,var(--spacer-size))}<\/style>\t\t<div class=\"elementor-spacer\">\n\t\t\t<div class=\"elementor-spacer-inner\"><\/div>\n\t\t<\/div>\n\t\t\t\t<\/div>\n\t\t\t\t<\/div>\n\t\t\t\t<\/div>\n\t\t\t\t<section class=\"elementor-section elementor-top-section elementor-element elementor-element-e8d2339 elementor-section-boxed elementor-section-height-default elementor-section-height-default\" data-id=\"e8d2339\" data-element_type=\"section\" data-settings=\"{&quot;_ha_eqh_enable&quot;:false}\">\n\t\t\t\t\t\t<div class=\"elementor-container elementor-column-gap-default\">\n\t\t\t\t\t<div class=\"elementor-column elementor-col-100 elementor-top-column elementor-element elementor-element-ed904f4\" data-id=\"ed904f4\" data-element_type=\"column\">\n\t\t\t<div class=\"elementor-widget-wrap elementor-element-populated\">\n\t\t\t\t\t\t\t\t<div class=\"elementor-element elementor-element-e961a9e elementor-widget elementor-widget-image\" data-id=\"e961a9e\" data-element_type=\"widget\" data-widget_type=\"image.default\">\n\t\t\t\t<div class=\"elementor-widget-container\">\n\t\t\t<style>\/*! elementor - v3.8.1 - 13-11-2022 *\/\n.elementor-widget-image{text-align:center}.elementor-widget-image a{display:inline-block}.elementor-widget-image a img[src$=\".svg\"]{width:48px}.elementor-widget-image img{vertical-align:middle;display:inline-block}<\/style>\t\t\t\t\t\t\t\t\t\t\t\t<img decoding=\"async\" src=\"https:\/\/www.rotatransportes.com.br\/wp-content\/uploads\/elementor\/thumbs\/Off-20-site-RT-q2tsauly6fr9ewrp2lle18dvbt06qiklvbg8980kpk.jpg\" title=\"Off-20&#8212;site&#8212;RT\" alt=\"Off-20---site---RT\" \/>\t\t\t\t\t\t\t\t\t\t\t\t\t\t\t<\/div>\n\t\t\t\t<\/div>\n\t\t\t\t<section class=\"elementor-section elementor-inner-section elementor-element elementor-element-cd0a936 elementor-section-boxed elementor-section-height-default elementor-section-height-default\" data-id=\"cd0a936\" data-element_type=\"section\" data-settings=\"{&quot;_ha_eqh_enable&quot;:false}\">\n\t\t\t\t\t\t<div class=\"elementor-container elementor-column-gap-default\">\n\t\t\t\t\t<div class=\"elementor-column elementor-col-100 elementor-inner-column elementor-element elementor-element-856d0d4\" data-id=\"856d0d4\" data-element_type=\"column\">\n\t\t\t<div class=\"elementor-widget-wrap elementor-element-populated\">\n\t\t\t\t\t\t\t\t<div class=\"elementor-element elementor-element-d3950f7 elementor-widget elementor-widget-heading\" data-id=\"d3950f7\" data-element_type=\"widget\" data-widget_type=\"heading.default\">\n\t\t\t\t<div class=\"elementor-widget-container\">\n\t\t\t<style>\/*! elementor - v3.8.1 - 13-11-2022 *\/\n.elementor-heading-title{padding:0;margin:0;line-height:1}.elementor-widget-heading .elementor-heading-title[class*=elementor-size-]>a{color:inherit;font-size:inherit;line-height:inherit}.elementor-widget-heading .elementor-heading-title.elementor-size-small{font-size:15px}.elementor-widget-heading .elementor-heading-title.elementor-size-medium{font-size:19px}.elementor-widget-heading .elementor-heading-title.elementor-size-large{font-size:29px}.elementor-widget-heading .elementor-heading-title.elementor-size-xl{font-size:39px}.elementor-widget-heading .elementor-heading-title.elementor-size-xxl{font-size:59px}<\/style><h4 class=\"elementor-heading-title elementor-size-default\">REGULAMENTO PROMO\u00c7\u00c3O 20% OFF<\/h4>\t\t<\/div>\n\t\t\t\t<\/div>\n\t\t\t\t<div class=\"elementor-element elementor-element-a55c3b0 elementor-widget elementor-widget-text-editor\" data-id=\"a55c3b0\" data-element_type=\"widget\" data-widget_type=\"text-editor.default\">\n\t\t\t\t<div class=\"elementor-widget-container\">\n\t\t\t<style>\/*! elementor - v3.8.1 - 13-11-2022 *\/\n.elementor-widget-text-editor.elementor-drop-cap-view-stacked .elementor-drop-cap{background-color:#818a91;color:#fff}.elementor-widget-text-editor.elementor-drop-cap-view-framed .elementor-drop-cap{color:#818a91;border:3px solid;background-color:transparent}.elementor-widget-text-editor:not(.elementor-drop-cap-view-default) .elementor-drop-cap{margin-top:8px}.elementor-widget-text-editor:not(.elementor-drop-cap-view-default) .elementor-drop-cap-letter{width:1em;height:1em}.elementor-widget-text-editor .elementor-drop-cap{float:left;text-align:center;line-height:1;font-size:50px}.elementor-widget-text-editor .elementor-drop-cap-letter{display:inline-block}<\/style>\t\t\t\t<p>1. A promo\u00e7\u00e3o<b> 20% OFF da ROTA TRANSPORTES<\/b> consiste na disponibiliza\u00e7\u00e3o de trechos e servi\u00e7os espec\u00edficos, em valores promocionais, dentro do per\u00edodo de validade estipulado. As condi\u00e7\u00f5es para elegibilidade encontram-se nos itens a seguir descritos;<\/p>\n<p>2. <b>A PROMO\u00c7\u00c3O 20% OFF da ROTA TRANSPORTES<\/b> estar\u00e1 dispon\u00edvel para as compras efetuadas pelo site https:\/\/rotatransportes.com.br\/ no APP oficial Rota Transportes e nas ag\u00eancias f\u00edsicas;<\/p>\n<p>3. <b>A PROMO\u00c7\u00c3O 20% OFF<\/b>, estar\u00e1 dispon\u00edvel para os clientes que efetuarem a compra simult\u00e2nea dos trechos de <b>IDA e VOLTA<\/b> de um dos itiner\u00e1rios previstos no item 11;<br>4. Ao adquirir a compra dos trechos de ida e de volta (de um dos itiner\u00e1rios previstos no item 11 da <b>PROMO\u00c7\u00c3O 20% OFF<\/b>), ser\u00e1 concedido, automaticamente, o desconto de 20% exclusivamente na tarifa de passagem referente ao<b> TRECHO DE VOLTA<\/b>, em hor\u00e1rio espec\u00edfico escolhido no momento da compra;<\/p>\n<p>5. N\u00e3o ser\u00e1 aplicado desconto na tarifa da passagem do <b>TRECHO DE IDA<\/b>, nem nas tarifas de ped\u00e1gio, seguro facultativo e de utiliza\u00e7\u00e3o de terminais de ambos os trechos<b> (IDA E VOLTA)<\/b>;<\/p>\n<p>6. N\u00e3o ser\u00e1 concedido o desconto nas aquisi\u00e7\u00f5es dos trechos de ida e de volta efetuadas separadamente;<br>7. A tarifa promocional ser\u00e1 v\u00e1lida<b> SOMENTE<\/b> para a data, hor\u00e1rio, linha e trajeto constante no bilhete de passagem, referente ao <b>TRECHO DE VOLTA<\/b> adquirido na <b>PROMO\u00c7\u00c3O 20% OFF<\/b>, conforme seus termos e condi\u00e7\u00f5es;<\/p>\n<p>8. Para remarca\u00e7\u00e3o, o cliente fica desde j\u00e1 ciente de que, em sendo o valor menor do que a compra origin\u00e1ria, em raz\u00e3o da compra adquirida ter sido em valor promocional, n\u00e3o ser\u00e1 eleg\u00edvel ao reembolso da diferen\u00e7a. J\u00e1 se o valor da remarca\u00e7\u00e3o for superior ao valor originariamente pago, dever\u00e1 observar o valor da tarifa vigente para a nova data desejada, efetuando o pagamento da diferen\u00e7a de valor, inclusive de ped\u00e1gio, seguro facultativo e de utiliza\u00e7\u00e3o de terminais, quando houver;<\/p>\n<p>9.1 A remarca\u00e7\u00e3o de viagens adquiridas na<b> PROMO\u00c7\u00c3O 20% OFF<\/b> no trecho interestadual, somente ser\u00e1 eleg\u00edvel para remarca\u00e7\u00e3o em outro trecho interestadual, enquanto a remarca\u00e7\u00e3o de viagem em trecho intermunicipal adquirida na vig\u00eancia da promo\u00e7\u00e3o, somente ser\u00e1 eleg\u00edvel para remarca\u00e7\u00e3o em outro trecho intermunicipal, desde que observada as 3 (tr\u00eas) horas de anteced\u00eancia prevista;<\/p>\n<p>9. Para cancelamento, o cliente dever\u00e1 solicitar em at\u00e9 3 (tr\u00eas) horas de anteced\u00eancia da viagem, observando as regras e condi\u00e7\u00f5es previstas para o reembolso, sendo o valor a ser reembolsado o mesmo valor pago pelo cliente a \u00e9poca da aquisi\u00e7\u00e3o da tarifa na <b>PROMO\u00c7\u00c3O 20% OFF<\/b>;<\/p>\n<p>10. Os bilhetes de passagem<b> (IDA E VOLTA)<\/b> adquiridos na <b>PROMO\u00c7\u00c3O 20% OFF<\/b> s\u00e3o para uso pessoal sendo, portanto, intransfer\u00edvel;<\/p>\n<p>11. Os descontos da<b> PROMO\u00c7\u00c3O 20% OFF <\/b>s\u00e3o v\u00e1lidos t\u00e3o somente para os seguintes trechos e servi\u00e7os:<\/p>\n<ul>\n<li>\u2022 Ilh\u00e9us X Teixeira de Freitas<\/li>\n<li>\u2022&nbsp;Ilh\u00e9us X Itamaraju<\/li>\n<li>\u2022&nbsp;Ilh\u00e9us x Vit\u00f3ria da Conquista<\/li>\n<li>\u2022&nbsp;Ilh\u00e9us X Porto Seguro<\/li><li>\u2022 Itabuna X Alagoinhas<br><\/li>\n<li>\u2022&nbsp;Itabuna X Teixeira de Freitas<\/li>\n<li>\u2022&nbsp;Itabuna X Itamaraju<\/li>\n<li>\u2022&nbsp;Itabuna X Vit\u00f3ria da Conquista<\/li>\n<li>\u2022&nbsp;Itabuna X Porto Seguro<\/li>\n<li>\u2022&nbsp;Itabuna X Jequi\u00e9<\/li>\n<li>\u2022&nbsp;Itabuna X Feira de Santana<\/li>\n<li>\u2022&nbsp;Itabuna X Aracaju<\/li>\n<li>\u2022&nbsp;Itacar\u00e9 X Vit\u00f3ria da Conquista<\/li>\n<li>\u2022&nbsp;Itacar\u00e9 X Itapetinga<\/li>\n<li>\u2022&nbsp;Itacar\u00e9 x Porto Seguro<\/li>\n<li>\u2022&nbsp;Jequi\u00e9 X Porto Seguro<\/li>\n<li>\u2022&nbsp;Salvador X Aracaju<\/li><li><span style=\"background-color: transparent;\">\u2022&nbsp;Salvador X Macei\u00f3<\/span><br><\/li>\n<li>\u2022&nbsp;Salvador X Jo\u00e3o Pessoa<\/li>\n<li>\u2022&nbsp;Salvador X Senhor do Bonfim<\/li>\n<li>\u2022&nbsp;Salvador X Juazeiro<\/li>\n<li>\u2022&nbsp;Salvador X Arapiraca<\/li>\n<li>\u2022&nbsp;Feira de Santana X Aracaju<\/li>\n<li>\u2022&nbsp;Feira de Santana X Senhor do Bonfim<\/li>\n<li>\u2022&nbsp;Feira de Santana X Juazeiro<\/li><li>\u2022 Alagoinhas X Itabuna<br><\/li>\n<li>\u2022&nbsp;Aracaju X Irec\u00ea<\/li>\n<li>\u2022&nbsp;Aracaju X Paulo Afonso<\/li>\n<li>\u2022&nbsp;Aracaju X Morro do Chap\u00e9u<br><br><\/li>\n<\/ul>\n<p>12. <b>A ROTA TRANSPORTES <\/b>estabelecer\u00e1 os hor\u00e1rios e poltronas dispon\u00edveis para as ofertas nos itiner\u00e1rios de Ida e Volta e per\u00edodos supramencionados, ficando a crit\u00e9rio exclusivo da Empresa a quantidade de poltronas e as condi\u00e7\u00f5es e hor\u00e1rios para concess\u00e3o dos descontos promocionais;<\/p>\n<p>13. A mera participa\u00e7\u00e3o nesta promo\u00e7\u00e3o caracteriza a aceita\u00e7\u00e3o dos termos e condi\u00e7\u00f5es revistos neste regulamento;<\/p>\n<p>14. Promo\u00e7\u00e3o v\u00e1lida para compras realizadas no per\u00edodo de <b>28\/02\/2023 at\u00e9 01\/04\/2023<\/b> de bilhetes com <b>embarques estabelecidos entre<\/b> <b>28\/02\/2023 at\u00e9 04\/04\/2023.<\/b><\/p>\n<p>15. Promo\u00e7\u00e3o n\u00e3o cumulativa;<\/p>\n<p>16. Promo\u00e7\u00e3o v\u00e1lida para o per\u00edodo de<b> 28\/02\/2023 a 04\/04\/2023<\/b>, sujeita a altera\u00e7\u00e3o e\/ou cancelamento sem aviso pr\u00e9vio.<\/p>\n<p>17. Promo\u00e7\u00e3o v\u00e1lida somente para os servi\u00e7os <b>Executivo e Semileito<\/b>.<\/p>\n<p>18. A empresa se reserva ao direito de interrup\u00e7\u00e3o da<b> PROMO\u00c7\u00c3O 20% OFF <\/b>a qualquer momento sem aviso pr\u00e9vio, assegurado o direito de compra j\u00e1 efetuada, desde que em conformidade com as condi\u00e7\u00f5es previstas na <b>PROMO\u00c7\u00c3O 20% OFF.<\/b><\/p>\t\t\t\t\t\t<\/div>\n\t\t\t\t<\/div>\n\t\t\t\t<div class=\"elementor-element elementor-element-542126a elementor-widget elementor-widget-text-editor\" data-id=\"542126a\" data-element_type=\"widget\" data-widget_type=\"text-editor.default\">\n\t\t\t\t<div class=\"elementor-widget-container\">\n\t\t\t\t\t\t\t\t\t\t\t\t\t<\/div>\n\t\t\t\t<\/div>\n\t\t\t\t<div class=\"elementor-element elementor-element-45d8f91 elementor-widget elementor-widget-text-editor\" data-id=\"45d8f91\" data-element_type=\"widget\" data-widget_type=\"text-editor.default\">\n\t\t\t\t<div class=\"elementor-widget-container\">\n\t\t\t\t\t\t\t<p style=\"margin: 0cm 0cm 0.0001pt 0.5pt; text-align: justify; line-height: normal; background-image: initial; background-position: initial; background-size: initial; background-repeat: initial; background-attachment: initial; background-origin: initial; background-clip: initial;\"><span style=\"mso-bidi-font-size: 12.0pt; font-family: Roboto; mso-fareast-font-family: 'Times New Roman'; mso-bidi-font-family: 'Times New Roman';\">Para mais informa\u00e7\u00f5es, entre e contato com o nosso\u00a0<b>SAC: 0800 075 0010<\/b><\/span><\/p><p style=\"margin: 0cm 0cm 0.0001pt 0.5pt; text-align: justify; line-height: normal; background-image: initial; background-position: initial; background-size: initial; background-repeat: initial; background-attachment: initial; background-origin: initial; background-clip: initial;\"><b><span style=\"mso-bidi-font-size: 12.0pt; font-family: Roboto; mso-fareast-font-family: 'Times New Roman'; mso-bidi-font-family: 'Times New Roman';\">\u00a0<\/span><\/b><\/p><p style=\"margin: 0cm 0cm 0.0001pt 0.5pt; text-align: justify; line-height: normal; background-image: initial; background-position: initial; background-size: initial; background-repeat: initial; background-attachment: initial; background-origin: initial; background-clip: initial;\"><span style=\"font-family: var( --e-global-typography-text-font-family ), Sans-serif; font-weight: var( --e-global-typography-text-font-weight ); font-size: 1rem;\">Rota Transportes, com voc\u00ea nos caminhos da vida.<\/span><\/p><p style=\"margin: 0cm 0cm 0.0001pt 0.5pt; text-align: justify; line-height: normal; background-image: initial; background-position: initial; background-size: initial; background-repeat: initial; background-attachment: initial; background-origin: initial; background-clip: initial;\">\u00a0<\/p><p style=\"margin: 0cm 0cm 0.0001pt 0.5pt; text-align: justify; line-height: normal; background-image: initial; background-position: initial; background-size: initial; background-repeat: initial; background-attachment: initial; background-origin: initial; background-clip: initial;\"><span style=\"font-family: var( --e-global-typography-text-font-family ), Sans-serif; font-weight: var( --e-global-typography-text-font-weight ); font-size: 1rem;\">\u00a0<\/span><\/p><p style=\"margin: 0cm 0cm 0.0001pt 0.5pt; text-align: justify; line-height: normal; background-image: initial; background-position: initial; background-size: initial; background-repeat: initial; background-attachment: initial; background-origin: initial; background-clip: initial;\">\u00a0<\/p><p style=\"margin-bottom: .0001pt; text-align: justify;\">\u00a0<\/p>\t\t\t\t\t\t<\/div>\n\t\t\t\t<\/div>\n\t\t\t\t\t<\/div>\n\t\t<\/div>\n\t\t\t\t\t\t\t<\/div>\n\t\t<\/section>\n\t\t\t\t\t<\/div>\n\t\t<\/div>\n\t\t\t\t\t\t\t<\/div>\n\t\t<\/section>\n\t\t\t\t\t\t\t<\/div>\n\t\t","protected":false},"excerpt":{"rendered":"<p>REGULAMENTO PROMO\u00c7\u00c3O 20% OFF 1. A promo\u00e7\u00e3o 20% OFF da ROTA TRANSPORTES consiste na disponibiliza\u00e7\u00e3o de trechos e servi\u00e7os espec\u00edficos, em valores promocionais, dentro do per\u00edodo de validade estipulado. As condi\u00e7\u00f5es para elegibilidade encontram-se nos itens a seguir descritos; 2. A PROMO\u00c7\u00c3O 20% OFF da ROTA TRANSPORTES estar\u00e1 dispon\u00edvel para as compras efetuadas pelo site [&hellip;]<\/p>\n","protected":false},"author":2,"featured_media":0,"parent":0,"menu_order":0,"comment_status":"closed","ping_status":"closed","template":"","meta":{"_joinchat":[],"footnotes":""},"class_list":["post-3110","page","type-page","status-publish","hentry"],"_links":{"self":[{"href":"https:\/\/www.rotatransportes.com.br\/index.php\/wp-json\/wp\/v2\/pages\/3110","targetHints":{"allow":["GET"]}}],"collection":[{"href":"https:\/\/www.rotatransportes.com.br\/index.php\/wp-json\/wp\/v2\/pages"}],"about":[{"href":"https:\/\/www.rotatransportes.com.br\/index.php\/wp-json\/wp\/v2\/types\/page"}],"author":[{"embeddable":true,"href":"https:\/\/www.rotatransportes.com.br\/index.php\/wp-json\/wp\/v2\/users\/2"}],"replies":[{"embeddable":true,"href":"https:\/\/www.rotatransportes.com.br\/index.php\/wp-json\/wp\/v2\/comments?post=3110"}],"version-history":[{"count":29,"href":"https:\/\/www.rotatransportes.com.br\/index.php\/wp-json\/wp\/v2\/pages\/3110\/revisions"}],"predecessor-version":[{"id":3283,"href":"https:\/\/www.rotatransportes.com.br\/index.php\/wp-json\/wp\/v2\/pages\/3110\/revisions\/3283"}],"wp:attachment":[{"href":"https:\/\/www.rotatransportes.com.br\/index.php\/wp-json\/wp\/v2\/media?parent=3110"}],"curies":[{"name":"wp","href":"https:\/\/api.w.org\/{rel}","templated":true}]}}