{"id":3302,"date":"2023-04-27T10:14:28","date_gmt":"2023-04-27T10:14:28","guid":{"rendered":"https:\/\/www.rotatransportes.com.br\/?page_id=3302"},"modified":"2026-03-25T08:33:22","modified_gmt":"2026-03-25T11:33:22","slug":"regulamento-promocao-20-off_marco-2023","status":"publish","type":"page","link":"https:\/\/www.rotatransportes.com.br\/index.php\/regulamento-promocao-20-off_marco-2023\/","title":{"rendered":"Regulamento &#8211; Promo\u00e7\u00e3o 20% OFF_Mar\u00e7o 2023"},"content":{"rendered":"\t\t<div data-elementor-type=\"wp-page\" data-elementor-id=\"3302\" class=\"elementor elementor-3302\">\n\t\t\t\t\t\t\t<div class=\"elementor-element elementor-element-002a6af e-con-full e-con\" data-id=\"002a6af\" data-element_type=\"container\" data-settings=\"{&quot;content_width&quot;:&quot;full&quot;}\">\n\t\t\t\t<div class=\"elementor-element elementor-element-b217741 elementor-widget elementor-widget-spacer\" data-id=\"b217741\" data-element_type=\"widget\" data-widget_type=\"spacer.default\">\n\t\t\t\t<div class=\"elementor-widget-container\">\n\t\t\t<style>\/*! elementor - v3.8.1 - 13-11-2022 *\/\n.elementor-column .elementor-spacer-inner{height:var(--spacer-size)}.e-con{--container-widget-width:100%}.e-con-inner>.elementor-widget-spacer,.e-con>.elementor-widget-spacer{width:var(--container-widget-width,var(--spacer-size));-ms-flex-item-align:stretch;align-self:stretch;-ms-flex-negative:0;flex-shrink:0}.e-con-inner>.elementor-widget-spacer>.elementor-widget-container,.e-con-inner>.elementor-widget-spacer>.elementor-widget-container>.elementor-spacer,.e-con>.elementor-widget-spacer>.elementor-widget-container,.e-con>.elementor-widget-spacer>.elementor-widget-container>.elementor-spacer{height:100%}.e-con-inner>.elementor-widget-spacer>.elementor-widget-container>.elementor-spacer>.elementor-spacer-inner,.e-con>.elementor-widget-spacer>.elementor-widget-container>.elementor-spacer>.elementor-spacer-inner{height:var(--container-widget-height,var(--spacer-size))}<\/style>\t\t<div class=\"elementor-spacer\">\n\t\t\t<div class=\"elementor-spacer-inner\"><\/div>\n\t\t<\/div>\n\t\t\t\t<\/div>\n\t\t\t\t<\/div>\n\t\t\t\t<\/div>\n\t\t\t\t<section class=\"elementor-section elementor-top-section elementor-element elementor-element-e8d2339 elementor-section-boxed elementor-section-height-default elementor-section-height-default\" data-id=\"e8d2339\" data-element_type=\"section\" data-settings=\"{&quot;_ha_eqh_enable&quot;:false}\">\n\t\t\t\t\t\t<div class=\"elementor-container elementor-column-gap-default\">\n\t\t\t\t\t<div class=\"elementor-column elementor-col-100 elementor-top-column elementor-element elementor-element-ed904f4\" data-id=\"ed904f4\" data-element_type=\"column\">\n\t\t\t<div class=\"elementor-widget-wrap elementor-element-populated\">\n\t\t\t\t\t\t\t\t<div class=\"elementor-element elementor-element-e961a9e elementor-widget elementor-widget-image\" data-id=\"e961a9e\" data-element_type=\"widget\" data-widget_type=\"image.default\">\n\t\t\t\t<div class=\"elementor-widget-container\">\n\t\t\t<style>\/*! elementor - v3.8.1 - 13-11-2022 *\/\n.elementor-widget-image{text-align:center}.elementor-widget-image a{display:inline-block}.elementor-widget-image a img[src$=\".svg\"]{width:48px}.elementor-widget-image img{vertical-align:middle;display:inline-block}<\/style>\t\t\t\t\t\t\t\t\t\t\t\t<img decoding=\"async\" src=\"https:\/\/www.rotatransportes.com.br\/wp-content\/uploads\/elementor\/thumbs\/Rota-Off-20-Site-2023-q5mj94vcbsmtqo58bbnrh9y38wou47jwy855sa5i3c.jpg\" title=\"Rota&#8212;Off-20&#8212;Site&#8212;2023\" alt=\"Rota---Off-20---Site---2023\" \/>\t\t\t\t\t\t\t\t\t\t\t\t\t\t\t<\/div>\n\t\t\t\t<\/div>\n\t\t\t\t<section class=\"elementor-section elementor-inner-section elementor-element elementor-element-cd0a936 elementor-section-boxed elementor-section-height-default elementor-section-height-default\" data-id=\"cd0a936\" data-element_type=\"section\" data-settings=\"{&quot;_ha_eqh_enable&quot;:false}\">\n\t\t\t\t\t\t<div class=\"elementor-container elementor-column-gap-default\">\n\t\t\t\t\t<div class=\"elementor-column elementor-col-100 elementor-inner-column elementor-element elementor-element-856d0d4\" data-id=\"856d0d4\" data-element_type=\"column\">\n\t\t\t<div class=\"elementor-widget-wrap elementor-element-populated\">\n\t\t\t\t\t\t\t\t<div class=\"elementor-element elementor-element-d3950f7 elementor-widget elementor-widget-heading\" data-id=\"d3950f7\" data-element_type=\"widget\" data-widget_type=\"heading.default\">\n\t\t\t\t<div class=\"elementor-widget-container\">\n\t\t\t<style>\/*! elementor - v3.8.1 - 13-11-2022 *\/\n.elementor-heading-title{padding:0;margin:0;line-height:1}.elementor-widget-heading .elementor-heading-title[class*=elementor-size-]>a{color:inherit;font-size:inherit;line-height:inherit}.elementor-widget-heading .elementor-heading-title.elementor-size-small{font-size:15px}.elementor-widget-heading .elementor-heading-title.elementor-size-medium{font-size:19px}.elementor-widget-heading .elementor-heading-title.elementor-size-large{font-size:29px}.elementor-widget-heading .elementor-heading-title.elementor-size-xl{font-size:39px}.elementor-widget-heading .elementor-heading-title.elementor-size-xxl{font-size:59px}<\/style><h4 class=\"elementor-heading-title elementor-size-default\">REGULAMENTO PROMO\u00c7\u00c3O 20% OFF <\/h4>\t\t<\/div>\n\t\t\t\t<\/div>\n\t\t\t\t<div class=\"elementor-element elementor-element-a55c3b0 elementor-widget elementor-widget-text-editor\" data-id=\"a55c3b0\" data-element_type=\"widget\" data-widget_type=\"text-editor.default\">\n\t\t\t\t<div class=\"elementor-widget-container\">\n\t\t\t<style>\/*! elementor - v3.8.1 - 13-11-2022 *\/\n.elementor-widget-text-editor.elementor-drop-cap-view-stacked .elementor-drop-cap{background-color:#818a91;color:#fff}.elementor-widget-text-editor.elementor-drop-cap-view-framed .elementor-drop-cap{color:#818a91;border:3px solid;background-color:transparent}.elementor-widget-text-editor:not(.elementor-drop-cap-view-default) .elementor-drop-cap{margin-top:8px}.elementor-widget-text-editor:not(.elementor-drop-cap-view-default) .elementor-drop-cap-letter{width:1em;height:1em}.elementor-widget-text-editor .elementor-drop-cap{float:left;text-align:center;line-height:1;font-size:50px}.elementor-widget-text-editor .elementor-drop-cap-letter{display:inline-block}<\/style>\t\t\t\t<ol>\n<li>\n<ol>\n<li>\n<div class=\"WordSection1\">\n<ol style=\"padding-left: 25px; color: #333333; font-family: 'Helvetica Neue', Helvetica, Arial, sans-serif; font-size: medium;\">\n<li style=\"margin-bottom: 18px; text-align: justify; padding-left: 5px;\">\n<p style=\"color: rgb(68, 68, 68); font-family: Arial, Helvetica, sans-serif; font-size: medium;\">1. A&nbsp;<strong>promo\u00e7\u00e3o 20% OFF<\/strong>&nbsp;da&nbsp;<strong>ROTA TRANSPORTES<\/strong>&nbsp;consiste na disponibiliza\u00e7\u00e3o de trechos e servi\u00e7os, em valores promocionais, dentro do per\u00edodo de validade estipulado. As condi\u00e7\u00f5es para elegibilidade encontram-se nos itens a seguir descritos;<\/p><p style=\"color: rgb(68, 68, 68); font-family: Arial, Helvetica, sans-serif; font-size: medium;\">2. A&nbsp;<strong>PROMO\u00c7\u00c3O 20% OFF<\/strong>&nbsp;da&nbsp;<strong>ROTA TRANSPORTES<\/strong>&nbsp;estar\u00e1 dispon\u00edvel para as compras efetuadas pelo site&nbsp;<a href=\"https:\/\/rotatransportes.com.br\/\" target=\"_blank\" style=\"color: rgb(0, 74, 153); font-weight: bold;\">rotatransportes.com.br<\/a>, no APP oficial Rota Transportes e nas ag\u00eancias f\u00edsicas da Rota Transportes;<\/p><p style=\"color: rgb(68, 68, 68); font-family: Arial, Helvetica, sans-serif; font-size: medium;\">3. Ao adquirir a compra dos trechos de ida e de volta, ser\u00e1 concedido, automaticamente, o&nbsp;<strong>desconto de 20% exclusivamente na tarifa de passagem referente ao TRECHO DE VOLTA<\/strong>, em hor\u00e1rio espec\u00edfico escolhido no momento da compra;<\/p><p style=\"color: rgb(68, 68, 68); font-family: Arial, Helvetica, sans-serif; font-size: medium;\">4. N\u00e3o ser\u00e1 aplicado desconto na tarifa da passagem do TRECHO DE IDA, nem nas tarifas de ped\u00e1gio, seguro facultativo e de utiliza\u00e7\u00e3o de terminais de ambos os trechos (IDA E VOLTA);<\/p><p style=\"color: rgb(68, 68, 68); font-family: Arial, Helvetica, sans-serif; font-size: medium;\">5. N\u00e3o ser\u00e1 concedido o desconto nas aquisi\u00e7\u00f5es dos trechos de ida e de volta efetuadas separadamente;<\/p><p style=\"color: rgb(68, 68, 68); font-family: Arial, Helvetica, sans-serif; font-size: medium;\">6. A tarifa promocional ser\u00e1 v\u00e1lida&nbsp;<strong>SOMENTE<\/strong>&nbsp;para a data, hor\u00e1rio, linha e trajeto constante no bilhete de passagem, referente ao&nbsp;<strong>TRECHO DE VOLTA<\/strong>&nbsp;adquirido na PROMO\u00c7\u00c3O 20% OFF, conforme seus termos e condi\u00e7\u00f5es;<\/p><p style=\"color: rgb(68, 68, 68); font-family: Arial, Helvetica, sans-serif; font-size: medium;\">7. Para remarca\u00e7\u00e3o, o cliente fica desde j\u00e1 ciente de que, em sendo o valor menor do que a compra origin\u00e1ria, em raz\u00e3o da compra adquirida ter sido em valor promocional, n\u00e3o ser\u00e1 eleg\u00edvel ao reembolso da diferen\u00e7a. J\u00e1 se o valor da remarca\u00e7\u00e3o for superior ao valor originariamente pago, dever\u00e1 observar o valor da tarifa vigente para a nova data desejada, efetuando o pagamento da diferen\u00e7a de valor, inclusive de ped\u00e1gio, seguro facultativo e de utiliza\u00e7\u00e3o de terminais, quando houver;<\/p><p style=\"color: rgb(68, 68, 68); font-family: Arial, Helvetica, sans-serif; font-size: medium; margin-left: 30px;\"><strong>7.1<\/strong>&nbsp;A remarca\u00e7\u00e3o de viagens adquiridas na PROMO\u00c7\u00c3O 20% OFF no trecho interestadual, somente ser\u00e1 eleg\u00edvel para remarca\u00e7\u00e3o em outro trecho interestadual, enquanto a remarca\u00e7\u00e3o de viagem em trecho intermunicipal adquirida na vig\u00eancia da promo\u00e7\u00e3o, somente ser\u00e1 eleg\u00edvel para remarca\u00e7\u00e3o em outro trecho intermunicipal, desde que observada as 3 (tr\u00eas) horas de anteced\u00eancia prevista;<\/p><p style=\"color: rgb(68, 68, 68); font-family: Arial, Helvetica, sans-serif; font-size: medium; margin-left: 30px;\"><strong>7.2<\/strong>&nbsp;A remarca\u00e7\u00e3o, ap\u00f3s as 3h de anteced\u00eancia do embarque contratado, ensejar\u00e1 em aplica\u00e7\u00e3o de taxas sobre o valor original da tarifa, seguindo as regras e percentuais previstos para remarca\u00e7\u00e3o que n\u00e3o obede\u00e7am \u00e0s 3h anteriores ao hor\u00e1rio de embarque. (vide maiores informa\u00e7\u00f5es em:&nbsp;<a href=\"https:\/\/www.rotatransportes.com.br\/index.php\/informacoes\/\" style=\"color: rgb(0, 74, 153);\">informa\u00e7\u00f5es<\/a>);<\/p><p style=\"color: rgb(68, 68, 68); font-family: Arial, Helvetica, sans-serif; font-size: medium;\">8. Para cancelamento, o cliente dever\u00e1 solicitar em at\u00e9 3 (tr\u00eas) horas de anteced\u00eancia da viagem, observando as regras e condi\u00e7\u00f5es previstas para o reembolso que versam sobre aplica\u00e7\u00e3o e taxas e multas para cancelamentos em linhas intermunicipais e interestaduais, sendo o valor a ser reembolsado o mesmo valor pago pelo cliente a \u00e9poca da aquisi\u00e7\u00e3o da tarifa na PROMO\u00c7\u00c3O 20% OFF;<\/p><p style=\"color: rgb(68, 68, 68); font-family: Arial, Helvetica, sans-serif; font-size: medium;\">9. Os bilhetes de passagem (IDA E VOLTA) adquiridos na PROMO\u00c7\u00c3O 20% OFF s\u00e3o para uso pessoal sendo, portanto,&nbsp;<strong>intransfer\u00edvel<\/strong>;<\/p><p style=\"color: rgb(68, 68, 68); font-family: Arial, Helvetica, sans-serif; font-size: medium;\">10. Os descontos da PROMO\u00c7\u00c3O 20% OFF s\u00e3o v\u00e1lidos para todos os trechos e servi\u00e7os;<\/p><p style=\"color: rgb(68, 68, 68); font-family: Arial, Helvetica, sans-serif; font-size: medium;\">11. A&nbsp;<strong>ROTA TRANSPORTES<\/strong>&nbsp;estabelecer\u00e1 os hor\u00e1rios e poltronas dispon\u00edveis para as ofertas nos itiner\u00e1rios de Ida e Volta e per\u00edodos indicados no item 14, ficando a crit\u00e9rio exclusivo da Empresa a quantidade de poltronas e as condi\u00e7\u00f5es e hor\u00e1rios para concess\u00e3o dos descontos promocionais;<\/p><p style=\"color: rgb(68, 68, 68); font-family: Arial, Helvetica, sans-serif; font-size: medium;\">12. A mera participa\u00e7\u00e3o nesta promo\u00e7\u00e3o caracteriza a aceita\u00e7\u00e3o dos termos e condi\u00e7\u00f5es revistos neste regulamento;<\/p><div style=\"color: rgb(68, 68, 68); font-family: Arial, Helvetica, sans-serif; font-size: medium; background-color: rgb(244, 244, 244); padding: 20px; border-radius: 8px; margin: 20px 0px;\"><p><strong>13. Promo\u00e7\u00e3o v\u00e1lida para compras de 01\/12\/2025 a 13\/01\/2027<\/strong>, mediante a disponibiliza\u00e7\u00e3o de hor\u00e1rios para vendas,&nbsp;<strong>EXCETO:<\/strong><\/p><ul style=\"font-size: 13px; color: rgb(85, 85, 85);\"><li>De 09\/03\/26 a 15\/03\/26; de 25\/03 a 26\/03\/26; de 28\/04 a 29\/04\/26; de 12\/05 a 15\/05\/26; de 25\/05 a 29\/05\/26.<\/li><\/ul><p><strong>14. Promo\u00e7\u00e3o v\u00e1lida para embarques de 01\/12\/2025 a 06\/01\/2027<\/strong>,&nbsp;<strong>EXCETO:<\/strong><\/p><ul style=\"font-size: 13px; color: rgb(85, 85, 85);\"><li>De 15\/12\/25 a 11\/01\/26; de 11\/02\/26 a 23\/02\/26; de 02\/04\/26 a 06\/04\/26; de 16\/04\/26 a 22\/04\/26; de 30\/04\/26 a 04\/05\/26; de 08\/05\/26 a 11\/05\/26; de 03\/06\/26 a 08\/06\/26; de 17\/06\/26 a 06\/07\/26; de 03\/09\/26 a 08\/09\/26; de 01\/10\/26 a 05\/10\/26; de 08\/10\/26 a 13\/10\/26; de 29\/10\/26 a 03\/11\/26; de 19\/11\/26 a 23\/11\/26; de 17\/12\/26 a 05\/01\/27.<\/li><\/ul><\/div><p style=\"color: rgb(68, 68, 68); font-family: Arial, Helvetica, sans-serif; font-size: medium;\">15. Promo\u00e7\u00e3o n\u00e3o cumulativa;<\/p><p style=\"color: rgb(68, 68, 68); font-family: Arial, Helvetica, sans-serif; font-size: medium;\">16. A empresa se reserva ao direito de interrup\u00e7\u00e3o da&nbsp;<strong>PROMO\u00c7\u00c3O 20% OFF<\/strong>&nbsp;a qualquer momento sem aviso pr\u00e9vio, assegurado o direito de compra j\u00e1 efetuada, desde que em conformidade com as condi\u00e7\u00f5es previstas na PROMO\u00c7\u00c3O 20% OFF.<\/p><div style=\"color: rgb(68, 68, 68); font-family: Arial, Helvetica, sans-serif; font-size: medium; margin-top: 40px; text-align: center; border-top: 1px solid rgb(221, 221, 221); padding-top: 20px;\"><p style=\"font-weight: bold; color: rgb(0, 74, 153); margin-bottom: 5px;\">Para mais informa\u00e7\u00f5es, entre em contato com o nosso SAC: 0800 075 0010<\/p><p style=\"font-weight: bold; text-transform: uppercase;\">Rota Transportes, com voc\u00ea nos caminhos da vida.<\/p><\/div><\/li><\/ol>\n<p class=\"MsoNormal\" style=\"text-align: justify;\">\n<\/p><\/div>\n<\/li>\n<\/ol>\n<\/li>\n<\/ol>\t\t\t\t\t\t<\/div>\n\t\t\t\t<\/div>\n\t\t\t\t<div class=\"elementor-element elementor-element-542126a elementor-widget elementor-widget-text-editor\" data-id=\"542126a\" data-element_type=\"widget\" data-widget_type=\"text-editor.default\">\n\t\t\t\t<div class=\"elementor-widget-container\">\n\t\t\t\t\t\t\t\t\t\t\t\t\t<\/div>\n\t\t\t\t<\/div>\n\t\t\t\t<div class=\"elementor-element elementor-element-45d8f91 elementor-widget elementor-widget-text-editor\" data-id=\"45d8f91\" data-element_type=\"widget\" data-widget_type=\"text-editor.default\">\n\t\t\t\t<div class=\"elementor-widget-container\">\n\t\t\t\t\t\t\t\t\t\t\t\t\t<\/div>\n\t\t\t\t<\/div>\n\t\t\t\t\t<\/div>\n\t\t<\/div>\n\t\t\t\t\t\t\t<\/div>\n\t\t<\/section>\n\t\t\t\t\t<\/div>\n\t\t<\/div>\n\t\t\t\t\t\t\t<\/div>\n\t\t<\/section>\n\t\t\t\t\t\t\t<\/div>\n\t\t","protected":false},"excerpt":{"rendered":"<p>REGULAMENTO PROMO\u00c7\u00c3O 20% OFF 1. A&nbsp;promo\u00e7\u00e3o 20% OFF&nbsp;da&nbsp;ROTA TRANSPORTES&nbsp;consiste na disponibiliza\u00e7\u00e3o de trechos e servi\u00e7os, em valores promocionais, dentro do per\u00edodo de validade estipulado. As condi\u00e7\u00f5es para elegibilidade encontram-se nos itens a seguir descritos; 2. A&nbsp;PROMO\u00c7\u00c3O 20% OFF&nbsp;da&nbsp;ROTA TRANSPORTES&nbsp;estar\u00e1 dispon\u00edvel para as compras efetuadas pelo site&nbsp;rotatransportes.com.br, no APP oficial Rota Transportes e nas ag\u00eancias f\u00edsicas [&hellip;]<\/p>\n","protected":false},"author":2,"featured_media":0,"parent":0,"menu_order":0,"comment_status":"closed","ping_status":"closed","template":"","meta":{"_joinchat":[],"footnotes":""},"class_list":["post-3302","page","type-page","status-publish","hentry"],"_links":{"self":[{"href":"https:\/\/www.rotatransportes.com.br\/index.php\/wp-json\/wp\/v2\/pages\/3302","targetHints":{"allow":["GET"]}}],"collection":[{"href":"https:\/\/www.rotatransportes.com.br\/index.php\/wp-json\/wp\/v2\/pages"}],"about":[{"href":"https:\/\/www.rotatransportes.com.br\/index.php\/wp-json\/wp\/v2\/types\/page"}],"author":[{"embeddable":true,"href":"https:\/\/www.rotatransportes.com.br\/index.php\/wp-json\/wp\/v2\/users\/2"}],"replies":[{"embeddable":true,"href":"https:\/\/www.rotatransportes.com.br\/index.php\/wp-json\/wp\/v2\/comments?post=3302"}],"version-history":[{"count":94,"href":"https:\/\/www.rotatransportes.com.br\/index.php\/wp-json\/wp\/v2\/pages\/3302\/revisions"}],"predecessor-version":[{"id":5243,"href":"https:\/\/www.rotatransportes.com.br\/index.php\/wp-json\/wp\/v2\/pages\/3302\/revisions\/5243"}],"wp:attachment":[{"href":"https:\/\/www.rotatransportes.com.br\/index.php\/wp-json\/wp\/v2\/media?parent=3302"}],"curies":[{"name":"wp","href":"https:\/\/api.w.org\/{rel}","templated":true}]}}