{"id":3572,"date":"2023-07-25T02:25:11","date_gmt":"2023-07-25T02:25:11","guid":{"rendered":"https:\/\/www.rotatransportes.com.br\/?page_id=3572"},"modified":"2023-07-25T02:30:10","modified_gmt":"2023-07-25T02:30:10","slug":"regulamento-cupom-rota28-aniversario-rota","status":"publish","type":"page","link":"https:\/\/www.rotatransportes.com.br\/index.php\/regulamento-cupom-rota28-aniversario-rota\/","title":{"rendered":"Regulamento &#8211; Cupom ROTA28 &#8211; Anivers\u00e1rio Rota"},"content":{"rendered":"\t\t<div data-elementor-type=\"wp-page\" data-elementor-id=\"3572\" class=\"elementor elementor-3572\">\n\t\t\t\t\t\t\t<div class=\"elementor-element elementor-element-002a6af e-con-full e-con\" data-id=\"002a6af\" data-element_type=\"container\" data-settings=\"{&quot;content_width&quot;:&quot;full&quot;}\">\n\t\t\t\t<div class=\"elementor-element elementor-element-b217741 elementor-widget elementor-widget-spacer\" data-id=\"b217741\" data-element_type=\"widget\" data-widget_type=\"spacer.default\">\n\t\t\t\t<div class=\"elementor-widget-container\">\n\t\t\t<style>\/*! elementor - v3.8.1 - 13-11-2022 *\/\n.elementor-column .elementor-spacer-inner{height:var(--spacer-size)}.e-con{--container-widget-width:100%}.e-con-inner>.elementor-widget-spacer,.e-con>.elementor-widget-spacer{width:var(--container-widget-width,var(--spacer-size));-ms-flex-item-align:stretch;align-self:stretch;-ms-flex-negative:0;flex-shrink:0}.e-con-inner>.elementor-widget-spacer>.elementor-widget-container,.e-con-inner>.elementor-widget-spacer>.elementor-widget-container>.elementor-spacer,.e-con>.elementor-widget-spacer>.elementor-widget-container,.e-con>.elementor-widget-spacer>.elementor-widget-container>.elementor-spacer{height:100%}.e-con-inner>.elementor-widget-spacer>.elementor-widget-container>.elementor-spacer>.elementor-spacer-inner,.e-con>.elementor-widget-spacer>.elementor-widget-container>.elementor-spacer>.elementor-spacer-inner{height:var(--container-widget-height,var(--spacer-size))}<\/style>\t\t<div class=\"elementor-spacer\">\n\t\t\t<div class=\"elementor-spacer-inner\"><\/div>\n\t\t<\/div>\n\t\t\t\t<\/div>\n\t\t\t\t<\/div>\n\t\t\t\t<\/div>\n\t\t\t\t<section class=\"elementor-section elementor-top-section elementor-element elementor-element-e8d2339 elementor-section-boxed elementor-section-height-default elementor-section-height-default\" data-id=\"e8d2339\" data-element_type=\"section\" data-settings=\"{&quot;_ha_eqh_enable&quot;:false}\">\n\t\t\t\t\t\t<div class=\"elementor-container elementor-column-gap-default\">\n\t\t\t\t\t<div class=\"elementor-column elementor-col-100 elementor-top-column elementor-element elementor-element-ed904f4\" data-id=\"ed904f4\" data-element_type=\"column\">\n\t\t\t<div class=\"elementor-widget-wrap elementor-element-populated\">\n\t\t\t\t\t\t\t\t<div class=\"elementor-element elementor-element-e961a9e elementor-widget elementor-widget-image\" data-id=\"e961a9e\" data-element_type=\"widget\" data-widget_type=\"image.default\">\n\t\t\t\t<div class=\"elementor-widget-container\">\n\t\t\t<style>\/*! elementor - v3.8.1 - 13-11-2022 *\/\n.elementor-widget-image{text-align:center}.elementor-widget-image a{display:inline-block}.elementor-widget-image a img[src$=\".svg\"]{width:48px}.elementor-widget-image img{vertical-align:middle;display:inline-block}<\/style>\t\t\t\t\t\t\t\t\t\t\t\t<img decoding=\"async\" src=\"https:\/\/www.rotatransportes.com.br\/wp-content\/uploads\/elementor\/thumbs\/banner28ok-q9wvvvx5wqlr44p4i6ag56zn2759c9j324adiup9zs.jpg\" title=\"banner28ok\" alt=\"banner28ok\" \/>\t\t\t\t\t\t\t\t\t\t\t\t\t\t\t<\/div>\n\t\t\t\t<\/div>\n\t\t\t\t<section class=\"elementor-section elementor-inner-section elementor-element elementor-element-cd0a936 elementor-section-boxed elementor-section-height-default elementor-section-height-default\" data-id=\"cd0a936\" data-element_type=\"section\" data-settings=\"{&quot;_ha_eqh_enable&quot;:false}\">\n\t\t\t\t\t\t<div class=\"elementor-container elementor-column-gap-default\">\n\t\t\t\t\t<div class=\"elementor-column elementor-col-100 elementor-inner-column elementor-element elementor-element-856d0d4\" data-id=\"856d0d4\" data-element_type=\"column\">\n\t\t\t<div class=\"elementor-widget-wrap elementor-element-populated\">\n\t\t\t\t\t\t\t\t<div class=\"elementor-element elementor-element-d3950f7 elementor-widget elementor-widget-heading\" data-id=\"d3950f7\" data-element_type=\"widget\" data-widget_type=\"heading.default\">\n\t\t\t\t<div class=\"elementor-widget-container\">\n\t\t\t<style>\/*! elementor - v3.8.1 - 13-11-2022 *\/\n.elementor-heading-title{padding:0;margin:0;line-height:1}.elementor-widget-heading .elementor-heading-title[class*=elementor-size-]>a{color:inherit;font-size:inherit;line-height:inherit}.elementor-widget-heading .elementor-heading-title.elementor-size-small{font-size:15px}.elementor-widget-heading .elementor-heading-title.elementor-size-medium{font-size:19px}.elementor-widget-heading .elementor-heading-title.elementor-size-large{font-size:29px}.elementor-widget-heading .elementor-heading-title.elementor-size-xl{font-size:39px}.elementor-widget-heading .elementor-heading-title.elementor-size-xxl{font-size:59px}<\/style><h4 class=\"elementor-heading-title elementor-size-default\">REGULAMENTO ANIVERS\u00c1RIO ROTA TRANSPORTES\n\nCUPOM - ROTA28<\/h4>\t\t<\/div>\n\t\t\t\t<\/div>\n\t\t\t\t<div class=\"elementor-element elementor-element-a55c3b0 elementor-widget elementor-widget-text-editor\" data-id=\"a55c3b0\" data-element_type=\"widget\" data-widget_type=\"text-editor.default\">\n\t\t\t\t<div class=\"elementor-widget-container\">\n\t\t\t<style>\/*! elementor - v3.8.1 - 13-11-2022 *\/\n.elementor-widget-text-editor.elementor-drop-cap-view-stacked .elementor-drop-cap{background-color:#818a91;color:#fff}.elementor-widget-text-editor.elementor-drop-cap-view-framed .elementor-drop-cap{color:#818a91;border:3px solid;background-color:transparent}.elementor-widget-text-editor:not(.elementor-drop-cap-view-default) .elementor-drop-cap{margin-top:8px}.elementor-widget-text-editor:not(.elementor-drop-cap-view-default) .elementor-drop-cap-letter{width:1em;height:1em}.elementor-widget-text-editor .elementor-drop-cap{float:left;text-align:center;line-height:1;font-size:50px}.elementor-widget-text-editor .elementor-drop-cap-letter{display:inline-block}<\/style>\t\t\t\t<p>1. <b>O CUPOM PROMOCIONAL ROTA28 da ROTA TRANSPORTES<\/b> consiste na disponibiliza\u00e7\u00e3o de<b> 28% <\/b>de desconto por inser\u00e7\u00e3o de c\u00f3digo promocional pr\u00e9-estabelecido, em trechos e servi\u00e7os espec\u00edficos, dentro do per\u00edodo de validade estipulado. As condi\u00e7\u00f5es para elegibilidade encontram-se nos itens a seguir descritos;<\/p><p>2. <b>O CUPOM PROMOCIONAL ROTA28 da ROTA TRANSPORTES<\/b> ser\u00e1 disponibilizado apenas para compras efetivadas no site https:\/\/www.rotatransportes.com.br e pelo <b>APP<\/b> oficial da Rota Transportes dispon\u00edvel para <b>android <\/b>e <b>iOS<\/b>;<\/p><p>3. Os<b> 28%<\/b> de desconto da campanha promocional com cupom de desconto <b>(ROTA28)<\/b> ser\u00e3o aplicados apenas sobre as tarifas das passagens dos trechos promocionais. Portanto, n\u00e3o est\u00e3o inclusas nos descontos as tarifas de ped\u00e1gio, seguro facultativo e de utiliza\u00e7\u00e3o de terminais;<\/p><p>4. Os cupons promocionais ser\u00e3o v\u00e1lidos <b>SOMENTE<\/b> para <b>compras no per\u00edodo de<\/b> <b>24\/07 a 31\/07\/2023<\/b> nas linhas e trajetos designados no item 8, e ser\u00e3o aplicados no valor do bilhete de passagem adquirido e para embarque nos per\u00edodos designados no item 12. Para aplica\u00e7\u00e3o do desconto, o cliente dever\u00e1 inserir a denomina\u00e7\u00e3o do cupom correspondente <b>(ROTA28)<\/b> no campo espec\u00edfico no momento da compra. Em casos\u00a0 de mais de uma passagem na mesma compra, o cupom deve ser inserido em todos os campos dispon\u00edveis;<\/p><p>5. Para remarca\u00e7\u00e3o, o cliente fica desde j\u00e1 ciente de que, em sendo o valor menor do que a compra origin\u00e1ria, em raz\u00e3o da compra adquirida ter sido em valor promocional, n\u00e3o ser\u00e1 eleg\u00edvel ao reembolso da diferen\u00e7a. J\u00e1 se o valor da remarca\u00e7\u00e3o for superior ao valor originariamente pago, dever\u00e1 observar o valor da tarifa vigente para a nova data desejada, efetuando o pagamento da diferen\u00e7a de valor, inclusive de ped\u00e1gio, seguro facultativo e de utiliza\u00e7\u00e3o de terminais, quando houver;<\/p><p>5.1 A remarca\u00e7\u00e3o de viagens adquiridas na campanha promocional com cupom de desconto <b>(ROTA28)<\/b> no trecho interestadual, somente ser\u00e1 eleg\u00edvel para remarca\u00e7\u00e3o em outro trecho interestadual, enquanto a remarca\u00e7\u00e3o de viagem em trecho intermunicipal adquirida na vig\u00eancia da promo\u00e7\u00e3o, somente ser\u00e1 eleg\u00edvel para remarca\u00e7\u00e3o em outro trecho intermunicipal, desde que observada as 3 (tr\u00eas) horas de anteced\u00eancia prevista;<\/p><p>6. Para cancelamento, o cliente dever\u00e1 solicitar em at\u00e9 3 (tr\u00eas) horas de anteced\u00eancia da viagem, sendo o valor a ser reembolsado o mesmo valor pago pelo cliente \u00e0 \u00e9poca da aquisi\u00e7\u00e3o da tarifa na campanha promocional com cupom de desconto <b>(ROTA28)<\/b>, observando as regras e condi\u00e7\u00f5es previstas para o reembolso.<\/p><p>7. O bilhete de passagem adquirido no per\u00edodo promocional \u00e9 para uso pessoal e intransfer\u00edvel;<\/p><p>8. <b>O CUPOM PROMOCIONAL ROTA28 da ROTA TRANSPORTES<\/b> \u00e9 v\u00e1lido t\u00e3o somente para os seguintes trechos e servi\u00e7os:<\/p><p>\u00a0<\/p><p>\u2022 Ilh\u00e9us X Teixeira de Freitas<\/p><p>\u2022 Ilh\u00e9us X Itamaraju<\/p><p>\u2022 Ilh\u00e9us X Vit\u00f3ria da Conquista<\/p><p>\u2022 Ilh\u00e9us X Porto Seguro<\/p><p>\u2022 Itabuna X Teixeira de Freitas<\/p><p>\u2022 Itabuna X Itamaraju<\/p><p>\u2022 Itabuna X Vit\u00f3ria da Conquista<\/p><p>\u2022 Itabuna X Porto Seguro<\/p><p>\u2022 Itabuna X Jequi\u00e9<\/p><p>\u2022 Itabuna X Feira de Santana<\/p><p>\u2022 Itabuna X Aracaju<\/p><p>\u2022 Itacar\u00e9 X Vit\u00f3ria da Conquista<\/p><p>\u2022 Itacar\u00e9 X Itapetinga<\/p><p>\u2022 Itacar\u00e9 X Porto Seguro<\/p><p>\u2022 Jequi\u00e9 X Porto Seguro<\/p><p>\u2022 Salvador X Aracaju<\/p><p>\u2022 Salvador X Macei\u00f3<\/p><p>\u2022 Salvador X Jo\u00e3o Pessoa<\/p><p>\u2022 Salvador X Senhor do Bonfim<\/p><p>\u2022 Salvador X Juazeiro<\/p><p>\u2022 Salvador X Arapiraca<\/p><p>\u2022 Feira de Santana X Aracaju<\/p><p>\u2022 Feira de Santana X Senhor do Bonfim<\/p><p>\u2022 Feira de Santana X Juazeiro<\/p><p>\u2022 Aracaju X Irec\u00ea<\/p><p>\u2022 Aracaju X Paulo Afonso<\/p><p>\u2022 Aracaju X Morro do Chap\u00e9u<\/p><p>\u00a0<\/p><p>9. Promo\u00e7\u00e3o v\u00e1lida para todos os servi\u00e7os, <b>EXCETO<\/b> para os servi\u00e7os <b>LEITO E LEITO-CAMA;<\/b><\/p><p>10. A mera participa\u00e7\u00e3o nesta promo\u00e7\u00e3o caracteriza a aceita\u00e7\u00e3o dos termos e condi\u00e7\u00f5es previstos neste regulamento;<\/p><p>11. Cupom de ofertas v\u00e1lido para compras no per\u00edodo de <b>24\/07 a 31\/07\/2023;<\/b><\/p><p>12. Embarques estabelecidos entre <b>24\/07 e 31\/08\/2023;<\/b><\/p><p>13. Promo\u00e7\u00e3o n\u00e3o cumulativa;<\/p><p>14. A empresa se reserva ao direito de interrup\u00e7\u00e3o desta campanha promocional com cupom de desconto (ROTA28) a qualquer momento sem aviso pr\u00e9vio.<\/p>\t\t\t\t\t\t<\/div>\n\t\t\t\t<\/div>\n\t\t\t\t<div class=\"elementor-element elementor-element-542126a elementor-widget elementor-widget-text-editor\" data-id=\"542126a\" data-element_type=\"widget\" data-widget_type=\"text-editor.default\">\n\t\t\t\t<div class=\"elementor-widget-container\">\n\t\t\t\t\t\t\t\t\t\t\t\t\t<\/div>\n\t\t\t\t<\/div>\n\t\t\t\t<div class=\"elementor-element elementor-element-45d8f91 elementor-widget elementor-widget-text-editor\" data-id=\"45d8f91\" data-element_type=\"widget\" data-widget_type=\"text-editor.default\">\n\t\t\t\t<div class=\"elementor-widget-container\">\n\t\t\t\t\t\t\t<p style=\"margin: 0cm 0cm 0.0001pt 0.5pt; text-align: justify; line-height: normal; background-image: initial; background-position: initial; background-size: initial; background-repeat: initial; background-attachment: initial; background-origin: initial; background-clip: initial;\"><span style=\"mso-bidi-font-size: 12.0pt; font-family: Roboto; mso-fareast-font-family: 'Times New Roman'; mso-bidi-font-family: 'Times New Roman';\">Para mais informa\u00e7\u00f5es, entre e contato com o nosso\u00a0<b>SAC: 0800 075 0010<\/b><\/span><\/p><p style=\"margin: 0cm 0cm 0.0001pt 0.5pt; text-align: justify; line-height: normal; background-image: initial; background-position: initial; background-size: initial; background-repeat: initial; background-attachment: initial; background-origin: initial; background-clip: initial;\"><b><span style=\"mso-bidi-font-size: 12.0pt; font-family: Roboto; mso-fareast-font-family: 'Times New Roman'; mso-bidi-font-family: 'Times New Roman';\">\u00a0<\/span><\/b><\/p><p style=\"margin: 0cm 0cm 0.0001pt 0.5pt; text-align: justify; line-height: normal; background-image: initial; background-position: initial; background-size: initial; background-repeat: initial; background-attachment: initial; background-origin: initial; background-clip: initial;\"><span style=\"font-family: var( --e-global-typography-text-font-family ), Sans-serif; font-weight: var( --e-global-typography-text-font-weight ); font-size: 1rem;\">Rota Transportes, com voc\u00ea nos caminhos da vida.<\/span><\/p><p style=\"margin: 0cm 0cm 0.0001pt 0.5pt; text-align: justify; line-height: normal; background-image: initial; background-position: initial; background-size: initial; background-repeat: initial; background-attachment: initial; background-origin: initial; background-clip: initial;\">\u00a0<\/p><p style=\"margin: 0cm 0cm 0.0001pt 0.5pt; text-align: justify; line-height: normal; background-image: initial; background-position: initial; background-size: initial; background-repeat: initial; background-attachment: initial; background-origin: initial; background-clip: initial;\"><span style=\"font-family: var( --e-global-typography-text-font-family ), Sans-serif; font-weight: var( --e-global-typography-text-font-weight ); font-size: 1rem;\">\u00a0<\/span><\/p><p style=\"margin: 0cm 0cm 0.0001pt 0.5pt; text-align: justify; line-height: normal; background-image: initial; background-position: initial; background-size: initial; background-repeat: initial; background-attachment: initial; background-origin: initial; background-clip: initial;\">\u00a0<\/p><p style=\"margin-bottom: .0001pt; text-align: justify;\">\u00a0<\/p>\t\t\t\t\t\t<\/div>\n\t\t\t\t<\/div>\n\t\t\t\t\t<\/div>\n\t\t<\/div>\n\t\t\t\t\t\t\t<\/div>\n\t\t<\/section>\n\t\t\t\t\t<\/div>\n\t\t<\/div>\n\t\t\t\t\t\t\t<\/div>\n\t\t<\/section>\n\t\t\t\t\t\t\t<\/div>\n\t\t","protected":false},"excerpt":{"rendered":"<p>REGULAMENTO ANIVERS\u00c1RIO ROTA TRANSPORTES CUPOM &#8211; ROTA28 1. O CUPOM PROMOCIONAL ROTA28 da ROTA TRANSPORTES consiste na disponibiliza\u00e7\u00e3o de 28% de desconto por inser\u00e7\u00e3o de c\u00f3digo promocional pr\u00e9-estabelecido, em trechos e servi\u00e7os espec\u00edficos, dentro do per\u00edodo de validade estipulado. As condi\u00e7\u00f5es para elegibilidade encontram-se nos itens a seguir descritos; 2. O CUPOM PROMOCIONAL ROTA28 da [&hellip;]<\/p>\n","protected":false},"author":2,"featured_media":0,"parent":0,"menu_order":0,"comment_status":"closed","ping_status":"closed","template":"","meta":{"_joinchat":[],"footnotes":""},"class_list":["post-3572","page","type-page","status-publish","hentry"],"_links":{"self":[{"href":"https:\/\/www.rotatransportes.com.br\/index.php\/wp-json\/wp\/v2\/pages\/3572","targetHints":{"allow":["GET"]}}],"collection":[{"href":"https:\/\/www.rotatransportes.com.br\/index.php\/wp-json\/wp\/v2\/pages"}],"about":[{"href":"https:\/\/www.rotatransportes.com.br\/index.php\/wp-json\/wp\/v2\/types\/page"}],"author":[{"embeddable":true,"href":"https:\/\/www.rotatransportes.com.br\/index.php\/wp-json\/wp\/v2\/users\/2"}],"replies":[{"embeddable":true,"href":"https:\/\/www.rotatransportes.com.br\/index.php\/wp-json\/wp\/v2\/comments?post=3572"}],"version-history":[{"count":4,"href":"https:\/\/www.rotatransportes.com.br\/index.php\/wp-json\/wp\/v2\/pages\/3572\/revisions"}],"predecessor-version":[{"id":3577,"href":"https:\/\/www.rotatransportes.com.br\/index.php\/wp-json\/wp\/v2\/pages\/3572\/revisions\/3577"}],"wp:attachment":[{"href":"https:\/\/www.rotatransportes.com.br\/index.php\/wp-json\/wp\/v2\/media?parent=3572"}],"curies":[{"name":"wp","href":"https:\/\/api.w.org\/{rel}","templated":true}]}}