{"id":3617,"date":"2023-08-16T13:13:14","date_gmt":"2023-08-16T13:13:14","guid":{"rendered":"https:\/\/www.rotatransportes.com.br\/?page_id=3617"},"modified":"2023-08-16T13:14:17","modified_gmt":"2023-08-16T13:14:17","slug":"regulamento-campanha-corujao-rota-cupom-corujao50","status":"publish","type":"page","link":"https:\/\/www.rotatransportes.com.br\/index.php\/regulamento-campanha-corujao-rota-cupom-corujao50\/","title":{"rendered":"Regulamento &#8211; CAMPANHA CORUJ\u00c3O &#8211; ROTA CUPOM: CORUJAO50"},"content":{"rendered":"\t\t<div data-elementor-type=\"wp-page\" data-elementor-id=\"3617\" class=\"elementor elementor-3617\">\n\t\t\t\t\t\t\t<div class=\"elementor-element elementor-element-002a6af e-con-full e-con\" data-id=\"002a6af\" data-element_type=\"container\" data-settings=\"{&quot;content_width&quot;:&quot;full&quot;}\">\n\t\t\t\t<div class=\"elementor-element elementor-element-b217741 elementor-widget elementor-widget-spacer\" data-id=\"b217741\" data-element_type=\"widget\" data-widget_type=\"spacer.default\">\n\t\t\t\t<div class=\"elementor-widget-container\">\n\t\t\t<style>\/*! elementor - v3.8.1 - 13-11-2022 *\/\n.elementor-column .elementor-spacer-inner{height:var(--spacer-size)}.e-con{--container-widget-width:100%}.e-con-inner>.elementor-widget-spacer,.e-con>.elementor-widget-spacer{width:var(--container-widget-width,var(--spacer-size));-ms-flex-item-align:stretch;align-self:stretch;-ms-flex-negative:0;flex-shrink:0}.e-con-inner>.elementor-widget-spacer>.elementor-widget-container,.e-con-inner>.elementor-widget-spacer>.elementor-widget-container>.elementor-spacer,.e-con>.elementor-widget-spacer>.elementor-widget-container,.e-con>.elementor-widget-spacer>.elementor-widget-container>.elementor-spacer{height:100%}.e-con-inner>.elementor-widget-spacer>.elementor-widget-container>.elementor-spacer>.elementor-spacer-inner,.e-con>.elementor-widget-spacer>.elementor-widget-container>.elementor-spacer>.elementor-spacer-inner{height:var(--container-widget-height,var(--spacer-size))}<\/style>\t\t<div class=\"elementor-spacer\">\n\t\t\t<div class=\"elementor-spacer-inner\"><\/div>\n\t\t<\/div>\n\t\t\t\t<\/div>\n\t\t\t\t<\/div>\n\t\t\t\t<\/div>\n\t\t\t\t<section class=\"elementor-section elementor-top-section elementor-element elementor-element-e8d2339 elementor-section-boxed elementor-section-height-default elementor-section-height-default\" data-id=\"e8d2339\" data-element_type=\"section\" data-settings=\"{&quot;_ha_eqh_enable&quot;:false}\">\n\t\t\t\t\t\t<div class=\"elementor-container elementor-column-gap-default\">\n\t\t\t\t\t<div class=\"elementor-column elementor-col-100 elementor-top-column elementor-element elementor-element-ed904f4\" data-id=\"ed904f4\" data-element_type=\"column\">\n\t\t\t<div class=\"elementor-widget-wrap elementor-element-populated\">\n\t\t\t\t\t\t\t\t<div class=\"elementor-element elementor-element-e961a9e elementor-widget elementor-widget-image\" data-id=\"e961a9e\" data-element_type=\"widget\" data-widget_type=\"image.default\">\n\t\t\t\t<div class=\"elementor-widget-container\">\n\t\t\t<style>\/*! elementor - v3.8.1 - 13-11-2022 *\/\n.elementor-widget-image{text-align:center}.elementor-widget-image a{display:inline-block}.elementor-widget-image a img[src$=\".svg\"]{width:48px}.elementor-widget-image img{vertical-align:middle;display:inline-block}<\/style>\t\t\t\t\t\t\t\t\t\t\t\t<img decoding=\"async\" src=\"https:\/\/www.rotatransportes.com.br\/wp-content\/uploads\/elementor\/thumbs\/RT_Site_Corujaook-qazymezulyer39lip6q6s87oz2k8z5v2rdarqkinrs.jpg\" title=\"RT_Site_Coruj\u00e3ook\" alt=\"RT_Site_Coruj\u00e3ook\" \/>\t\t\t\t\t\t\t\t\t\t\t\t\t\t\t<\/div>\n\t\t\t\t<\/div>\n\t\t\t\t<section class=\"elementor-section elementor-inner-section elementor-element elementor-element-cd0a936 elementor-section-boxed elementor-section-height-default elementor-section-height-default\" data-id=\"cd0a936\" data-element_type=\"section\" data-settings=\"{&quot;_ha_eqh_enable&quot;:false}\">\n\t\t\t\t\t\t<div class=\"elementor-container elementor-column-gap-default\">\n\t\t\t\t\t<div class=\"elementor-column elementor-col-100 elementor-inner-column elementor-element elementor-element-856d0d4\" data-id=\"856d0d4\" data-element_type=\"column\">\n\t\t\t<div class=\"elementor-widget-wrap elementor-element-populated\">\n\t\t\t\t\t\t\t\t<div class=\"elementor-element elementor-element-d3950f7 elementor-widget elementor-widget-heading\" data-id=\"d3950f7\" data-element_type=\"widget\" data-widget_type=\"heading.default\">\n\t\t\t\t<div class=\"elementor-widget-container\">\n\t\t\t<style>\/*! elementor - v3.8.1 - 13-11-2022 *\/\n.elementor-heading-title{padding:0;margin:0;line-height:1}.elementor-widget-heading .elementor-heading-title[class*=elementor-size-]>a{color:inherit;font-size:inherit;line-height:inherit}.elementor-widget-heading .elementor-heading-title.elementor-size-small{font-size:15px}.elementor-widget-heading .elementor-heading-title.elementor-size-medium{font-size:19px}.elementor-widget-heading .elementor-heading-title.elementor-size-large{font-size:29px}.elementor-widget-heading .elementor-heading-title.elementor-size-xl{font-size:39px}.elementor-widget-heading .elementor-heading-title.elementor-size-xxl{font-size:59px}<\/style><h4 class=\"elementor-heading-title elementor-size-default\">REGULAMENTO CAMPANHA CORUJ\u00c3O ROTA - CUPOM: CORUJAO50<\/h4>\t\t<\/div>\n\t\t\t\t<\/div>\n\t\t\t\t<div class=\"elementor-element elementor-element-a55c3b0 elementor-widget elementor-widget-text-editor\" data-id=\"a55c3b0\" data-element_type=\"widget\" data-widget_type=\"text-editor.default\">\n\t\t\t\t<div class=\"elementor-widget-container\">\n\t\t\t<style>\/*! elementor - v3.8.1 - 13-11-2022 *\/\n.elementor-widget-text-editor.elementor-drop-cap-view-stacked .elementor-drop-cap{background-color:#818a91;color:#fff}.elementor-widget-text-editor.elementor-drop-cap-view-framed .elementor-drop-cap{color:#818a91;border:3px solid;background-color:transparent}.elementor-widget-text-editor:not(.elementor-drop-cap-view-default) .elementor-drop-cap{margin-top:8px}.elementor-widget-text-editor:not(.elementor-drop-cap-view-default) .elementor-drop-cap-letter{width:1em;height:1em}.elementor-widget-text-editor .elementor-drop-cap{float:left;text-align:center;line-height:1;font-size:50px}.elementor-widget-text-editor .elementor-drop-cap-letter{display:inline-block}<\/style>\t\t\t\t<p style=\"text-indent: -35.3pt; mso-list: l1 level1 lfo1; margin: 0cm .1pt 14.6pt 35.3pt;\"><span style=\"color: #1a1915; font-family: Arial, sans-serif;\">1.\u00a0 \u00a0 \u00a0 \u00a0<b>O CUPOM PROMOCIONAL CORUJAO50 da ROTA TRANSPORTES<\/b> consiste na disponibiliza\u00e7\u00e3o de 50% de desconto por inser\u00e7\u00e3o de c\u00f3digo promocional pr\u00e9-estabelecido, em trechos e servi\u00e7os espec\u00edficos, dentro do per\u00edodo de validade estipulado. As condi\u00e7\u00f5es para elegibilidade encontram-se nos itens a seguir descritos;<\/span><\/p><p style=\"text-indent: -35.3pt; mso-list: l1 level1 lfo1; margin: 0cm .1pt 14.6pt 35.3pt;\"><span style=\"color: #1a1915; font-family: Arial, sans-serif;\">2.\u00a0 \u00a0 \u00a0 \u00a0O CUPOM PROMOCIONAL <b>CORUJAO50<\/b> da <b>ROTA TRANSPORTES<\/b> ser\u00e1 disponibilizado apenas para compras efetivadas no site https:\/\/www.rotatransportes.com.br e pelo <b>APP<\/b> oficial da Rota Transportes dispon\u00edvel para android e iOS;<\/span><\/p><p style=\"text-indent: -35.3pt; mso-list: l1 level1 lfo1; margin: 0cm .1pt 14.6pt 35.3pt;\"><span style=\"color: #1a1915; font-family: Arial, sans-serif;\">3.\u00a0 \u00a0 \u00a0 \u00a0 Os 50% de desconto da campanha promocional com cupom de desconto <b>(CORUJAO50)<\/b> ser\u00e3o aplicados apenas sobre as tarifas das passagens dos trechos promocionais. Portanto, n\u00e3o est\u00e3o inclusas nos descontos as tarifas de ped\u00e1gio, seguro facultativo e de utiliza\u00e7\u00e3o de terminais;\u00a0<\/span><\/p><p style=\"text-indent: -35.3pt; mso-list: l1 level1 lfo1; margin: 0cm .1pt 14.6pt 35.3pt;\"><span style=\"color: #1a1915; font-family: Arial, sans-serif;\">4.\u00a0 \u00a0 \u00a0 \u00a0 Os cupons promocionais ser\u00e3o v\u00e1lidos SOMENTE para compras no per\u00edodo de 12 horas de dura\u00e7\u00e3o iniciando \u00e0s 20:00h do dia 16\/08\/2023 at\u00e9 \u00e0s 8:00h do dia 17\/08\/2023 nas linhas e trajetos designados no item 8, e ser\u00e3o aplicados no valor do bilhete de passagem adquirido e para embarque nos per\u00edodos designados no item 12. Para aplica\u00e7\u00e3o do desconto, o cliente dever\u00e1 inserir a denomina\u00e7\u00e3o do cupom correspondente <b>(CORUJAO50)<\/b> no campo espec\u00edfico no momento da compra. Em casos de mais de uma passagem na mesma compra, o cupom deve ser inserido em todos os campos dispon\u00edveis;<\/span><\/p><p style=\"text-indent: -35.3pt; mso-list: l1 level1 lfo1; margin: 0cm .1pt 14.6pt 35.3pt;\"><span style=\"color: #1a1915; font-family: Arial, sans-serif;\">5.\u00a0 \u00a0 \u00a0 \u00a0 Para remarca\u00e7\u00e3o, o cliente fica desde j\u00e1 ciente de que, em sendo o valor menor do que a compra origin\u00e1ria, em raz\u00e3o da compra adquirida ter sido em valor promocional, n\u00e3o ser\u00e1 eleg\u00edvel ao reembolso da diferen\u00e7a. J\u00e1 se o valor da remarca\u00e7\u00e3o for superior ao valor originariamente pago, dever\u00e1 observar o valor da tarifa vigente para a nova data desejada, efetuando o pagamento da diferen\u00e7a de valor, inclusive de ped\u00e1gio, seguro facultativo e de utiliza\u00e7\u00e3o de terminais, quando houver;<\/span><\/p><p style=\"text-indent: -35.3pt; mso-list: l1 level1 lfo1; margin: 0cm .1pt 14.6pt 35.3pt;\"><span style=\"color: #1a1915; font-family: Arial, sans-serif;\">\u00a0 5.1 A remarca\u00e7\u00e3o de viagens adquiridas na campanha promocional com cupom de desconto<b> (CORUJAO50) <\/b>no trecho interestadual, somente ser\u00e1 eleg\u00edvel para remarca\u00e7\u00e3o em outro trecho interestadual, enquanto a remarca\u00e7\u00e3o de viagem em trecho intermunicipal adquirida na vig\u00eancia da promo\u00e7\u00e3o, somente ser\u00e1 eleg\u00edvel para remarca\u00e7\u00e3o em outro trecho intermunicipal, desde que observada as 3 (tr\u00eas) horas de anteced\u00eancia prevista;\u00a0<\/span><\/p><p style=\"text-indent: -35.3pt; mso-list: l1 level1 lfo1; margin: 0cm .1pt 14.6pt 35.3pt;\"><span style=\"color: #1a1915; font-family: Arial, sans-serif;\">6.\u00a0 \u00a0 \u00a0 \u00a0 Para cancelamento, o cliente dever\u00e1 solicitar em at\u00e9 3 (tr\u00eas) horas de anteced\u00eancia da viagem, sendo o valor a ser reembolsado o mesmo valor pago pelo cliente \u00e0 \u00e9poca da aquisi\u00e7\u00e3o da tarifa na campanha promocional com cupom de desconto <b>(CORUJAO50),<\/b> observando as regras e condi\u00e7\u00f5es previstas para o reembolso.\u00a0<\/span><\/p><p style=\"text-indent: -35.3pt; mso-list: l1 level1 lfo1; margin: 0cm .1pt 14.6pt 35.3pt;\"><span style=\"color: #1a1915; font-family: Arial, sans-serif;\">7.\u00a0 \u00a0 \u00a0 \u00a0 O bilhete de passagem adquirido no per\u00edodo promocional \u00e9 para uso pessoal e intransfer\u00edvel;\u00a0\u00a0<\/span><\/p><p style=\"text-indent: -35.3pt; mso-list: l1 level1 lfo1; margin: 0cm .1pt 14.6pt 35.3pt;\"><span style=\"color: #1a1915; font-family: Arial, sans-serif;\">8.\u00a0 \u00a0 \u00a0 \u00a0 O CUPOM PROMOCIONAL <b>CORUJAO50<\/b> da ROTA TRANSPORTES \u00e9 v\u00e1lido t\u00e3o somente para os seguintes trechos e servi\u00e7os:<\/span><\/p><p style=\"text-indent: -35.3pt; mso-list: l1 level1 lfo1; margin: 0cm .1pt 14.6pt 35.3pt;\"><span style=\"color: #1a1915; font-family: Arial, sans-serif;\">\u00a0<\/span><\/p><p style=\"text-indent: -35.3pt; mso-list: l1 level1 lfo1; margin: 0cm .1pt 14.6pt 35.3pt;\"><span style=\"color: #1a1915; font-family: Arial, sans-serif; text-indent: -35.3pt; font-weight: var( --e-global-typography-text-font-weight ); font-size: 1rem;\">\u2022 Ilh\u00e9us X Teixeira de Freitas<\/span><\/p><p style=\"text-indent: -35.3pt; mso-list: l1 level1 lfo1; margin: 0cm .1pt 14.6pt 35.3pt;\"><span style=\"color: #1a1915; font-family: Arial, sans-serif;\">\u2022 Ilh\u00e9us X Itamaraju<\/span><\/p><p style=\"text-indent: -35.3pt; mso-list: l1 level1 lfo1; margin: 0cm .1pt 14.6pt 35.3pt;\"><span style=\"color: #1a1915; font-family: Arial, sans-serif;\">\u2022 Ilh\u00e9us X Vit\u00f3ria da Conquista<\/span><\/p><p style=\"text-indent: -35.3pt; mso-list: l1 level1 lfo1; margin: 0cm .1pt 14.6pt 35.3pt;\"><span style=\"color: #1a1915; font-family: Arial, sans-serif;\">\u2022 Ilh\u00e9us X Porto Seguro<\/span><\/p><p style=\"text-indent: -35.3pt; mso-list: l1 level1 lfo1; margin: 0cm .1pt 14.6pt 35.3pt;\"><span style=\"color: #1a1915; font-family: Arial, sans-serif;\">\u2022 Itabuna X Teixeira de Freitas<\/span><\/p><p style=\"text-indent: -35.3pt; mso-list: l1 level1 lfo1; margin: 0cm .1pt 14.6pt 35.3pt;\"><span style=\"color: #1a1915; font-family: Arial, sans-serif;\">\u2022 Itabuna X Itamaraju<\/span><\/p><p style=\"text-indent: -35.3pt; mso-list: l1 level1 lfo1; margin: 0cm .1pt 14.6pt 35.3pt;\"><span style=\"color: #1a1915; font-family: Arial, sans-serif;\">\u2022 Itabuna X Vit\u00f3ria da Conquista<\/span><\/p><p style=\"text-indent: -35.3pt; mso-list: l1 level1 lfo1; margin: 0cm .1pt 14.6pt 35.3pt;\"><span style=\"color: #1a1915; font-family: Arial, sans-serif;\">\u2022 Itabuna X Porto Seguro<\/span><\/p><p style=\"text-indent: -35.3pt; mso-list: l1 level1 lfo1; margin: 0cm .1pt 14.6pt 35.3pt;\"><span style=\"color: #1a1915; font-family: Arial, sans-serif;\">\u2022 Itabuna X Jequi\u00e9<\/span><\/p><p style=\"text-indent: -35.3pt; mso-list: l1 level1 lfo1; margin: 0cm .1pt 14.6pt 35.3pt;\"><span style=\"color: #1a1915; font-family: Arial, sans-serif;\">\u2022 Itabuna X Feira de Santana<\/span><\/p><p style=\"text-indent: -35.3pt; mso-list: l1 level1 lfo1; margin: 0cm .1pt 14.6pt 35.3pt;\"><span style=\"color: #1a1915; font-family: Arial, sans-serif;\">\u2022 Itabuna X Aracaju<\/span><\/p><p style=\"text-indent: -35.3pt; mso-list: l1 level1 lfo1; margin: 0cm .1pt 14.6pt 35.3pt;\"><span style=\"color: #1a1915; font-family: Arial, sans-serif;\">\u2022 Itacar\u00e9 X Vit\u00f3ria da Conquista<\/span><\/p><p style=\"text-indent: -35.3pt; mso-list: l1 level1 lfo1; margin: 0cm .1pt 14.6pt 35.3pt;\"><span style=\"color: #1a1915; font-family: Arial, sans-serif;\">\u2022 Itacar\u00e9 X Itapetinga<\/span><\/p><p style=\"text-indent: -35.3pt; mso-list: l1 level1 lfo1; margin: 0cm .1pt 14.6pt 35.3pt;\"><span style=\"color: #1a1915; font-family: Arial, sans-serif;\">\u2022 Itacar\u00e9 X Porto Seguro<\/span><\/p><p style=\"text-indent: -35.3pt; mso-list: l1 level1 lfo1; margin: 0cm .1pt 14.6pt 35.3pt;\"><span style=\"color: #1a1915; font-family: Arial, sans-serif;\">\u2022 Jequi\u00e9 X Porto Seguro<\/span><\/p><p style=\"text-indent: -35.3pt; mso-list: l1 level1 lfo1; margin: 0cm .1pt 14.6pt 35.3pt;\"><span style=\"color: #1a1915; font-family: Arial, sans-serif;\">\u2022 Salvador X Aracaju<\/span><\/p><p style=\"text-indent: -35.3pt; mso-list: l1 level1 lfo1; margin: 0cm .1pt 14.6pt 35.3pt;\"><span style=\"color: #1a1915; font-family: Arial, sans-serif;\">\u2022 Salvador X Macei\u00f3<\/span><\/p><p style=\"text-indent: -35.3pt; mso-list: l1 level1 lfo1; margin: 0cm .1pt 14.6pt 35.3pt;\"><span style=\"color: #1a1915; font-family: Arial, sans-serif;\">\u2022 Salvador X Jo\u00e3o Pessoa<\/span><\/p><p style=\"text-indent: -35.3pt; mso-list: l1 level1 lfo1; margin: 0cm .1pt 14.6pt 35.3pt;\"><span style=\"color: #1a1915; font-family: Arial, sans-serif;\">\u2022 Salvador X Senhor do Bonfim<\/span><\/p><p style=\"text-indent: -35.3pt; mso-list: l1 level1 lfo1; margin: 0cm .1pt 14.6pt 35.3pt;\"><span style=\"color: #1a1915; font-family: Arial, sans-serif;\">\u2022 Salvador X Juazeiro<\/span><\/p><p style=\"text-indent: -35.3pt; mso-list: l1 level1 lfo1; margin: 0cm .1pt 14.6pt 35.3pt;\"><span style=\"color: #1a1915; font-family: Arial, sans-serif;\">\u2022 Salvador X Arapiraca<\/span><\/p><p style=\"text-indent: -35.3pt; mso-list: l1 level1 lfo1; margin: 0cm .1pt 14.6pt 35.3pt;\"><span style=\"color: #1a1915; font-family: Arial, sans-serif;\">\u2022 Feira de Santana X Aracaju<\/span><\/p><p style=\"text-indent: -35.3pt; mso-list: l1 level1 lfo1; margin: 0cm .1pt 14.6pt 35.3pt;\"><span style=\"color: #1a1915; font-family: Arial, sans-serif;\">\u2022 Feira de Santana X Senhor do Bonfim<\/span><\/p><p style=\"text-indent: -35.3pt; mso-list: l1 level1 lfo1; margin: 0cm .1pt 14.6pt 35.3pt;\"><span style=\"color: #1a1915; font-family: Arial, sans-serif;\">\u2022 Feira de Santana X Juazeiro<\/span><\/p><p style=\"text-indent: -35.3pt; mso-list: l1 level1 lfo1; margin: 0cm .1pt 14.6pt 35.3pt;\"><span style=\"color: #1a1915; font-family: Arial, sans-serif;\">\u2022 Aracaju X Irec\u00ea<\/span><\/p><p style=\"text-indent: -35.3pt; mso-list: l1 level1 lfo1; margin: 0cm .1pt 14.6pt 35.3pt;\"><span style=\"color: #1a1915; font-family: Arial, sans-serif;\">\u2022 Aracaju X Paulo Afonso<\/span><\/p><p style=\"text-indent: -35.3pt; mso-list: l1 level1 lfo1; margin: 0cm .1pt 14.6pt 35.3pt;\"><span style=\"color: #1a1915; font-family: Arial, sans-serif;\">\u2022 Aracaju X Morro do Chap\u00e9u<\/span><\/p><p style=\"text-indent: -35.3pt; mso-list: l1 level1 lfo1; margin: 0cm .1pt 14.6pt 35.3pt;\"><span style=\"color: #1a1915; font-family: Arial, sans-serif;\">\u00a0<\/span><\/p><p style=\"text-indent: -35.3pt; mso-list: l1 level1 lfo1; margin: 0cm .1pt 14.6pt 35.3pt;\"><span style=\"color: #1a1915; font-family: Arial, sans-serif;\">9.\u00a0 \u00a0 \u00a0 \u00a0Promo\u00e7\u00e3o v\u00e1lida para todos os servi\u00e7os, <b>EXCETO<\/b> para os servi\u00e7os<b> LEITO E LEITO-CAMA;<\/b><\/span><\/p><p style=\"text-indent: -35.3pt; mso-list: l1 level1 lfo1; margin: 0cm .1pt 14.6pt 35.3pt;\"><span style=\"color: #1a1915; font-family: Arial, sans-serif;\">10.\u00a0 \u00a0 \u00a0 A mera participa\u00e7\u00e3o nesta promo\u00e7\u00e3o caracteriza a aceita\u00e7\u00e3o dos termos e condi\u00e7\u00f5es previstos neste regulamento;<\/span><\/p><p style=\"text-indent: -35.3pt; mso-list: l1 level1 lfo1; margin: 0cm .1pt 14.6pt 35.3pt;\"><span style=\"color: #1a1915; font-family: Arial, sans-serif;\">11.\u00a0 \u00a0 \u00a0 Cupom de ofertas v\u00e1lido para compras no per\u00edodo de 12 horas de dura\u00e7\u00e3o iniciando \u00e0s 20:00h do dia <b>16\/08\/2023 at\u00e9 \u00e0s 8:00h do dia 17\/08\/2023;<\/b><\/span><\/p><p style=\"text-indent: -35.3pt; mso-list: l1 level1 lfo1; margin: 0cm .1pt 14.6pt 35.3pt;\"><span style=\"color: #1a1915; font-family: Arial, sans-serif;\">12.\u00a0 \u00a0 \u00a0 Embarques estabelecidos entre <b>17\/08 e 31\/08\/2023;<\/b><\/span><\/p><p style=\"text-indent: -35.3pt; mso-list: l1 level1 lfo1; margin: 0cm .1pt 14.6pt 35.3pt;\"><span style=\"color: #1a1915; font-family: Arial, sans-serif;\">13.\u00a0 \u00a0 \u00a0 Promo\u00e7\u00e3o n\u00e3o cumulativa;<\/span><\/p><p style=\"text-indent: -35.3pt; mso-list: l1 level1 lfo1; margin: 0cm .1pt 14.6pt 35.3pt;\"><span style=\"color: #1a1915; font-family: Arial, sans-serif;\">14.\u00a0 \u00a0 \u00a0A empresa se reserva ao direito de interrup\u00e7\u00e3o desta campanha promocional com cupom de desconto<b> (CORUJAO50)<\/b> a qualquer momento sem aviso pr\u00e9vio.<\/span><\/p><div style=\"text-indent: -47.0667px;\">\u00a0<\/div><p style=\"text-indent: -35.3pt; mso-list: l1 level1 lfo1; margin: 0cm .1pt .55pt 35.3pt;\"><span style=\"font-family: var( --e-global-typography-text-font-family ), Sans-serif; font-weight: var( --e-global-typography-text-font-weight ); font-size: 1rem;\">Para mais informa\u00e7\u00f5es, entre e contato com o nosso <\/span><b style=\"font-family: var( --e-global-typography-text-font-family ), Sans-serif; font-size: 1rem;\">SAC: 0800 075 0010.<\/b><\/p><p style=\"margin: 0cm .1pt .55pt .1pt;\"><b style=\"font-family: var( --e-global-typography-text-font-family ), Sans-serif; font-size: 1rem;\">Rota Transportes, com voc\u00ea nos caminhos da vida.<\/b><\/p>\t\t\t\t\t\t<\/div>\n\t\t\t\t<\/div>\n\t\t\t\t\t<\/div>\n\t\t<\/div>\n\t\t\t\t\t\t\t<\/div>\n\t\t<\/section>\n\t\t\t\t\t<\/div>\n\t\t<\/div>\n\t\t\t\t\t\t\t<\/div>\n\t\t<\/section>\n\t\t\t\t\t\t\t<\/div>\n\t\t","protected":false},"excerpt":{"rendered":"<p>REGULAMENTO CAMPANHA CORUJ\u00c3O ROTA &#8211; CUPOM: CORUJAO50 1.\u00a0 \u00a0 \u00a0 \u00a0O CUPOM PROMOCIONAL CORUJAO50 da ROTA TRANSPORTES consiste na disponibiliza\u00e7\u00e3o de 50% de desconto por inser\u00e7\u00e3o de c\u00f3digo promocional pr\u00e9-estabelecido, em trechos e servi\u00e7os espec\u00edficos, dentro do per\u00edodo de validade estipulado. As condi\u00e7\u00f5es para elegibilidade encontram-se nos itens a seguir descritos; 2.\u00a0 \u00a0 \u00a0 \u00a0O [&hellip;]<\/p>\n","protected":false},"author":2,"featured_media":0,"parent":0,"menu_order":0,"comment_status":"closed","ping_status":"closed","template":"","meta":{"_joinchat":[],"footnotes":""},"class_list":["post-3617","page","type-page","status-publish","hentry"],"_links":{"self":[{"href":"https:\/\/www.rotatransportes.com.br\/index.php\/wp-json\/wp\/v2\/pages\/3617","targetHints":{"allow":["GET"]}}],"collection":[{"href":"https:\/\/www.rotatransportes.com.br\/index.php\/wp-json\/wp\/v2\/pages"}],"about":[{"href":"https:\/\/www.rotatransportes.com.br\/index.php\/wp-json\/wp\/v2\/types\/page"}],"author":[{"embeddable":true,"href":"https:\/\/www.rotatransportes.com.br\/index.php\/wp-json\/wp\/v2\/users\/2"}],"replies":[{"embeddable":true,"href":"https:\/\/www.rotatransportes.com.br\/index.php\/wp-json\/wp\/v2\/comments?post=3617"}],"version-history":[{"count":7,"href":"https:\/\/www.rotatransportes.com.br\/index.php\/wp-json\/wp\/v2\/pages\/3617\/revisions"}],"predecessor-version":[{"id":3625,"href":"https:\/\/www.rotatransportes.com.br\/index.php\/wp-json\/wp\/v2\/pages\/3617\/revisions\/3625"}],"wp:attachment":[{"href":"https:\/\/www.rotatransportes.com.br\/index.php\/wp-json\/wp\/v2\/media?parent=3617"}],"curies":[{"name":"wp","href":"https:\/\/api.w.org\/{rel}","templated":true}]}}