{"id":3647,"date":"2023-08-21T16:35:32","date_gmt":"2023-08-21T16:35:32","guid":{"rendered":"https:\/\/www.rotatransportes.com.br\/?page_id=3647"},"modified":"2023-12-15T20:03:57","modified_gmt":"2023-12-15T20:03:57","slug":"regulamento-compra-antecimada-agosto","status":"publish","type":"page","link":"https:\/\/www.rotatransportes.com.br\/index.php\/regulamento-compra-antecimada-agosto\/","title":{"rendered":"Regulamento &#8211; Compra Antecimada &#8211; Agosto"},"content":{"rendered":"\t\t<div data-elementor-type=\"wp-page\" data-elementor-id=\"3647\" class=\"elementor elementor-3647\">\n\t\t\t\t\t\t\t<div class=\"elementor-element elementor-element-002a6af e-con-full e-con\" data-id=\"002a6af\" data-element_type=\"container\" data-settings=\"{&quot;content_width&quot;:&quot;full&quot;}\">\n\t\t\t\t<div class=\"elementor-element elementor-element-b217741 elementor-widget elementor-widget-spacer\" data-id=\"b217741\" data-element_type=\"widget\" data-widget_type=\"spacer.default\">\n\t\t\t\t<div class=\"elementor-widget-container\">\n\t\t\t<style>\/*! elementor - v3.8.1 - 13-11-2022 *\/\n.elementor-column .elementor-spacer-inner{height:var(--spacer-size)}.e-con{--container-widget-width:100%}.e-con-inner>.elementor-widget-spacer,.e-con>.elementor-widget-spacer{width:var(--container-widget-width,var(--spacer-size));-ms-flex-item-align:stretch;align-self:stretch;-ms-flex-negative:0;flex-shrink:0}.e-con-inner>.elementor-widget-spacer>.elementor-widget-container,.e-con-inner>.elementor-widget-spacer>.elementor-widget-container>.elementor-spacer,.e-con>.elementor-widget-spacer>.elementor-widget-container,.e-con>.elementor-widget-spacer>.elementor-widget-container>.elementor-spacer{height:100%}.e-con-inner>.elementor-widget-spacer>.elementor-widget-container>.elementor-spacer>.elementor-spacer-inner,.e-con>.elementor-widget-spacer>.elementor-widget-container>.elementor-spacer>.elementor-spacer-inner{height:var(--container-widget-height,var(--spacer-size))}<\/style>\t\t<div class=\"elementor-spacer\">\n\t\t\t<div class=\"elementor-spacer-inner\"><\/div>\n\t\t<\/div>\n\t\t\t\t<\/div>\n\t\t\t\t<\/div>\n\t\t\t\t<\/div>\n\t\t\t\t<section class=\"elementor-section elementor-top-section elementor-element elementor-element-e8d2339 elementor-section-boxed elementor-section-height-default elementor-section-height-default\" data-id=\"e8d2339\" data-element_type=\"section\" data-settings=\"{&quot;_ha_eqh_enable&quot;:false}\">\n\t\t\t\t\t\t<div class=\"elementor-container elementor-column-gap-default\">\n\t\t\t\t\t<div class=\"elementor-column elementor-col-100 elementor-top-column elementor-element elementor-element-ed904f4\" data-id=\"ed904f4\" data-element_type=\"column\">\n\t\t\t<div class=\"elementor-widget-wrap elementor-element-populated\">\n\t\t\t\t\t\t\t\t<div class=\"elementor-element elementor-element-e961a9e elementor-widget elementor-widget-image\" data-id=\"e961a9e\" data-element_type=\"widget\" data-widget_type=\"image.default\">\n\t\t\t\t<div class=\"elementor-widget-container\">\n\t\t\t<style>\/*! elementor - v3.8.1 - 13-11-2022 *\/\n.elementor-widget-image{text-align:center}.elementor-widget-image a{display:inline-block}.elementor-widget-image a img[src$=\".svg\"]{width:48px}.elementor-widget-image img{vertical-align:middle;display:inline-block}<\/style>\t\t\t\t\t\t\t\t\t\t\t\t<img decoding=\"async\" src=\"https:\/\/www.rotatransportes.com.br\/wp-content\/uploads\/elementor\/thumbs\/bannercompra-1-qbafjkf7zrjy9pnde0ywtllweby1h1g8ofhatbeimw.jpg\" title=\"bannercompra\" alt=\"bannercompra\" \/>\t\t\t\t\t\t\t\t\t\t\t\t\t\t\t<\/div>\n\t\t\t\t<\/div>\n\t\t\t\t<section class=\"elementor-section elementor-inner-section elementor-element elementor-element-cd0a936 elementor-section-boxed elementor-section-height-default elementor-section-height-default\" data-id=\"cd0a936\" data-element_type=\"section\" data-settings=\"{&quot;_ha_eqh_enable&quot;:false}\">\n\t\t\t\t\t\t<div class=\"elementor-container elementor-column-gap-default\">\n\t\t\t\t\t<div class=\"elementor-column elementor-col-100 elementor-inner-column elementor-element elementor-element-856d0d4\" data-id=\"856d0d4\" data-element_type=\"column\">\n\t\t\t<div class=\"elementor-widget-wrap elementor-element-populated\">\n\t\t\t\t\t\t\t\t<div class=\"elementor-element elementor-element-d3950f7 elementor-widget elementor-widget-heading\" data-id=\"d3950f7\" data-element_type=\"widget\" data-widget_type=\"heading.default\">\n\t\t\t\t<div class=\"elementor-widget-container\">\n\t\t\t<style>\/*! elementor - v3.8.1 - 13-11-2022 *\/\n.elementor-heading-title{padding:0;margin:0;line-height:1}.elementor-widget-heading .elementor-heading-title[class*=elementor-size-]>a{color:inherit;font-size:inherit;line-height:inherit}.elementor-widget-heading .elementor-heading-title.elementor-size-small{font-size:15px}.elementor-widget-heading .elementor-heading-title.elementor-size-medium{font-size:19px}.elementor-widget-heading .elementor-heading-title.elementor-size-large{font-size:29px}.elementor-widget-heading .elementor-heading-title.elementor-size-xl{font-size:39px}.elementor-widget-heading .elementor-heading-title.elementor-size-xxl{font-size:59px}<\/style><h4 class=\"elementor-heading-title elementor-size-default\">REGULAMENTO - COMPRA ANTECIPADA<\/h4>\t\t<\/div>\n\t\t\t\t<\/div>\n\t\t\t\t<div class=\"elementor-element elementor-element-a55c3b0 elementor-widget elementor-widget-text-editor\" data-id=\"a55c3b0\" data-element_type=\"widget\" data-widget_type=\"text-editor.default\">\n\t\t\t\t<div class=\"elementor-widget-container\">\n\t\t\t<style>\/*! elementor - v3.8.1 - 13-11-2022 *\/\n.elementor-widget-text-editor.elementor-drop-cap-view-stacked .elementor-drop-cap{background-color:#818a91;color:#fff}.elementor-widget-text-editor.elementor-drop-cap-view-framed .elementor-drop-cap{color:#818a91;border:3px solid;background-color:transparent}.elementor-widget-text-editor:not(.elementor-drop-cap-view-default) .elementor-drop-cap{margin-top:8px}.elementor-widget-text-editor:not(.elementor-drop-cap-view-default) .elementor-drop-cap-letter{width:1em;height:1em}.elementor-widget-text-editor .elementor-drop-cap{float:left;text-align:center;line-height:1;font-size:50px}.elementor-widget-text-editor .elementor-drop-cap-letter{display:inline-block}<\/style>\t\t\t\t<p class=\"MsoNormal\" style=\"margin-bottom: .0001pt; text-align: justify;\"><b>1.<\/b> A <b>PROMO\u00c7\u00c3O COMPRA ANTECIPADA<\/b> da ROTA TRANSPORTES estar\u00e1 dispon\u00edvel apenas para as compras efetuadas pelo site https:\/\/www.rotatransportes.com.br\/, pelo aplicativo mobile e nas Ag\u00eancias F\u00edsicas;<i><\/i><\/p><p class=\"MsoNormal\" style=\"margin-bottom: .0001pt; text-align: justify;\"><b>2.<\/b> O desconto ser\u00e1 aplicado apenas sobre a tarifa da passagem. Portanto, n\u00e3o est\u00e3o inclu\u00eddos no desconto as tarifas de ped\u00e1gio e de utiliza\u00e7\u00e3o de terminais;<\/p><p class=\"MsoNormal\" style=\"margin-bottom: .0001pt; text-align: justify;\"><b>3.<\/b> A tarifa promocional ser\u00e1 v\u00e1lida SOMENTE para a data, hor\u00e1rio, linha, e trajeto constante no bilhete de passagem adquirido na <b>PROMO\u00c7\u00c3O COMPRA ANTECIPADA<\/b>;<\/p><p class=\"MsoNormal\" style=\"margin-bottom: .0001pt; text-align: justify;\"><b>4.<\/b> Para remarca\u00e7\u00e3o, o cliente dever\u00e1 observar o valor da tarifa vigente para a nova data desejada, efetuando o pagamento da diferen\u00e7a de valor, quando houver;<\/p><p class=\"MsoNormal\" style=\"margin-bottom: .0001pt; text-align: justify;\"><b>5.<\/b> Para cancelamento, o cliente dever\u00e1 solicitar em at\u00e9 3(tr\u00eas) horas de anteced\u00eancia da viagem, observando as regras e condi\u00e7\u00f5es previstas para o reembolso;<\/p><p class=\"MsoNormal\" style=\"margin-bottom: .0001pt; text-align: justify;\"><b>6.<\/b> O bilhete de passagem adquirido na <b>PROMO\u00c7\u00c3O COMPRA ANTECIPADA<\/b> \u00e9 para uso pessoal e intransfer\u00edvel;<u><\/u><\/p><p class=\"MsoNormal\" style=\"margin-bottom: .0001pt; text-align: justify;\">\u00a0<\/p><p class=\"MsoNormal\" style=\"margin-bottom: .0001pt; text-align: justify;\"><b>7.<\/b> Os descontos da <b>PROMO\u00c7\u00c3O COMPRA ANTECIPADA<\/b> ser\u00e3o v\u00e1lidos para:<\/p>\t\t\t\t\t\t<\/div>\n\t\t\t\t<\/div>\n\t\t\t\t<div class=\"elementor-element elementor-element-f839322 elementor-widget elementor-widget-image\" data-id=\"f839322\" data-element_type=\"widget\" data-widget_type=\"image.default\">\n\t\t\t\t<div class=\"elementor-widget-container\">\n\t\t\t\t\t\t\t\t\t\t\t\t\t\t\t<img decoding=\"async\" width=\"800\" height=\"159\" src=\"https:\/\/www.rotatransportes.com.br\/wp-content\/uploads\/2023\/09\/reg-1024x204.jpg\" class=\"attachment-large size-large\" alt=\"\" srcset=\"https:\/\/www.rotatransportes.com.br\/wp-content\/uploads\/2023\/09\/reg-1024x204.jpg 1024w, https:\/\/www.rotatransportes.com.br\/wp-content\/uploads\/2023\/09\/reg-300x60.jpg 300w, https:\/\/www.rotatransportes.com.br\/wp-content\/uploads\/2023\/09\/reg-768x153.jpg 768w, https:\/\/www.rotatransportes.com.br\/wp-content\/uploads\/2023\/09\/reg.jpg 1066w\" sizes=\"(max-width: 800px) 100vw, 800px\" \/>\t\t\t\t\t\t\t\t\t\t\t\t\t\t\t<\/div>\n\t\t\t\t<\/div>\n\t\t\t\t<div class=\"elementor-element elementor-element-542126a elementor-widget elementor-widget-text-editor\" data-id=\"542126a\" data-element_type=\"widget\" data-widget_type=\"text-editor.default\">\n\t\t\t\t<div class=\"elementor-widget-container\">\n\t\t\t\t\t\t\t<p class=\"MsoNormal\" style=\"margin-bottom: .0001pt; text-align: justify;\"><b>8<\/b>. A ROTA TRANSPORTES, poder\u00e1, por mera liberalidade, estabelecer os hor\u00e1rios<i><span style=\"color: #1f4e79;\">, <\/span><\/i>datas e a quantidade de poltronas para descontos promocionais dispon\u00edveis para a <b>PROMO\u00c7\u00c3O COMPRA ANTECIPADA<\/b> nos itiner\u00e1rios supramencionados, ficando a seu crit\u00e9rio incluir a forma e as condi\u00e7\u00f5es para concess\u00e3o dos descontos;<\/p>\n<p class=\"MsoNormal\" style=\"margin-bottom: .0001pt; text-align: justify;\"><b><br>9.<\/b> A mera participa\u00e7\u00e3o<br>\nnesta promo\u00e7\u00e3o caracteriza a aceita\u00e7\u00e3o dos termos e condi\u00e7\u00f5es previstos neste regulamento;<\/p>\n<p style=\"margin: 0cm; margin-bottom: .0001pt; text-align: justify; vertical-align: baseline;\"><b><span style=\"font-size: 11.0pt; font-family: 'Calibri','sans-serif'; mso-ascii-theme-font: minor-latin; mso-hansi-theme-font: minor-latin; mso-bidi-theme-font: minor-latin;\"><br>10.<\/span><\/b><span font-family:=\"\" 'calibri','sans-serif';=\"\" mso-ascii-theme-font:=\"\" minor-latin;=\"\" mso-hansi-theme-font:=\"\" mso-bidi-theme-font:=\"\" minor-latin;\"=\"\"> Promo\u00e7\u00e3o v\u00e1lida para compras de <b>16\/08\/2023 a 12\/12\/2024<\/b>;<\/span><\/p>\n<p><\/p>\n<p class=\"MsoNormal\" style=\"margin-bottom: .0001pt; line-height: normal; vertical-align: baseline;\"><b>11.<\/b> Promo\u00e7\u00e3o v\u00e1lida para embarques de <b>16\/08\/2023 a 12\/12\/2024<\/b>, <b>EXCETO<\/b> nos per\u00edodos: <b>De 06\/09\/2023 a 10\/09\/2023; de 11\/10\/2023 a 16\/10\/2023; de 01\/11\/2023 a 06\/11\/2023; de 14\/11\/2023 a 15\/11\/2023; <\/b><b>de 14\/12\/23 a 08\/01\/24; de 05\/02\/24 a 19\/02\/24; de 28\/03\/24 a 01\/04\/24; 10\/05\/24 a<br>\n13\/05\/24; de 29\/05\/24 a 03\/06\/24; de 14\/06\/24 a 08\/07\/24; de 04\/10\/24 a 07\/10\/24; de 14\/11\/24 a 18\/11\/24; de 13\/12\/24 a 06\/01\/25.<\/b><\/p><b>\n<\/b><p><b><\/b><\/p>\n<p class=\"MsoListParagraphCxSpFirst\" style=\"margin-left: 18.0pt; mso-add-space: auto; text-indent: -18.0pt; mso-list: l0 level1 lfo1;\"><!-- [if !supportLists]--><b>15.<span style=\"font-variant-numeric: normal; font-variant-east-asian: normal; font-variant-alternates: normal; font-kerning: auto; font-optical-sizing: auto; font-feature-settings: normal; font-variation-settings: normal; font-variant-position: normal; font-weight: normal; font-stretch: normal; font-size: 7pt; line-height: normal; font-family: 'Times New Roman';\">&nbsp;&nbsp; <\/span><\/b><!--[endif]-->Promo\u00e7\u00e3o n\u00e3o cumulativa;<\/p>\n<p style=\"margin-bottom: .0001pt; text-align: justify;\">\n<\/p><p class=\"MsoListParagraphCxSpLast\" style=\"margin-left: 18.0pt; mso-add-space: auto; text-indent: -18.0pt; mso-list: l0 level1 lfo1;\"><!-- [if !supportLists]--><b>16.<span style=\"font-variant-numeric: normal; font-variant-east-asian: normal; font-variant-alternates: normal; font-kerning: auto; font-optical-sizing: auto; font-feature-settings: normal; font-variation-settings: normal; font-variant-position: normal; font-weight: normal; font-stretch: normal; font-size: 7pt; line-height: normal; font-family: 'Times New Roman';\">&nbsp;&nbsp; <\/span><\/b><!--[endif]-->A empresa se reserva ao direito de interrup\u00e7\u00e3o da <b>PROMO\u00c7\u00c3O COMPRA ANTECIPADA<\/b> a qualquer momento sem aviso pr\u00e9vio, assegurado o direito de compra j\u00e1 efetuada, desde que em conformidade com as condi\u00e7\u00f5es previstas na <b>COMPRA ANTECIPADA.<\/b><\/p>\t\t\t\t\t\t<\/div>\n\t\t\t\t<\/div>\n\t\t\t\t<div class=\"elementor-element elementor-element-45d8f91 elementor-widget elementor-widget-text-editor\" data-id=\"45d8f91\" data-element_type=\"widget\" data-widget_type=\"text-editor.default\">\n\t\t\t\t<div class=\"elementor-widget-container\">\n\t\t\t\t\t\t\t<p style=\"margin: 0cm 0cm 0.0001pt 0.5pt; text-align: justify; line-height: normal; background-image: initial; background-position: initial; background-size: initial; background-repeat: initial; background-attachment: initial; background-origin: initial; background-clip: initial;\"><span style=\"mso-bidi-font-size: 12.0pt; font-family: Roboto; mso-fareast-font-family: 'Times New Roman'; mso-bidi-font-family: 'Times New Roman';\">Para mais informa\u00e7\u00f5es, entre e contato com o nosso\u00a0<b>SAC: 0800 075 0010<\/b><\/span><\/p><p style=\"margin: 0cm 0cm 0.0001pt 0.5pt; text-align: justify; line-height: normal; background-image: initial; background-position: initial; background-size: initial; background-repeat: initial; background-attachment: initial; background-origin: initial; background-clip: initial;\"><b><span style=\"mso-bidi-font-size: 12.0pt; font-family: Roboto; mso-fareast-font-family: 'Times New Roman'; mso-bidi-font-family: 'Times New Roman';\">\u00a0<\/span><\/b><\/p><p style=\"margin: 0cm 0cm 0.0001pt 0.5pt; text-align: justify; line-height: normal; background-image: initial; background-position: initial; background-size: initial; background-repeat: initial; background-attachment: initial; background-origin: initial; background-clip: initial;\"><span style=\"font-family: var( --e-global-typography-text-font-family ), Sans-serif; font-weight: var( --e-global-typography-text-font-weight ); font-size: 1rem;\">Rota Transportes, com voc\u00ea nos caminhos da vida.<\/span><\/p><p style=\"margin: 0cm 0cm 0.0001pt 0.5pt; text-align: justify; line-height: normal; background-image: initial; background-position: initial; background-size: initial; background-repeat: initial; background-attachment: initial; background-origin: initial; background-clip: initial;\">\u00a0<\/p><p style=\"margin: 0cm 0cm 0.0001pt 0.5pt; text-align: justify; line-height: normal; background-image: initial; background-position: initial; background-size: initial; background-repeat: initial; background-attachment: initial; background-origin: initial; background-clip: initial;\"><span style=\"font-family: var( --e-global-typography-text-font-family ), Sans-serif; font-weight: var( --e-global-typography-text-font-weight ); font-size: 1rem;\">\u00a0<\/span><\/p><p style=\"margin: 0cm 0cm 0.0001pt 0.5pt; text-align: justify; line-height: normal; background-image: initial; background-position: initial; background-size: initial; background-repeat: initial; background-attachment: initial; background-origin: initial; background-clip: initial;\">\u00a0<\/p><p style=\"margin-bottom: .0001pt; text-align: justify;\">\u00a0<\/p>\t\t\t\t\t\t<\/div>\n\t\t\t\t<\/div>\n\t\t\t\t\t<\/div>\n\t\t<\/div>\n\t\t\t\t\t\t\t<\/div>\n\t\t<\/section>\n\t\t\t\t\t<\/div>\n\t\t<\/div>\n\t\t\t\t\t\t\t<\/div>\n\t\t<\/section>\n\t\t\t\t\t\t\t<\/div>\n\t\t","protected":false},"excerpt":{"rendered":"<p>REGULAMENTO &#8211; COMPRA ANTECIPADA 1. A PROMO\u00c7\u00c3O COMPRA ANTECIPADA da ROTA TRANSPORTES estar\u00e1 dispon\u00edvel apenas para as compras efetuadas pelo site https:\/\/www.rotatransportes.com.br\/, pelo aplicativo mobile e nas Ag\u00eancias F\u00edsicas; 2. O desconto ser\u00e1 aplicado apenas sobre a tarifa da passagem. Portanto, n\u00e3o est\u00e3o inclu\u00eddos no desconto as tarifas de ped\u00e1gio e de utiliza\u00e7\u00e3o de terminais; [&hellip;]<\/p>\n","protected":false},"author":2,"featured_media":0,"parent":0,"menu_order":0,"comment_status":"closed","ping_status":"closed","template":"","meta":{"_joinchat":[],"footnotes":""},"class_list":["post-3647","page","type-page","status-publish","hentry"],"_links":{"self":[{"href":"https:\/\/www.rotatransportes.com.br\/index.php\/wp-json\/wp\/v2\/pages\/3647","targetHints":{"allow":["GET"]}}],"collection":[{"href":"https:\/\/www.rotatransportes.com.br\/index.php\/wp-json\/wp\/v2\/pages"}],"about":[{"href":"https:\/\/www.rotatransportes.com.br\/index.php\/wp-json\/wp\/v2\/types\/page"}],"author":[{"embeddable":true,"href":"https:\/\/www.rotatransportes.com.br\/index.php\/wp-json\/wp\/v2\/users\/2"}],"replies":[{"embeddable":true,"href":"https:\/\/www.rotatransportes.com.br\/index.php\/wp-json\/wp\/v2\/comments?post=3647"}],"version-history":[{"count":17,"href":"https:\/\/www.rotatransportes.com.br\/index.php\/wp-json\/wp\/v2\/pages\/3647\/revisions"}],"predecessor-version":[{"id":3917,"href":"https:\/\/www.rotatransportes.com.br\/index.php\/wp-json\/wp\/v2\/pages\/3647\/revisions\/3917"}],"wp:attachment":[{"href":"https:\/\/www.rotatransportes.com.br\/index.php\/wp-json\/wp\/v2\/media?parent=3647"}],"curies":[{"name":"wp","href":"https:\/\/api.w.org\/{rel}","templated":true}]}}