{"id":3856,"date":"2023-10-02T20:57:46","date_gmt":"2023-10-02T20:57:46","guid":{"rendered":"https:\/\/www.rotatransportes.com.br\/?page_id=3856"},"modified":"2023-10-10T20:02:09","modified_gmt":"2023-10-10T20:02:09","slug":"regulamento-rota-cupom-outubro30","status":"publish","type":"page","link":"https:\/\/www.rotatransportes.com.br\/index.php\/regulamento-rota-cupom-outubro30\/","title":{"rendered":"Regulamento &#8211; ROTA CUPOM: OUTUBRO30"},"content":{"rendered":"\t\t<div data-elementor-type=\"wp-page\" data-elementor-id=\"3856\" class=\"elementor elementor-3856\">\n\t\t\t\t\t\t\t<div class=\"elementor-element elementor-element-002a6af e-con-full e-con\" data-id=\"002a6af\" data-element_type=\"container\" data-settings=\"{&quot;content_width&quot;:&quot;full&quot;}\">\n\t\t\t\t<div class=\"elementor-element elementor-element-b217741 elementor-widget elementor-widget-spacer\" data-id=\"b217741\" data-element_type=\"widget\" data-widget_type=\"spacer.default\">\n\t\t\t\t<div class=\"elementor-widget-container\">\n\t\t\t<style>\/*! elementor - v3.8.1 - 13-11-2022 *\/\n.elementor-column .elementor-spacer-inner{height:var(--spacer-size)}.e-con{--container-widget-width:100%}.e-con-inner>.elementor-widget-spacer,.e-con>.elementor-widget-spacer{width:var(--container-widget-width,var(--spacer-size));-ms-flex-item-align:stretch;align-self:stretch;-ms-flex-negative:0;flex-shrink:0}.e-con-inner>.elementor-widget-spacer>.elementor-widget-container,.e-con-inner>.elementor-widget-spacer>.elementor-widget-container>.elementor-spacer,.e-con>.elementor-widget-spacer>.elementor-widget-container,.e-con>.elementor-widget-spacer>.elementor-widget-container>.elementor-spacer{height:100%}.e-con-inner>.elementor-widget-spacer>.elementor-widget-container>.elementor-spacer>.elementor-spacer-inner,.e-con>.elementor-widget-spacer>.elementor-widget-container>.elementor-spacer>.elementor-spacer-inner{height:var(--container-widget-height,var(--spacer-size))}<\/style>\t\t<div class=\"elementor-spacer\">\n\t\t\t<div class=\"elementor-spacer-inner\"><\/div>\n\t\t<\/div>\n\t\t\t\t<\/div>\n\t\t\t\t<\/div>\n\t\t\t\t<\/div>\n\t\t\t\t<section class=\"elementor-section elementor-top-section elementor-element elementor-element-e8d2339 elementor-section-boxed elementor-section-height-default elementor-section-height-default\" data-id=\"e8d2339\" data-element_type=\"section\" data-settings=\"{&quot;_ha_eqh_enable&quot;:false}\">\n\t\t\t\t\t\t<div class=\"elementor-container elementor-column-gap-default\">\n\t\t\t\t\t<div class=\"elementor-column elementor-col-100 elementor-top-column elementor-element elementor-element-ed904f4\" data-id=\"ed904f4\" data-element_type=\"column\">\n\t\t\t<div class=\"elementor-widget-wrap elementor-element-populated\">\n\t\t\t\t\t\t\t\t<div class=\"elementor-element elementor-element-e961a9e elementor-widget elementor-widget-image\" data-id=\"e961a9e\" data-element_type=\"widget\" data-widget_type=\"image.default\">\n\t\t\t\t<div class=\"elementor-widget-container\">\n\t\t\t<style>\/*! elementor - v3.8.1 - 13-11-2022 *\/\n.elementor-widget-image{text-align:center}.elementor-widget-image a{display:inline-block}.elementor-widget-image a img[src$=\".svg\"]{width:48px}.elementor-widget-image img{vertical-align:middle;display:inline-block}<\/style>\t\t\t\t\t\t\t\t\t\t\t\t<img decoding=\"async\" src=\"https:\/\/www.rotatransportes.com.br\/wp-content\/uploads\/elementor\/thumbs\/OUTUBRO30-2023-RT-Site-qdac4ntyruedttafj0xgn5n6qcrc1yp3zmh6kd04pk.jpg\" title=\"OUTUBRO30&#8212;2023-(RT)&#8212;Site\" alt=\"OUTUBRO30---2023-(RT)---Site\" \/>\t\t\t\t\t\t\t\t\t\t\t\t\t\t\t<\/div>\n\t\t\t\t<\/div>\n\t\t\t\t<section class=\"elementor-section elementor-inner-section elementor-element elementor-element-cd0a936 elementor-section-boxed elementor-section-height-default elementor-section-height-default\" data-id=\"cd0a936\" data-element_type=\"section\" data-settings=\"{&quot;_ha_eqh_enable&quot;:false}\">\n\t\t\t\t\t\t<div class=\"elementor-container elementor-column-gap-default\">\n\t\t\t\t\t<div class=\"elementor-column elementor-col-100 elementor-inner-column elementor-element elementor-element-856d0d4\" data-id=\"856d0d4\" data-element_type=\"column\">\n\t\t\t<div class=\"elementor-widget-wrap elementor-element-populated\">\n\t\t\t\t\t\t\t\t<div class=\"elementor-element elementor-element-d3950f7 elementor-widget elementor-widget-heading\" data-id=\"d3950f7\" data-element_type=\"widget\" data-widget_type=\"heading.default\">\n\t\t\t\t<div class=\"elementor-widget-container\">\n\t\t\t<style>\/*! elementor - v3.8.1 - 13-11-2022 *\/\n.elementor-heading-title{padding:0;margin:0;line-height:1}.elementor-widget-heading .elementor-heading-title[class*=elementor-size-]>a{color:inherit;font-size:inherit;line-height:inherit}.elementor-widget-heading .elementor-heading-title.elementor-size-small{font-size:15px}.elementor-widget-heading .elementor-heading-title.elementor-size-medium{font-size:19px}.elementor-widget-heading .elementor-heading-title.elementor-size-large{font-size:29px}.elementor-widget-heading .elementor-heading-title.elementor-size-xl{font-size:39px}.elementor-widget-heading .elementor-heading-title.elementor-size-xxl{font-size:59px}<\/style><h4 class=\"elementor-heading-title elementor-size-default\">REGULAMENTO \u2013 ROTA CUPOM: OUTUBRO30<\/h4>\t\t<\/div>\n\t\t\t\t<\/div>\n\t\t\t\t<div class=\"elementor-element elementor-element-a55c3b0 elementor-widget elementor-widget-text-editor\" data-id=\"a55c3b0\" data-element_type=\"widget\" data-widget_type=\"text-editor.default\">\n\t\t\t\t<div class=\"elementor-widget-container\">\n\t\t\t<style>\/*! elementor - v3.8.1 - 13-11-2022 *\/\n.elementor-widget-text-editor.elementor-drop-cap-view-stacked .elementor-drop-cap{background-color:#818a91;color:#fff}.elementor-widget-text-editor.elementor-drop-cap-view-framed .elementor-drop-cap{color:#818a91;border:3px solid;background-color:transparent}.elementor-widget-text-editor:not(.elementor-drop-cap-view-default) .elementor-drop-cap{margin-top:8px}.elementor-widget-text-editor:not(.elementor-drop-cap-view-default) .elementor-drop-cap-letter{width:1em;height:1em}.elementor-widget-text-editor .elementor-drop-cap{float:left;text-align:center;line-height:1;font-size:50px}.elementor-widget-text-editor .elementor-drop-cap-letter{display:inline-block}<\/style>\t\t\t\t<p style=\"text-align:justify\">1.&nbsp; &nbsp;<b>O CUPOM PROMOCIONAL OUTUBRO30 da ROTA TRANSPORTES<\/b> consiste na disponibiliza\u00e7\u00e3o de <b>30%<\/b> de desconto por inser\u00e7\u00e3o de c\u00f3digo promocional pr\u00e9-estabelecido, em trechos e servi\u00e7os espec\u00edficos, dentro do per\u00edodo de validade estipulado. As condi\u00e7\u00f5es para elegibilidade encontram-se nos itens a seguir descritos;<\/p><p style=\"text-align:justify\">2.&nbsp;<b>O CUPOM PROMOCIONAL OUTUBRO30 da ROTA TRANSPORTES <\/b>ser\u00e1 disponibilizado apenas para compras efetivadas no site https:\/\/www.rotatransportes.com.br e pelo APP oficial da Rota Transportes dispon\u00edvel para android e iOS;<\/p><p style=\"text-align:justify\">3.&nbsp; &nbsp; Os<b> 30%<\/b> de desconto da campanha promocional com cupom de desconto<b> (OUTUBRO30)<\/b> ser\u00e3o aplicados apenas sobre as tarifas das passagens dos trechos promocionais. Portanto, n\u00e3o est\u00e3o inclusas nos descontos as tarifas de ped\u00e1gio, seguro facultativo e de utiliza\u00e7\u00e3o de terminais;&nbsp;<\/p><p style=\"text-align:justify\">4.&nbsp; &nbsp; O cupom promocional \u00e9 v\u00e1lido <b>SOMENTE<\/b> para compras de <b>11\/10\/2023 at\u00e9 31\/10\/2023<\/b> nas linhas e trajetos designados no item 8, e ser\u00e3o aplicados no valor do bilhete de passagem adquirido e para embarque nos per\u00edodos designados no item 12. Para aplica\u00e7\u00e3o do desconto, o cliente dever\u00e1 inserir a denomina\u00e7\u00e3o do cupom correspondente<b> (OUTUBRO30)<\/b> no campo espec\u00edfico no momento da compra. Em casos de mais de uma passagem na mesma compra, o cupom deve ser inserido em todos os campos dispon\u00edveis;<\/p><p style=\"text-align:justify\">5.&nbsp; &nbsp; &nbsp;Para remarca\u00e7\u00e3o, o cliente fica desde j\u00e1 ciente de que, em sendo o valor menor do que a compra origin\u00e1ria, em raz\u00e3o da compra adquirida ter sido em valor promocional, n\u00e3o ser\u00e1 eleg\u00edvel ao reembolso da diferen\u00e7a. J\u00e1 se o valor da remarca\u00e7\u00e3o for superior ao valor originariamente pago, dever\u00e1 observar o valor da tarifa vigente para a nova data desejada, efetuando o pagamento da diferen\u00e7a de valor, inclusive de ped\u00e1gio, seguro facultativo e de utiliza\u00e7\u00e3o de terminais, quando houver;<\/p><p style=\"text-align:justify\">&nbsp;<span style=\"white-space:pre\">\t<\/span>5.1 A remarca\u00e7\u00e3o de viagens adquiridas na campanha promocional com cupom de desconto <b>(OUTUBRO30)<\/b> no trecho interestadual, somente ser\u00e1 eleg\u00edvel para remarca\u00e7\u00e3o em outro trecho interestadual, enquanto a remarca\u00e7\u00e3o de viagem em trecho intermunicipal adquirida na vig\u00eancia da promo\u00e7\u00e3o, somente ser\u00e1 eleg\u00edvel para remarca\u00e7\u00e3o em outro trecho intermunicipal, desde que observada as 3 (tr\u00eas) horas de anteced\u00eancia prevista;&nbsp;<\/p><p style=\"text-align:justify\">6.&nbsp; &nbsp; &nbsp; Para cancelamento, o cliente dever\u00e1 solicitar em at\u00e9 3 (tr\u00eas) horas de anteced\u00eancia da viagem, sendo o valor a ser reembolsado o mesmo valor pago pelo cliente \u00e0 \u00e9poca da aquisi\u00e7\u00e3o da tarifa na campanha promocional com cupom de desconto <b>(OUTUBRO30)<\/b>, observando as regras e condi\u00e7\u00f5es previstas para o reembolso.&nbsp;<\/p><p style=\"text-align:justify\">7.&nbsp; &nbsp; &nbsp; O bilhete de passagem adquirido no per\u00edodo promocional \u00e9 para uso pessoal e intransfer\u00edvel;&nbsp;&nbsp;<\/p><p style=\"text-align:justify\">8.&nbsp; &nbsp; &nbsp; &nbsp;<b>O CUPOM PROMOCIONAL OUTUBRO30 da ROTA TRANSPORTES<\/b> \u00e9 v\u00e1lido t\u00e3o somente para os seguintes trechos e servi\u00e7os:<\/p><p style=\"text-align:justify\"><br><\/p><p style=\"text-align:justify\">\u2022 Salvador X Aracaju<\/p><p style=\"text-align:justify\">\u2022 Salvador X Juazeiro<\/p><p style=\"text-align:justify\">\u2022 Feira de Santana X Aracaju<\/p><p style=\"text-align:justify\">\u2022 Feira de Santana X Juazeiro<\/p><p style=\"text-align:justify\">\u2022 Itabuna X Aracaju<\/p><p style=\"text-align:justify\">\u2022 Itabuna X Feira de Santana<\/p><p style=\"text-align:justify\"><br><\/p><p style=\"text-align:justify\"><span style=\"font-family: var( --e-global-typography-text-font-family ), Sans-serif; font-weight: var( --e-global-typography-text-font-weight ); font-size: 1rem;\">9.&nbsp; &nbsp; &nbsp; &nbsp; &nbsp; &nbsp; Promo\u00e7\u00e3o v\u00e1lida para todos os servi\u00e7os, <\/span><span style=\"font-family: var( --e-global-typography-text-font-family ), Sans-serif; font-size: 1rem;\"><b>EXCETO<\/b><\/span><span style=\"font-family: var( --e-global-typography-text-font-family ), Sans-serif; font-weight: var( --e-global-typography-text-font-weight ); font-size: 1rem;\"> para os servi\u00e7os<\/span><span style=\"font-family: var( --e-global-typography-text-font-family ), Sans-serif; font-size: 1rem;\"><b> LEITO E LEITO-CAMA;<\/b><\/span><br><\/p><p style=\"text-align:justify\">10.&nbsp; &nbsp; &nbsp; &nbsp; &nbsp;A mera participa\u00e7\u00e3o nesta promo\u00e7\u00e3o caracteriza a aceita\u00e7\u00e3o dos termos e condi\u00e7\u00f5es previstos neste regulamento;<\/p><p style=\"text-align:justify\">11.&nbsp; &nbsp; &nbsp; &nbsp; &nbsp;Cupom de ofertas v\u00e1lido para compras de <b>11\/10\/2023 at\u00e9 31\/10\/2023;<\/b><\/p><p style=\"text-align:justify\">12.&nbsp; &nbsp; &nbsp; &nbsp; &nbsp;Embarques estabelecidos entre <b>17\/10\/2023 e 31\/10\/2023;<\/b><\/p><p style=\"text-align:justify\">13.&nbsp; &nbsp; &nbsp; &nbsp; &nbsp;Promo\u00e7\u00e3o n\u00e3o cumulativa;<\/p><p style=\"text-align:justify\">14.&nbsp; &nbsp; &nbsp; &nbsp;A empresa se reserva ao direito de interrup\u00e7\u00e3o desta campanha promocional com cupom de desconto <b>(OUTUBRO30)<\/b> a qualquer momento sem aviso pr\u00e9vio.<\/p><p style=\"text-align:justify\"><br><\/p><p style=\"text-align:justify\">&nbsp;Para mais informa\u00e7\u00f5es, entre e contato com o nosso <b>SAC: 0800 075 0010.<\/b><\/p><p style=\"text-align:justify\">&nbsp;<b>Rota Transportes, com voc\u00ea nos caminhos da vida.<\/b><\/p><div style=\"text-align: justify;\"><br><\/div>\t\t\t\t\t\t<\/div>\n\t\t\t\t<\/div>\n\t\t\t\t\t<\/div>\n\t\t<\/div>\n\t\t\t\t\t\t\t<\/div>\n\t\t<\/section>\n\t\t\t\t\t<\/div>\n\t\t<\/div>\n\t\t\t\t\t\t\t<\/div>\n\t\t<\/section>\n\t\t\t\t\t\t\t<\/div>\n\t\t","protected":false},"excerpt":{"rendered":"<p>REGULAMENTO \u2013 ROTA CUPOM: OUTUBRO30 1.&nbsp; &nbsp;O CUPOM PROMOCIONAL OUTUBRO30 da ROTA TRANSPORTES consiste na disponibiliza\u00e7\u00e3o de 30% de desconto por inser\u00e7\u00e3o de c\u00f3digo promocional pr\u00e9-estabelecido, em trechos e servi\u00e7os espec\u00edficos, dentro do per\u00edodo de validade estipulado. As condi\u00e7\u00f5es para elegibilidade encontram-se nos itens a seguir descritos; 2.&nbsp;O CUPOM PROMOCIONAL OUTUBRO30 da ROTA TRANSPORTES ser\u00e1 [&hellip;]<\/p>\n","protected":false},"author":2,"featured_media":0,"parent":0,"menu_order":0,"comment_status":"closed","ping_status":"closed","template":"","meta":{"_joinchat":[],"footnotes":""},"class_list":["post-3856","page","type-page","status-publish","hentry"],"_links":{"self":[{"href":"https:\/\/www.rotatransportes.com.br\/index.php\/wp-json\/wp\/v2\/pages\/3856","targetHints":{"allow":["GET"]}}],"collection":[{"href":"https:\/\/www.rotatransportes.com.br\/index.php\/wp-json\/wp\/v2\/pages"}],"about":[{"href":"https:\/\/www.rotatransportes.com.br\/index.php\/wp-json\/wp\/v2\/types\/page"}],"author":[{"embeddable":true,"href":"https:\/\/www.rotatransportes.com.br\/index.php\/wp-json\/wp\/v2\/users\/2"}],"replies":[{"embeddable":true,"href":"https:\/\/www.rotatransportes.com.br\/index.php\/wp-json\/wp\/v2\/comments?post=3856"}],"version-history":[{"count":7,"href":"https:\/\/www.rotatransportes.com.br\/index.php\/wp-json\/wp\/v2\/pages\/3856\/revisions"}],"predecessor-version":[{"id":3868,"href":"https:\/\/www.rotatransportes.com.br\/index.php\/wp-json\/wp\/v2\/pages\/3856\/revisions\/3868"}],"wp:attachment":[{"href":"https:\/\/www.rotatransportes.com.br\/index.php\/wp-json\/wp\/v2\/media?parent=3856"}],"curies":[{"name":"wp","href":"https:\/\/api.w.org\/{rel}","templated":true}]}}