{"id":4045,"date":"2024-02-27T13:32:15","date_gmt":"2024-02-27T13:32:15","guid":{"rendered":"https:\/\/www.rotatransportes.com.br\/?page_id=4045"},"modified":"2024-02-27T13:37:17","modified_gmt":"2024-02-27T13:37:17","slug":"regulamento-promocao-paredaorota","status":"publish","type":"page","link":"https:\/\/www.rotatransportes.com.br\/index.php\/regulamento-promocao-paredaorota\/","title":{"rendered":"REGULAMENTO PROMO\u00c7\u00c3O PAREDAOROTA"},"content":{"rendered":"\t\t<div data-elementor-type=\"wp-page\" data-elementor-id=\"4045\" class=\"elementor elementor-4045\">\n\t\t\t\t\t\t\t<div class=\"elementor-element elementor-element-002a6af e-con-full e-con\" data-id=\"002a6af\" data-element_type=\"container\" data-settings=\"{&quot;content_width&quot;:&quot;full&quot;}\">\n\t\t\t\t<div class=\"elementor-element elementor-element-b217741 elementor-widget elementor-widget-spacer\" data-id=\"b217741\" data-element_type=\"widget\" data-widget_type=\"spacer.default\">\n\t\t\t\t<div class=\"elementor-widget-container\">\n\t\t\t<style>\/*! elementor - v3.8.1 - 13-11-2022 *\/\n.elementor-column .elementor-spacer-inner{height:var(--spacer-size)}.e-con{--container-widget-width:100%}.e-con-inner>.elementor-widget-spacer,.e-con>.elementor-widget-spacer{width:var(--container-widget-width,var(--spacer-size));-ms-flex-item-align:stretch;align-self:stretch;-ms-flex-negative:0;flex-shrink:0}.e-con-inner>.elementor-widget-spacer>.elementor-widget-container,.e-con-inner>.elementor-widget-spacer>.elementor-widget-container>.elementor-spacer,.e-con>.elementor-widget-spacer>.elementor-widget-container,.e-con>.elementor-widget-spacer>.elementor-widget-container>.elementor-spacer{height:100%}.e-con-inner>.elementor-widget-spacer>.elementor-widget-container>.elementor-spacer>.elementor-spacer-inner,.e-con>.elementor-widget-spacer>.elementor-widget-container>.elementor-spacer>.elementor-spacer-inner{height:var(--container-widget-height,var(--spacer-size))}<\/style>\t\t<div class=\"elementor-spacer\">\n\t\t\t<div class=\"elementor-spacer-inner\"><\/div>\n\t\t<\/div>\n\t\t\t\t<\/div>\n\t\t\t\t<\/div>\n\t\t\t\t<\/div>\n\t\t\t\t<section class=\"elementor-section elementor-top-section elementor-element elementor-element-e8d2339 elementor-section-boxed elementor-section-height-default elementor-section-height-default\" data-id=\"e8d2339\" data-element_type=\"section\" data-settings=\"{&quot;_ha_eqh_enable&quot;:false}\">\n\t\t\t\t\t\t<div class=\"elementor-container elementor-column-gap-default\">\n\t\t\t\t\t<div class=\"elementor-column elementor-col-100 elementor-top-column elementor-element elementor-element-ed904f4\" data-id=\"ed904f4\" data-element_type=\"column\">\n\t\t\t<div class=\"elementor-widget-wrap elementor-element-populated\">\n\t\t\t\t\t\t\t\t<div class=\"elementor-element elementor-element-e961a9e elementor-widget elementor-widget-image\" data-id=\"e961a9e\" data-element_type=\"widget\" data-widget_type=\"image.default\">\n\t\t\t\t<div class=\"elementor-widget-container\">\n\t\t\t<style>\/*! elementor - v3.8.1 - 13-11-2022 *\/\n.elementor-widget-image{text-align:center}.elementor-widget-image a{display:inline-block}.elementor-widget-image a img[src$=\".svg\"]{width:48px}.elementor-widget-image img{vertical-align:middle;display:inline-block}<\/style>\t\t\t\t\t\t\t\t\t\t\t\t<img decoding=\"async\" src=\"https:\/\/www.rotatransportes.com.br\/wp-content\/uploads\/2024\/02\/ROTABBB-2024-RTok.jpg\" title=\"\" alt=\"\" \/>\t\t\t\t\t\t\t\t\t\t\t\t\t\t\t<\/div>\n\t\t\t\t<\/div>\n\t\t\t\t<section class=\"elementor-section elementor-inner-section elementor-element elementor-element-cd0a936 elementor-section-boxed elementor-section-height-default elementor-section-height-default\" data-id=\"cd0a936\" data-element_type=\"section\" data-settings=\"{&quot;_ha_eqh_enable&quot;:false}\">\n\t\t\t\t\t\t<div class=\"elementor-container elementor-column-gap-default\">\n\t\t\t\t\t<div class=\"elementor-column elementor-col-100 elementor-inner-column elementor-element elementor-element-856d0d4\" data-id=\"856d0d4\" data-element_type=\"column\">\n\t\t\t<div class=\"elementor-widget-wrap elementor-element-populated\">\n\t\t\t\t\t\t\t\t<div class=\"elementor-element elementor-element-d3950f7 elementor-widget elementor-widget-heading\" data-id=\"d3950f7\" data-element_type=\"widget\" data-widget_type=\"heading.default\">\n\t\t\t\t<div class=\"elementor-widget-container\">\n\t\t\t<style>\/*! elementor - v3.8.1 - 13-11-2022 *\/\n.elementor-heading-title{padding:0;margin:0;line-height:1}.elementor-widget-heading .elementor-heading-title[class*=elementor-size-]>a{color:inherit;font-size:inherit;line-height:inherit}.elementor-widget-heading .elementor-heading-title.elementor-size-small{font-size:15px}.elementor-widget-heading .elementor-heading-title.elementor-size-medium{font-size:19px}.elementor-widget-heading .elementor-heading-title.elementor-size-large{font-size:29px}.elementor-widget-heading .elementor-heading-title.elementor-size-xl{font-size:39px}.elementor-widget-heading .elementor-heading-title.elementor-size-xxl{font-size:59px}<\/style><h4 class=\"elementor-heading-title elementor-size-default\">REGULAMENTO PROMO\u00c7\u00c3O PAREDAOROTA<\/h4>\t\t<\/div>\n\t\t\t\t<\/div>\n\t\t\t\t<div class=\"elementor-element elementor-element-a55c3b0 elementor-widget elementor-widget-text-editor\" data-id=\"a55c3b0\" data-element_type=\"widget\" data-widget_type=\"text-editor.default\">\n\t\t\t\t<div class=\"elementor-widget-container\">\n\t\t\t<style>\/*! elementor - v3.8.1 - 13-11-2022 *\/\n.elementor-widget-text-editor.elementor-drop-cap-view-stacked .elementor-drop-cap{background-color:#818a91;color:#fff}.elementor-widget-text-editor.elementor-drop-cap-view-framed .elementor-drop-cap{color:#818a91;border:3px solid;background-color:transparent}.elementor-widget-text-editor:not(.elementor-drop-cap-view-default) .elementor-drop-cap{margin-top:8px}.elementor-widget-text-editor:not(.elementor-drop-cap-view-default) .elementor-drop-cap-letter{width:1em;height:1em}.elementor-widget-text-editor .elementor-drop-cap{float:left;text-align:center;line-height:1;font-size:50px}.elementor-widget-text-editor .elementor-drop-cap-letter{display:inline-block}<\/style>\t\t\t\t<p><span style=\"font-family: 'Calibri','sans-serif'; mso-ascii-theme-font: minor-latin; mso-hansi-theme-font: minor-latin; mso-bidi-theme-font: minor-latin;\">1. O\u00a0<b>CUPOM PROMOCIONAL PAREDAOROTA<\/b>\u00a0da\u00a0<b>ROTA TRANSPORTES<\/b>\u00a0consiste na disponibiliza\u00e7\u00e3o de 30% de desconto por inser\u00e7\u00e3o de c\u00f3digo promocional pr\u00e9-estabelecido, em trechos e servi\u00e7os espec\u00edficos, dentro do per\u00edodo de validade estipulado. As condi\u00e7\u00f5es para elegibilidade encontram-se nos itens a seguir descritos;<\/span><\/p><p align=\"left\"><span style=\"font-family: 'Calibri','sans-serif'; mso-ascii-theme-font: minor-latin; mso-hansi-theme-font: minor-latin; mso-bidi-theme-font: minor-latin;\">\u00a0<\/span><span style=\"font-family: Calibri, 'sans-serif'; font-weight: var( --e-global-typography-text-font-weight ); font-size: 1rem;\">2. O\u00a0<\/span><b style=\"font-family: Calibri, 'sans-serif'; font-size: 1rem;\">CUPOM PROMOCIONAL PAREDAOROTA<\/b><span style=\"font-family: Calibri, 'sans-serif'; font-weight: var( --e-global-typography-text-font-weight ); font-size: 1rem;\">\u00a0da\u00a0<\/span><b style=\"font-family: Calibri, 'sans-serif'; font-size: 1rem;\">ROTA TRANSPORTES<\/b><span style=\"font-family: Calibri, 'sans-serif'; font-weight: var( --e-global-typography-text-font-weight ); font-size: 1rem;\">\u00a0ser\u00e1 disponibilizado apenas para compras efetivadas no site https:\/\/www.rotatransportes.com.br e pelo APP oficial da Rota Transportes dispon\u00edvel para android e iOS;<\/span><\/p><p><span style=\"font-family: 'Calibri','sans-serif'; mso-ascii-theme-font: minor-latin; mso-hansi-theme-font: minor-latin; mso-bidi-theme-font: minor-latin;\">3.\u00a0Os 30% de desconto da\u00a0<b>campanha promocional<\/b>\u00a0<b>com cupom de desconto<\/b>\u00a0<b>(PAREDAOROTA)<\/b>\u00a0ser\u00e3o aplicados apenas sobre as tarifas das passagens dos trechos promocionais. Portanto, n\u00e3o est\u00e3o inclusas nos descontos as tarifas de ped\u00e1gio, seguro facultativo e tarifa de utiliza\u00e7\u00e3o de terminais;<\/span><\/p><p><span style=\"font-family: 'Calibri','sans-serif'; mso-ascii-theme-font: minor-latin; mso-hansi-theme-font: minor-latin; mso-bidi-theme-font: minor-latin;\">4. Os cupons promocionais ser\u00e3o v\u00e1lidos\u00a0<b>SOMENTE<\/b>\u00a0para <b>compras no per\u00edodo de 24 horas de dura\u00e7\u00e3o iniciando \u00e0s 12:00h do dia 27\/02\/2024 at\u00e9 \u00e0s 12:00h do dia 28\/02\/2024<\/b> nas linhas e trajetos designados no item 8, e ser\u00e3o aplicados no valor de tarifa do bilhete de passagem adquirido e para embarque nos per\u00edodos designados no item 12. Para aplica\u00e7\u00e3o do desconto, o cliente dever\u00e1 inserir a denomina\u00e7\u00e3o do cupom correspondente\u00a0<b>(PAREDAOROTA)<\/b>\u00a0no campo espec\u00edfico no momento da compra. Em casos de mais\u00a0de uma passagem na mesma compra, o cupom deve ser inserido em todos os campos dispon\u00edveis;<\/span><\/p><p><span style=\"font-family: 'Calibri','sans-serif'; mso-ascii-theme-font: minor-latin; mso-hansi-theme-font: minor-latin; mso-bidi-theme-font: minor-latin;\">5.\u00a0Para remarca\u00e7\u00e3o, o cliente fica desde j\u00e1 ciente de que, em sendo o valor menor do que a compra origin\u00e1ria, em raz\u00e3o da compra adquirida ter sido em valor promocional, n\u00e3o ser\u00e1 eleg\u00edvel ao reembolso da diferen\u00e7a. J\u00e1 se o valor da remarca\u00e7\u00e3o for superior ao valor originariamente pago, dever\u00e1 observar o valor da tarifa vigente para a nova data desejada, efetuando o pagamento da diferen\u00e7a de valor, inclusive de ped\u00e1gio, seguro facultativo e de utiliza\u00e7\u00e3o de terminais, quando houver;<\/span><\/p><p style=\"margin-left: 1.0pt;\"><span style=\"font-family: 'Calibri','sans-serif'; mso-ascii-theme-font: minor-latin; mso-hansi-theme-font: minor-latin; mso-bidi-theme-font: minor-latin;\">5.1. A remarca\u00e7\u00e3o de viagens adquiridas na\u00a0<b>campanha promocional com cupom de desconto<\/b>\u00a0<b>(PAREDAOROTA)<\/b>\u00a0no trecho interestadual, somente ser\u00e1 eleg\u00edvel para remarca\u00e7\u00e3o em outro trecho interestadual, enquanto a remarca\u00e7\u00e3o de viagem em trecho intermunicipal adquirida na vig\u00eancia da promo\u00e7\u00e3o, somente ser\u00e1 eleg\u00edvel para remarca\u00e7\u00e3o em outro trecho intermunicipal, desde que observada as 3 (tr\u00eas) horas de anteced\u00eancia prevista para o hor\u00e1rio contratado para embarque;<\/span><\/p><p><span style=\"font-family: 'Calibri','sans-serif'; mso-ascii-theme-font: minor-latin; mso-hansi-theme-font: minor-latin; mso-bidi-theme-font: minor-latin;\">\u00a0<\/span><span style=\"font-family: Calibri, 'sans-serif'; font-weight: var( --e-global-typography-text-font-weight ); font-size: 1rem;\">6. Para cancelamento, o cliente dever\u00e1 solicitar em at\u00e9 3 (tr\u00eas) horas de anteced\u00eancia da viagem, observando as regras e condi\u00e7\u00f5es previstas para o reembolso, sendo o valor a ser reembolsado o mesmo valor pago pelo cliente a \u00e9poca da aquisi\u00e7\u00e3o da tarifa na\u00a0<\/span><b style=\"font-family: Calibri, 'sans-serif'; font-size: 1rem;\">campanha promocional com cupom de desconto<\/b><span style=\"font-family: Calibri, 'sans-serif'; font-weight: var( --e-global-typography-text-font-weight ); font-size: 1rem;\">\u00a0<\/span><b style=\"font-family: Calibri, 'sans-serif'; font-size: 1rem;\">(PAREDAOROTA)<\/b><span style=\"font-family: Calibri, 'sans-serif'; font-weight: var( --e-global-typography-text-font-weight ); font-size: 1rem;\">;\u00a0<\/span><\/p><p align=\"left\"><span style=\"font-family: 'Calibri','sans-serif'; mso-ascii-theme-font: minor-latin; mso-hansi-theme-font: minor-latin; mso-bidi-theme-font: minor-latin;\">\u00a0<\/span><span style=\"font-family: Calibri, 'sans-serif'; font-weight: var( --e-global-typography-text-font-weight ); font-size: 1rem;\">7. O bilhete de passagem adquirido no per\u00edodo promocional \u00e9 para uso pessoal e intransfer\u00edvel;\u00a0<\/span><\/p><p align=\"left\"><span style=\"font-family: 'Calibri','sans-serif'; mso-ascii-theme-font: minor-latin; mso-hansi-theme-font: minor-latin; mso-bidi-theme-font: minor-latin;\">8.\u00a0O<b>\u00a0CUPOM PROMOCIONAL PAREDAOROTA<\/b>\u00a0da\u00a0<b>ROTA TRANSPORTES<\/b>\u00a0\u00e9 v\u00e1lido t\u00e3o somente para os seguintes trechos e servi\u00e7os:<br \/>\u00a0\u00a0<\/span><span style=\"font-family: Calibri, 'sans-serif'; font-weight: var( --e-global-typography-text-font-weight ); font-size: 1rem;\">Trechos\u00a0<\/span><b style=\"font-family: Calibri, 'sans-serif'; font-size: 1rem;\">com Destino<\/b><span style=\"font-family: Calibri, 'sans-serif'; font-weight: var( --e-global-typography-text-font-weight ); font-size: 1rem;\">\u00a0<\/span><b style=\"font-family: Calibri, 'sans-serif'; font-size: 1rem;\">a<\/b><span style=\"font-family: Calibri, 'sans-serif'; font-weight: var( --e-global-typography-text-font-weight ); font-size: 1rem;\">\u00a0Salvador \u2013 BA<\/span><\/p><p align=\"left\"><span style=\"font-family: 'Calibri','sans-serif'; mso-ascii-theme-font: minor-latin; mso-hansi-theme-font: minor-latin; mso-bidi-theme-font: minor-latin;\">Trechos\u00a0<b>com Origem em<\/b>\u00a0Salvador &#8211; BA<\/span><\/p><p align=\"left\"><span style=\"font-family: 'Calibri','sans-serif'; mso-ascii-theme-font: minor-latin; mso-hansi-theme-font: minor-latin; mso-bidi-theme-font: minor-latin;\"><br \/><b>*\u00a0C\u00f3digo de cupom promocional: PAREDAOROTA<\/b><br \/><br \/>9.<b>\u00a0<\/b>Promo\u00e7\u00e3o v\u00e1lida para todos os servi\u00e7os, <b>EXCETO <\/b>para os servi\u00e7os <b>LEITO, LEITTO CAMA e LEITO EXPRESSO;<\/b><\/span><\/p><p align=\"left\"><span style=\"font-family: 'Calibri','sans-serif'; mso-ascii-theme-font: minor-latin; mso-hansi-theme-font: minor-latin; mso-bidi-theme-font: minor-latin;\">10. A mera participa\u00e7\u00e3o e uso do cupom caracteriza a aceita\u00e7\u00e3o dos termos e condi\u00e7\u00f5es previstos neste regulamento;<br \/><br \/>11. Cupom de ofertas v\u00e1lido para\u00a0<b>compras no per\u00edodo de 24 horas de dura\u00e7\u00e3o iniciando \u00e0s 12:00h do dia 27\/02\/2024 at\u00e9 \u00e0s 12:00h do dia 28\/02\/2024<\/b>;<br \/><br \/><b>12.\u00a0Embarques estabelecidos entre 01\/03 e 27\/03\/2024.<\/b><br \/><br \/><b>13.\u00a0<\/b>Promo\u00e7\u00e3o n\u00e3o cumulativa;<br \/><br \/>14.\u00a0<\/span><span style=\"font-size: 12.0pt; line-height: 102%; font-family: 'Calibri','sans-serif'; mso-ascii-theme-font: minor-latin; mso-hansi-theme-font: minor-latin; mso-bidi-theme-font: minor-latin;\">A empresa se reserva ao direito de interrup\u00e7\u00e3o desta\u00a0<b>campanha promocional\u00a0com cupom de desconto\u00a0(<\/b><\/span><b><span style=\"font-family: 'Calibri','sans-serif'; mso-ascii-theme-font: minor-latin; mso-hansi-theme-font: minor-latin; mso-bidi-theme-font: minor-latin;\">PAREDAOROTA<\/span><\/b><b><span style=\"font-size: 12.0pt; line-height: 102%; font-family: 'Calibri','sans-serif'; mso-ascii-theme-font: minor-latin; mso-hansi-theme-font: minor-latin; mso-bidi-theme-font: minor-latin;\">)\u00a0<\/span><\/b><span style=\"font-size: 12.0pt; line-height: 102%; font-family: 'Calibri','sans-serif'; mso-ascii-theme-font: minor-latin; mso-hansi-theme-font: minor-latin; mso-bidi-theme-font: minor-latin;\">a qualquer momento sem aviso pr\u00e9vio.<\/span><\/p><p style=\"margin: 12pt 0.25pt 12pt 0.5pt; line-height: normal; background-image: initial; background-position: initial; background-size: initial; background-repeat: initial; background-attachment: initial; background-origin: initial; background-clip: initial;\" align=\"left\"><span style=\"font-size: 12.0pt; font-family: 'Calibri','sans-serif'; mso-ascii-theme-font: minor-latin; mso-hansi-theme-font: minor-latin; mso-bidi-theme-font: minor-latin; color: windowtext;\">Para mais informa\u00e7\u00f5es, entre e contato com o nosso\u00a0<b>SAC: 0800 075 0010.<\/b><\/span><\/p><p style=\"text-indent: -35.3pt; mso-list: l1 level1 lfo1; margin: 0cm .1pt 14.6pt 35.3pt;\"><b><span style=\"font-size: 12pt; line-height: 102%; font-family: Calibri, 'sans-serif';\">Rota Transportes, com voc\u00ea nos caminhos da vida.<\/span><\/b><\/p>\t\t\t\t\t\t<\/div>\n\t\t\t\t<\/div>\n\t\t\t\t\t<\/div>\n\t\t<\/div>\n\t\t\t\t\t\t\t<\/div>\n\t\t<\/section>\n\t\t\t\t\t<\/div>\n\t\t<\/div>\n\t\t\t\t\t\t\t<\/div>\n\t\t<\/section>\n\t\t\t\t\t\t\t<\/div>\n\t\t","protected":false},"excerpt":{"rendered":"<p>REGULAMENTO PROMO\u00c7\u00c3O PAREDAOROTA 1. O\u00a0CUPOM PROMOCIONAL PAREDAOROTA\u00a0da\u00a0ROTA TRANSPORTES\u00a0consiste na disponibiliza\u00e7\u00e3o de 30% de desconto por inser\u00e7\u00e3o de c\u00f3digo promocional pr\u00e9-estabelecido, em trechos e servi\u00e7os espec\u00edficos, dentro do per\u00edodo de validade estipulado. As condi\u00e7\u00f5es para elegibilidade encontram-se nos itens a seguir descritos; \u00a02. O\u00a0CUPOM PROMOCIONAL PAREDAOROTA\u00a0da\u00a0ROTA TRANSPORTES\u00a0ser\u00e1 disponibilizado apenas para compras efetivadas no site https:\/\/www.rotatransportes.com.br e [&hellip;]<\/p>\n","protected":false},"author":2,"featured_media":0,"parent":0,"menu_order":0,"comment_status":"closed","ping_status":"closed","template":"","meta":{"_joinchat":[],"footnotes":""},"class_list":["post-4045","page","type-page","status-publish","hentry"],"_links":{"self":[{"href":"https:\/\/www.rotatransportes.com.br\/index.php\/wp-json\/wp\/v2\/pages\/4045","targetHints":{"allow":["GET"]}}],"collection":[{"href":"https:\/\/www.rotatransportes.com.br\/index.php\/wp-json\/wp\/v2\/pages"}],"about":[{"href":"https:\/\/www.rotatransportes.com.br\/index.php\/wp-json\/wp\/v2\/types\/page"}],"author":[{"embeddable":true,"href":"https:\/\/www.rotatransportes.com.br\/index.php\/wp-json\/wp\/v2\/users\/2"}],"replies":[{"embeddable":true,"href":"https:\/\/www.rotatransportes.com.br\/index.php\/wp-json\/wp\/v2\/comments?post=4045"}],"version-history":[{"count":7,"href":"https:\/\/www.rotatransportes.com.br\/index.php\/wp-json\/wp\/v2\/pages\/4045\/revisions"}],"predecessor-version":[{"id":4053,"href":"https:\/\/www.rotatransportes.com.br\/index.php\/wp-json\/wp\/v2\/pages\/4045\/revisions\/4053"}],"wp:attachment":[{"href":"https:\/\/www.rotatransportes.com.br\/index.php\/wp-json\/wp\/v2\/media?parent=4045"}],"curies":[{"name":"wp","href":"https:\/\/api.w.org\/{rel}","templated":true}]}}