{"id":4071,"date":"2024-03-11T17:50:59","date_gmt":"2024-03-11T17:50:59","guid":{"rendered":"https:\/\/www.rotatransportes.com.br\/?page_id=4071"},"modified":"2026-04-28T10:27:51","modified_gmt":"2026-04-28T13:27:51","slug":"regulamento-promocao-compra-antecipda","status":"publish","type":"page","link":"https:\/\/www.rotatransportes.com.br\/index.php\/regulamento-promocao-compra-antecipda\/","title":{"rendered":"REGULAMENTO PROMO\u00c7\u00c3O COMPRA ANTECIPDA"},"content":{"rendered":"\t\t<div data-elementor-type=\"wp-page\" data-elementor-id=\"4071\" class=\"elementor elementor-4071\">\n\t\t\t\t\t\t\t<div class=\"elementor-element elementor-element-002a6af e-con-full e-con\" data-id=\"002a6af\" data-element_type=\"container\" data-settings=\"{&quot;content_width&quot;:&quot;full&quot;}\">\n\t\t\t\t<div class=\"elementor-element elementor-element-b217741 elementor-widget elementor-widget-spacer\" data-id=\"b217741\" data-element_type=\"widget\" data-widget_type=\"spacer.default\">\n\t\t\t\t<div class=\"elementor-widget-container\">\n\t\t\t<style>\/*! elementor - v3.8.1 - 13-11-2022 *\/\n.elementor-column .elementor-spacer-inner{height:var(--spacer-size)}.e-con{--container-widget-width:100%}.e-con-inner>.elementor-widget-spacer,.e-con>.elementor-widget-spacer{width:var(--container-widget-width,var(--spacer-size));-ms-flex-item-align:stretch;align-self:stretch;-ms-flex-negative:0;flex-shrink:0}.e-con-inner>.elementor-widget-spacer>.elementor-widget-container,.e-con-inner>.elementor-widget-spacer>.elementor-widget-container>.elementor-spacer,.e-con>.elementor-widget-spacer>.elementor-widget-container,.e-con>.elementor-widget-spacer>.elementor-widget-container>.elementor-spacer{height:100%}.e-con-inner>.elementor-widget-spacer>.elementor-widget-container>.elementor-spacer>.elementor-spacer-inner,.e-con>.elementor-widget-spacer>.elementor-widget-container>.elementor-spacer>.elementor-spacer-inner{height:var(--container-widget-height,var(--spacer-size))}<\/style>\t\t<div class=\"elementor-spacer\">\n\t\t\t<div class=\"elementor-spacer-inner\"><\/div>\n\t\t<\/div>\n\t\t\t\t<\/div>\n\t\t\t\t<\/div>\n\t\t\t\t<\/div>\n\t\t\t\t<section class=\"elementor-section elementor-top-section elementor-element elementor-element-e8d2339 elementor-section-boxed elementor-section-height-default elementor-section-height-default\" data-id=\"e8d2339\" data-element_type=\"section\" data-settings=\"{&quot;_ha_eqh_enable&quot;:false}\">\n\t\t\t\t\t\t<div class=\"elementor-container elementor-column-gap-default\">\n\t\t\t\t\t<div class=\"elementor-column elementor-col-100 elementor-top-column elementor-element elementor-element-ed904f4\" data-id=\"ed904f4\" data-element_type=\"column\">\n\t\t\t<div class=\"elementor-widget-wrap elementor-element-populated\">\n\t\t\t\t\t\t\t\t<div class=\"elementor-element elementor-element-e961a9e elementor-widget elementor-widget-image\" data-id=\"e961a9e\" data-element_type=\"widget\" data-widget_type=\"image.default\">\n\t\t\t\t<div class=\"elementor-widget-container\">\n\t\t\t<style>\/*! elementor - v3.8.1 - 13-11-2022 *\/\n.elementor-widget-image{text-align:center}.elementor-widget-image a{display:inline-block}.elementor-widget-image a img[src$=\".svg\"]{width:48px}.elementor-widget-image img{vertical-align:middle;display:inline-block}<\/style>\t\t\t\t\t\t\t\t\t\t\t\t<img decoding=\"async\" src=\"https:\/\/www.rotatransportes.com.br\/wp-content\/uploads\/elementor\/thumbs\/baner-ql2d1pp8g70aw5u076t3sb8nvcipkscv8gg4ze7cgo.jpg\" title=\"baner\" alt=\"baner\" \/>\t\t\t\t\t\t\t\t\t\t\t\t\t\t\t<\/div>\n\t\t\t\t<\/div>\n\t\t\t\t<section class=\"elementor-section elementor-inner-section elementor-element elementor-element-cd0a936 elementor-section-boxed elementor-section-height-default elementor-section-height-default\" data-id=\"cd0a936\" data-element_type=\"section\" data-settings=\"{&quot;_ha_eqh_enable&quot;:false}\">\n\t\t\t\t\t\t<div class=\"elementor-container elementor-column-gap-default\">\n\t\t\t\t\t<div class=\"elementor-column elementor-col-100 elementor-inner-column elementor-element elementor-element-856d0d4\" data-id=\"856d0d4\" data-element_type=\"column\">\n\t\t\t<div class=\"elementor-widget-wrap elementor-element-populated\">\n\t\t\t\t\t\t\t\t<div class=\"elementor-element elementor-element-d3950f7 elementor-widget elementor-widget-heading\" data-id=\"d3950f7\" data-element_type=\"widget\" data-widget_type=\"heading.default\">\n\t\t\t\t<div class=\"elementor-widget-container\">\n\t\t\t<style>\/*! elementor - v3.8.1 - 13-11-2022 *\/\n.elementor-heading-title{padding:0;margin:0;line-height:1}.elementor-widget-heading .elementor-heading-title[class*=elementor-size-]>a{color:inherit;font-size:inherit;line-height:inherit}.elementor-widget-heading .elementor-heading-title.elementor-size-small{font-size:15px}.elementor-widget-heading .elementor-heading-title.elementor-size-medium{font-size:19px}.elementor-widget-heading .elementor-heading-title.elementor-size-large{font-size:29px}.elementor-widget-heading .elementor-heading-title.elementor-size-xl{font-size:39px}.elementor-widget-heading .elementor-heading-title.elementor-size-xxl{font-size:59px}<\/style><h4 class=\"elementor-heading-title elementor-size-default\"><b><span style=\"font-size: 16pt; line-height: 107%; font-family: Calibri, &quot;sans-serif&quot;; color: rgb(112, 48, 160); background-image: initial; background-position: initial; background-size: initial; background-repeat: initial; background-attachment: initial; background-origin: initial; background-clip: initial;\">REGULAMENTO PROMO\u00c7\u00c3O COMPRA ANTECIPDA<\/span><\/b><\/h4>\t\t<\/div>\n\t\t\t\t<\/div>\n\t\t\t\t<div class=\"elementor-element elementor-element-a55c3b0 elementor-widget elementor-widget-text-editor\" data-id=\"a55c3b0\" data-element_type=\"widget\" data-widget_type=\"text-editor.default\">\n\t\t\t\t<div class=\"elementor-widget-container\">\n\t\t\t<style>\/*! elementor - v3.8.1 - 13-11-2022 *\/\n.elementor-widget-text-editor.elementor-drop-cap-view-stacked .elementor-drop-cap{background-color:#818a91;color:#fff}.elementor-widget-text-editor.elementor-drop-cap-view-framed .elementor-drop-cap{color:#818a91;border:3px solid;background-color:transparent}.elementor-widget-text-editor:not(.elementor-drop-cap-view-default) .elementor-drop-cap{margin-top:8px}.elementor-widget-text-editor:not(.elementor-drop-cap-view-default) .elementor-drop-cap-letter{width:1em;height:1em}.elementor-widget-text-editor .elementor-drop-cap{float:left;text-align:center;line-height:1;font-size:50px}.elementor-widget-text-editor .elementor-drop-cap-letter{display:inline-block}<\/style>\t\t\t\t<ol><li style=\"list-style-type: none;\"><ol style=\"padding-left: 25px; color: #333333; font-family: 'Helvetica Neue', Helvetica, Arial, sans-serif; font-size: medium;\"><li style=\"margin-bottom: 18px; text-align: justify; padding-left: 5px;\"><p style=\"color: #444444; font-size: medium; font-weight: 400; text-transform: none;\">1. A\u00a0<strong>PROMO\u00c7\u00c3O COMPRA ANTECIPADA<\/strong>\u00a0da\u00a0<strong>ROTA TRANSPORTES<\/strong>\u00a0consiste na disponibiliza\u00e7\u00e3o de trechos e servi\u00e7os espec\u00edficos, em valores promocionais, dentro do per\u00edodo de validade estipulado. As condi\u00e7\u00f5es para elegibilidade encontram-se nos itens a seguir descritos;<\/p><p style=\"color: #444444; font-size: medium; font-weight: 400; text-transform: none;\">2. A\u00a0<strong>PROMO\u00c7\u00c3O COMPRA ANTECIPADA<\/strong>\u00a0da\u00a0<strong>ROTA TRANSPORTES<\/strong>\u00a0est\u00e1 dispon\u00edvel para compras em todos os canais de vendas sendo: (Site oficial \/ Aplicativo Oficial \/ Ag\u00eancias f\u00edsicas \/ Canais Parceiros);<\/p><p style=\"color: #444444; font-size: medium; font-weight: 400; text-transform: none;\">3. Os descontos ser\u00e3o aplicados apenas sobre as tarifas das passagens dos trechos promocionais. Portanto, n\u00e3o est\u00e3o inclusas nos descontos as tarifas de ped\u00e1gio, seguro facultativo e tarifa de utiliza\u00e7\u00e3o de terminais;<\/p><p style=\"color: #444444; font-size: medium; font-weight: 400; text-transform: none;\">4. A tarifa promocional ser\u00e1 v\u00e1lida\u00a0<strong>SOMENTE<\/strong>\u00a0para a data, hor\u00e1rio, linha, e trajeto constante no bilhete de passagem adquirido no per\u00edodo designado nos itens 8 e 12, para validade das ofertas;<\/p><p style=\"color: #444444; font-size: medium; font-weight: 400; text-transform: none;\">5. Para remarca\u00e7\u00e3o, o cliente fica desde j\u00e1 ciente de que, em sendo o valor menor do que a compra origin\u00e1ria, em raz\u00e3o da compra adquirida ter sido em valor promocional, n\u00e3o ser\u00e1 eleg\u00edvel ao reembolso da diferen\u00e7a. J\u00e1 se o valor da remarca\u00e7\u00e3o for superior ao valor originariamente pago, dever\u00e1 observar o valor da tarifa vigente para a nova data desejada, efetuando o pagamento da diferen\u00e7a de valor, inclusive de ped\u00e1gio, seguro facultativo e de utiliza\u00e7\u00e3o de terminais, quando houver;<\/p><div style=\"color: #444444; font-size: medium; font-weight: 400; text-transform: none; margin-left: 30px; border-left: 2px solid #eeeeee; padding-left: 15px;\"><p><strong>5.1<\/strong>\u00a0A remarca\u00e7\u00e3o de viagens adquiridas na PROMO\u00c7\u00c3O COMPRA ANTECIPADA no trecho interestadual, somente ser\u00e1 eleg\u00edvel para remarca\u00e7\u00e3o em outro trecho interestadual, enquanto a remarca\u00e7\u00e3o de viagem em trecho intermunicipal adquirida na vig\u00eancia da promo\u00e7\u00e3o, somente ser\u00e1 eleg\u00edvel para remarca\u00e7\u00e3o em outro trecho intermunicipal, desde que observada as 3 (tr\u00eas) horas de anteced\u00eancia prevista;<\/p><p><strong>5.2<\/strong>\u00a0A remarca\u00e7\u00e3o, ap\u00f3s as 3h de anteced\u00eancia do embarque contratado, ensejar\u00e1 em aplica\u00e7\u00e3o de taxas sobre o valor original da tarifa, seguindo as regras e percentuais previstos para remarca\u00e7\u00e3o que n\u00e3o obede\u00e7am \u00e0s 3h anteriores ao hor\u00e1rio de embarque. (vide maiores informa\u00e7\u00f5es em:\u00a0<a style=\"color: #004a99;\" href=\"https:\/\/www.rotatransportes.com.br\/index.php\/informacoes\/\" target=\"_blank\" rel=\"noopener\">informa\u00e7\u00f5es<\/a>);<\/p><\/div><p style=\"color: #444444; font-size: medium; font-weight: 400; text-transform: none;\">6. Para cancelamento, o cliente dever\u00e1 solicitar em at\u00e9 3 (tr\u00eas) horas de anteced\u00eancia da viagem, observando as regras e condi\u00e7\u00f5es previstas para o reembolso, sendo o valor a ser reembolsado o mesmo valor pago pelo cliente a \u00e9poca da aquisi\u00e7\u00e3o da tarifa na PROMO\u00c7\u00c3O COMPRA ANTECIPADA;<\/p><p style=\"color: #444444; font-size: medium; font-weight: 400; text-transform: none;\">7. O bilhete de passagem adquirido na PROMO\u00c7\u00c3O COMPRA ANTECIPADA \u00e9 para uso pessoal e intransfer\u00edvel;<\/p><p style=\"color: #444444; font-size: medium; font-weight: 400; text-transform: none;\">8. Os descontos da PROMO\u00c7\u00c3O COMPRA ANTECIPADA ser\u00e3o aplicados de acordo com a anteced\u00eancia da data da viagem, nos seguintes per\u00edodos de compra e para os trechos listados abaixo (sentidos ida ou volta):<\/p><div style=\"color: #444444; font-size: medium; font-weight: 400; text-transform: none; background-color: #f4f4f4; padding: 20px; border-radius: 8px; margin: 20px 0px;\"><ul style=\"column-count: 2; font-size: 13px; list-style-type: disc; padding-left: 20px; margin-bottom: 15px;\"><li>Aracaju X Irec\u00ea*<\/li><li>Aracaju X Jo\u00e3o Pessoa*<\/li><li>Aracaju X Macei\u00f3*<\/li><li>Aracaju X Morro do Chap\u00e9u*<\/li><li>Aracaju X Paulo Afonso*<\/li><li>Aracaju X Petrolina<\/li><li>Aracaju X Porto Seguro<\/li><li>Eun\u00e1polis X Petrolina<\/li><li>Feira de Santana X Capim Grosso<\/li><li>Feira de Santana X Ipia\u00fa<\/li><li>Feira de Santana X Jequi\u00e9<\/li><li>Feira de Santana X Juazeiro<\/li><li>Feira de Santana X Senhor do Bonfim<\/li><li>Feira de Santana X Ubat\u00e3<\/li><li>Feira de Santana X Vit\u00f3ria da Conquista<\/li><li>Ilh\u00e9us X Itamaraju<\/li><li>Ilh\u00e9us X Petrolina<\/li><li>Ilh\u00e9us X Porto Seguro<\/li><li>Ilh\u00e9us X Recife<\/li><li>Ilh\u00e9us X Teixeira de Freitas<\/li><li>Ilh\u00e9us X Vit\u00f3ria da Conquista<\/li><li>Itabuna X Aracaju*<\/li><li>Itabuna X Feira de Santana*<\/li><li>Itabuna X Itamaraju<\/li><li>Itabuna X Itapetinga<\/li><li>Itabuna X Jequi\u00e9<\/li><li>Itabuna X Petrolina<\/li><li>Itabuna X Porto Seguro<\/li><li>Itabuna X Recife<\/li><li>Itabuna X Teixeira de Freitas<\/li><li>Itabuna X Vit\u00f3ria da Conquista<\/li><li>Itacar\u00e9 X Itapetinga<\/li><li>Itacar\u00e9 X Porto Seguro<\/li><li>Itacar\u00e9 X Vit\u00f3ria da Conquista<\/li><li>Jequi\u00e9 X Porto Seguro<\/li><li>Macei\u00f3 X Jo\u00e3o Pessoa*<\/li><li>Macei\u00f3 X Porto Seguro<\/li><li>Porto Seguro X Petrolina<\/li><li>Recife X Porto Seguro<\/li><li>Salvador X Alagoinhas<\/li><li>Salvador X Arapiraca*<\/li><li>Salvador X Capim Groso<\/li><li>Salvador X Jequi\u00e9<\/li><li>Salvador X Jo\u00e3o Pessoa<\/li><li>Salvador X Juazeiro<\/li><li>Salvador X Macei\u00f3<\/li><li>Salvador X Senhor do Bonfim<\/li><li>Salvador X Vit\u00f3ria da Conquista<\/li><li>Vit\u00f3ria da Conquista X S\u00e3o Crist\u00f3v\u00e3o (via Aracaju)<\/li><\/ul><p style=\"font-size: 12px; font-style: italic; border-bottom: 1px solid #dddddd; padding-bottom: 10px;\">* Nas linhas interestaduais, a promo\u00e7\u00e3o n\u00e3o \u00e9 v\u00e1lida para o servi\u00e7o convencional.<\/p><table style=\"width: 745px; margin-top: 15px; text-align: center; background-color: #ffffff;\"><thead><tr style=\"background-color: #004a99; color: #ffffff;\"><th style=\"padding: 10px; border-color: #dddddd;\" colspan=\"3\">DIAS DE ANTECED\u00caNCIA DA DATA DA VIAGEM<\/th><\/tr><\/thead><tbody><tr style=\"font-weight: bold; background-color: #eef4fa;\"><td style=\"padding: 10px; border-color: #dddddd;\">De 3 a 6 dias<\/td><td style=\"padding: 10px; border-color: #dddddd;\">De 7 a 13 dias<\/td><td style=\"padding: 10px; border-color: #dddddd;\">Acima de 14 dias<\/td><\/tr><tr style=\"font-size: 18px; font-weight: bold; color: #004a99;\"><td style=\"padding: 10px; border-color: #dddddd;\">5%<\/td><td style=\"padding: 10px; border-color: #dddddd;\">10%<\/td><td style=\"padding: 10px; border-color: #dddddd;\">15%<\/td><\/tr><\/tbody><\/table><\/div><p style=\"color: #444444; font-size: medium; font-weight: 400; text-transform: none;\">9. Promo\u00e7\u00e3o v\u00e1lida para todos os servi\u00e7os,\u00a0<strong>EXCETO<\/strong>\u00a0para os servi\u00e7os LEITO, LEITTO CAMA E LEITO EXPRESSO;<\/p><p style=\"color: #444444; font-size: medium; font-weight: 400; text-transform: none;\">10. A\u00a0<strong>ROTA TRANSPORTES<\/strong>\u00a0estabelecer\u00e1 os hor\u00e1rios e poltronas dispon\u00edveis para as ofertas nos itiner\u00e1rios e per\u00edodos supramencionados, ficando a crit\u00e9rio exclusivo da Empresa a quantidade de poltronas e as condi\u00e7\u00f5es e hor\u00e1rios para concess\u00e3o dos descontos promocionais;<\/p><p style=\"color: #444444; font-size: medium; font-weight: 400; text-transform: none;\">11. A mera participa\u00e7\u00e3o nesta promo\u00e7\u00e3o caracteriza a aceita\u00e7\u00e3o dos termos e condi\u00e7\u00f5es revistos neste regulamento;<\/p><p style=\"color: #444444; font-size: medium; font-weight: 400; text-transform: none;\">12. Promo\u00e7\u00e3o v\u00e1lida para compras de\u00a0<strong>01\/12\/2025 a 13\/12\/2026<\/strong>, mediante a disponibiliza\u00e7\u00e3o de hor\u00e1rios para vendas,\u00a0<strong>EXCETO:<\/strong>\u00a0nos per\u00edodos de 09\/03\/26 a 15\/03\/26; de 25\/03 a 26\/03\/26; de 28\/04 a 29\/04\/26; 05\/05\/2026; de 12\/05 a 15\/05\/26; de 25\/05 a 29\/05\/26.<\/p><div style=\"color: #444444; font-size: medium; font-weight: 400; text-transform: none; background-color: #fff1f1; padding: 20px; border-radius: 8px; border: 1px solid #ffcccc; margin: 20px 0px;\"><p style=\"color: #cc0000;\"><strong>13. Promo\u00e7\u00e3o v\u00e1lida para embarques de 01\/12\/2025 a 06\/01\/2027, EXCETO nos per\u00edodos:<\/strong><\/p><p style=\"font-size: 13px;\">De 15\/12\/25 a 11\/01\/26; de 11\/02\/26 a 23\/02\/26; de 02\/04\/26 a 06\/04\/26; de 17\/04\/26 a 21\/04\/26; de 29\/04\/26 a 04\/05\/26; de 08\/05\/26 a 11\/05\/26; de 03\/06\/26 a 07\/06\/26; de 15\/06\/26 a 06\/07\/26; de 03\/09\/26 a 08\/09\/26; de 01\/10\/26 a 05\/10\/26; de 08\/10\/26 a 13\/10\/26; de 29\/10\/26 a 03\/11\/26; de 19\/11\/26 a 23\/11\/26; de 17\/12\/26 a 05\/01\/27.<\/p><\/div><p style=\"color: #444444; font-size: medium; font-weight: 400; text-transform: none;\">14. Promo\u00e7\u00e3o n\u00e3o cumulativa;<\/p><p style=\"color: #444444; font-size: medium; font-weight: 400; text-transform: none;\">15. A empresa se reserva ao direito de interrup\u00e7\u00e3o da\u00a0<strong>PROMO\u00c7\u00c3O COMPRA ANTECIPADA<\/strong>\u00a0a qualquer momento sem aviso pr\u00e9vio, assegurado o direito de compra j\u00e1 efetuada, desde que em conformidade com as condi\u00e7\u00f5es previstas neste regulamento;<\/p><div style=\"color: #444444; font-size: medium; font-weight: 400; text-transform: none; margin-top: 40px; text-align: center; border-top: 1px solid #dddddd; padding-top: 20px;\"><p style=\"font-weight: bold; color: #004a99; margin-bottom: 5px;\">Para mais informa\u00e7\u00f5es, entre em contato com o nosso SAC: 0800 075 0010<\/p><p style=\"font-weight: bold; text-transform: uppercase;\">Rota Transportes, com voc\u00ea nos caminhos da vida.<\/p><\/div><\/li><\/ol><\/li><\/ol><ol><li><div><div><div><div>\u00a0<\/div><\/div><\/div><\/div><\/li><\/ol>\t\t\t\t\t\t<\/div>\n\t\t\t\t<\/div>\n\t\t\t\t<div class=\"elementor-element elementor-element-3353f63 elementor-widget elementor-widget-text-editor\" data-id=\"3353f63\" data-element_type=\"widget\" data-widget_type=\"text-editor.default\">\n\t\t\t\t<div class=\"elementor-widget-container\">\n\t\t\t\t\t\t\t\t\t\t\t\t\t<\/div>\n\t\t\t\t<\/div>\n\t\t\t\t\t<\/div>\n\t\t<\/div>\n\t\t\t\t\t\t\t<\/div>\n\t\t<\/section>\n\t\t\t\t\t<\/div>\n\t\t<\/div>\n\t\t\t\t\t\t\t<\/div>\n\t\t<\/section>\n\t\t\t\t\t\t\t<\/div>\n\t\t","protected":false},"excerpt":{"rendered":"<p>REGULAMENTO PROMO\u00c7\u00c3O COMPRA ANTECIPDA 1. A\u00a0PROMO\u00c7\u00c3O COMPRA ANTECIPADA\u00a0da\u00a0ROTA TRANSPORTES\u00a0consiste na disponibiliza\u00e7\u00e3o de trechos e servi\u00e7os espec\u00edficos, em valores promocionais, dentro do per\u00edodo de validade estipulado. As condi\u00e7\u00f5es para elegibilidade encontram-se nos itens a seguir descritos; 2. A\u00a0PROMO\u00c7\u00c3O COMPRA ANTECIPADA\u00a0da\u00a0ROTA TRANSPORTES\u00a0est\u00e1 dispon\u00edvel para compras em todos os canais de vendas sendo: (Site oficial \/ Aplicativo Oficial [&hellip;]<\/p>\n","protected":false},"author":2,"featured_media":0,"parent":0,"menu_order":0,"comment_status":"closed","ping_status":"closed","template":"","meta":{"_joinchat":[],"footnotes":""},"class_list":["post-4071","page","type-page","status-publish","hentry"],"_links":{"self":[{"href":"https:\/\/www.rotatransportes.com.br\/index.php\/wp-json\/wp\/v2\/pages\/4071","targetHints":{"allow":["GET"]}}],"collection":[{"href":"https:\/\/www.rotatransportes.com.br\/index.php\/wp-json\/wp\/v2\/pages"}],"about":[{"href":"https:\/\/www.rotatransportes.com.br\/index.php\/wp-json\/wp\/v2\/types\/page"}],"author":[{"embeddable":true,"href":"https:\/\/www.rotatransportes.com.br\/index.php\/wp-json\/wp\/v2\/users\/2"}],"replies":[{"embeddable":true,"href":"https:\/\/www.rotatransportes.com.br\/index.php\/wp-json\/wp\/v2\/comments?post=4071"}],"version-history":[{"count":121,"href":"https:\/\/www.rotatransportes.com.br\/index.php\/wp-json\/wp\/v2\/pages\/4071\/revisions"}],"predecessor-version":[{"id":5277,"href":"https:\/\/www.rotatransportes.com.br\/index.php\/wp-json\/wp\/v2\/pages\/4071\/revisions\/5277"}],"wp:attachment":[{"href":"https:\/\/www.rotatransportes.com.br\/index.php\/wp-json\/wp\/v2\/media?parent=4071"}],"curies":[{"name":"wp","href":"https:\/\/api.w.org\/{rel}","templated":true}]}}