{"id":4605,"date":"2024-11-23T19:09:33","date_gmt":"2024-11-23T22:09:33","guid":{"rendered":"https:\/\/www.rotatransportes.com.br\/?page_id=4605"},"modified":"2024-11-25T13:21:49","modified_gmt":"2024-11-25T16:21:49","slug":"regulamento-black-friday-2024","status":"publish","type":"page","link":"https:\/\/www.rotatransportes.com.br\/index.php\/regulamento-black-friday-2024\/","title":{"rendered":"REGULAMENTO BLACK FRIDAY 2024."},"content":{"rendered":"\t\t<div data-elementor-type=\"wp-page\" data-elementor-id=\"4605\" class=\"elementor elementor-4605\">\n\t\t\t\t\t\t\t<div class=\"elementor-element elementor-element-002a6af e-con-full e-con\" data-id=\"002a6af\" data-element_type=\"container\" data-settings=\"{&quot;content_width&quot;:&quot;full&quot;}\">\n\t\t\t\t<div class=\"elementor-element elementor-element-b217741 elementor-widget elementor-widget-spacer\" data-id=\"b217741\" data-element_type=\"widget\" data-widget_type=\"spacer.default\">\n\t\t\t\t<div class=\"elementor-widget-container\">\n\t\t\t<style>\/*! elementor - v3.8.1 - 13-11-2022 *\/\n.elementor-column .elementor-spacer-inner{height:var(--spacer-size)}.e-con{--container-widget-width:100%}.e-con-inner>.elementor-widget-spacer,.e-con>.elementor-widget-spacer{width:var(--container-widget-width,var(--spacer-size));-ms-flex-item-align:stretch;align-self:stretch;-ms-flex-negative:0;flex-shrink:0}.e-con-inner>.elementor-widget-spacer>.elementor-widget-container,.e-con-inner>.elementor-widget-spacer>.elementor-widget-container>.elementor-spacer,.e-con>.elementor-widget-spacer>.elementor-widget-container,.e-con>.elementor-widget-spacer>.elementor-widget-container>.elementor-spacer{height:100%}.e-con-inner>.elementor-widget-spacer>.elementor-widget-container>.elementor-spacer>.elementor-spacer-inner,.e-con>.elementor-widget-spacer>.elementor-widget-container>.elementor-spacer>.elementor-spacer-inner{height:var(--container-widget-height,var(--spacer-size))}<\/style>\t\t<div class=\"elementor-spacer\">\n\t\t\t<div class=\"elementor-spacer-inner\"><\/div>\n\t\t<\/div>\n\t\t\t\t<\/div>\n\t\t\t\t<\/div>\n\t\t\t\t<\/div>\n\t\t\t\t<section class=\"elementor-section elementor-top-section elementor-element elementor-element-e8d2339 elementor-section-boxed elementor-section-height-default elementor-section-height-default\" data-id=\"e8d2339\" data-element_type=\"section\" data-settings=\"{&quot;_ha_eqh_enable&quot;:false}\">\n\t\t\t\t\t\t<div class=\"elementor-container elementor-column-gap-default\">\n\t\t\t\t\t<div class=\"elementor-column elementor-col-100 elementor-top-column elementor-element elementor-element-ed904f4\" data-id=\"ed904f4\" data-element_type=\"column\">\n\t\t\t<div class=\"elementor-widget-wrap elementor-element-populated\">\n\t\t\t\t\t\t\t\t<div class=\"elementor-element elementor-element-e961a9e elementor-widget elementor-widget-image\" data-id=\"e961a9e\" data-element_type=\"widget\" data-widget_type=\"image.default\">\n\t\t\t\t<div class=\"elementor-widget-container\">\n\t\t\t<style>\/*! elementor - v3.8.1 - 13-11-2022 *\/\n.elementor-widget-image{text-align:center}.elementor-widget-image a{display:inline-block}.elementor-widget-image a img[src$=\".svg\"]{width:48px}.elementor-widget-image img{vertical-align:middle;display:inline-block}<\/style>\t\t\t\t\t\t\t\t\t\t\t\t<img decoding=\"async\" src=\"https:\/\/www.rotatransportes.com.br\/wp-content\/uploads\/elementor\/thumbs\/Black-Friday-Site-RT-ok-qxi0tz8o6bmird240m35rddd7ezkkp5jar7qmaxn14.jpg\" title=\"Black-Friday&#8212;Site-(RT)-ok\" alt=\"Black-Friday---Site-(RT)-ok\" \/>\t\t\t\t\t\t\t\t\t\t\t\t\t\t\t<\/div>\n\t\t\t\t<\/div>\n\t\t\t\t<section class=\"elementor-section elementor-inner-section elementor-element elementor-element-cd0a936 elementor-section-boxed elementor-section-height-default elementor-section-height-default\" data-id=\"cd0a936\" data-element_type=\"section\" data-settings=\"{&quot;_ha_eqh_enable&quot;:false}\">\n\t\t\t\t\t\t<div class=\"elementor-container elementor-column-gap-default\">\n\t\t\t\t\t<div class=\"elementor-column elementor-col-100 elementor-inner-column elementor-element elementor-element-856d0d4\" data-id=\"856d0d4\" data-element_type=\"column\">\n\t\t\t<div class=\"elementor-widget-wrap elementor-element-populated\">\n\t\t\t\t\t\t\t\t<div class=\"elementor-element elementor-element-d3950f7 elementor-widget elementor-widget-heading\" data-id=\"d3950f7\" data-element_type=\"widget\" data-widget_type=\"heading.default\">\n\t\t\t\t<div class=\"elementor-widget-container\">\n\t\t\t<style>\/*! elementor - v3.8.1 - 13-11-2022 *\/\n.elementor-heading-title{padding:0;margin:0;line-height:1}.elementor-widget-heading .elementor-heading-title[class*=elementor-size-]>a{color:inherit;font-size:inherit;line-height:inherit}.elementor-widget-heading .elementor-heading-title.elementor-size-small{font-size:15px}.elementor-widget-heading .elementor-heading-title.elementor-size-medium{font-size:19px}.elementor-widget-heading .elementor-heading-title.elementor-size-large{font-size:29px}.elementor-widget-heading .elementor-heading-title.elementor-size-xl{font-size:39px}.elementor-widget-heading .elementor-heading-title.elementor-size-xxl{font-size:59px}<\/style><h4 class=\"elementor-heading-title elementor-size-default\">REGULAMENTO BLACK FRIDAY 2024.<\/h4>\t\t<\/div>\n\t\t\t\t<\/div>\n\t\t\t\t<div class=\"elementor-element elementor-element-a55c3b0 elementor-widget elementor-widget-text-editor\" data-id=\"a55c3b0\" data-element_type=\"widget\" data-widget_type=\"text-editor.default\">\n\t\t\t\t<div class=\"elementor-widget-container\">\n\t\t\t<style>\/*! elementor - v3.8.1 - 13-11-2022 *\/\n.elementor-widget-text-editor.elementor-drop-cap-view-stacked .elementor-drop-cap{background-color:#818a91;color:#fff}.elementor-widget-text-editor.elementor-drop-cap-view-framed .elementor-drop-cap{color:#818a91;border:3px solid;background-color:transparent}.elementor-widget-text-editor:not(.elementor-drop-cap-view-default) .elementor-drop-cap{margin-top:8px}.elementor-widget-text-editor:not(.elementor-drop-cap-view-default) .elementor-drop-cap-letter{width:1em;height:1em}.elementor-widget-text-editor .elementor-drop-cap{float:left;text-align:center;line-height:1;font-size:50px}.elementor-widget-text-editor .elementor-drop-cap-letter{display:inline-block}<\/style>\t\t\t\t<ol>\n<li><p class=\"MsoNormal\" style=\"text-align:justify\"><span style=\"font-size:12.0pt;\nline-height:107%\">1.&nbsp;&nbsp;&nbsp;&nbsp;&nbsp;&nbsp;&nbsp;&nbsp;&nbsp;&nbsp;&nbsp;&nbsp;A\n<b>campanha promocional<\/b> <b>BLACK FRIDAY <\/b>da <b>ROTA TRANSPORTES<\/b> consiste na disponibiliza\u00e7\u00e3o de cupons de desconto\npor inser\u00e7\u00e3o de c\u00f3digo promocional pr\u00e9-estabelecido, em trechos e servi\u00e7os\nespec\u00edficos, dentro do per\u00edodo de validade estipulado. As condi\u00e7\u00f5es para\nelegibilidade encontram-se nos itens a seguir descritos;<o:p><\/o:p><\/span><\/p>\n\n<p class=\"MsoNormal\" style=\"text-align:justify\"><span style=\"font-size:12.0pt;\nline-height:107%\">2.&nbsp;&nbsp;&nbsp;&nbsp;&nbsp;&nbsp;&nbsp;&nbsp;&nbsp;&nbsp;&nbsp;&nbsp;A\n<b>campanha promocional<\/b> <b>BLACK FRIDAY <\/b>da <b>ROTA TRANSPORTES<\/b> ser\u00e1 disponibilizado apenas para compras\nefetivadas no site https:\/\/www.rotatransportes.com.br e pelo APP oficial da ROTA\nTRANSPORTES dispon\u00edvel para android e iOS;<o:p><\/o:p><\/span><\/p>\n\n<p class=\"MsoNormal\" style=\"text-align:justify\"><span style=\"font-size:12.0pt;\nline-height:107%\">3.&nbsp;&nbsp;&nbsp;&nbsp;&nbsp;&nbsp;&nbsp;&nbsp;&nbsp;&nbsp;&nbsp;&nbsp;Os\ncupons de descontos da <b>campanha\npromocional BLACK FRIDAY <\/b>ser\u00e3o aplicados apenas sobre as tarifas das\npassagens dos trechos promocionais. Portanto, n\u00e3o est\u00e3o inclusas nos descontos\nas tarifas de ped\u00e1gio, seguro facultativo e de utiliza\u00e7\u00e3o de terminais;&nbsp; <o:p><\/o:p><\/span><\/p>\n\n<p class=\"MsoNormal\" style=\"text-align:justify\"><span style=\"font-size:12.0pt;\nline-height:107%\">4.&nbsp;&nbsp;&nbsp;&nbsp;&nbsp;&nbsp;&nbsp;&nbsp;&nbsp;&nbsp;&nbsp;&nbsp;Os\ncupons promocionais ser\u00e3o v\u00e1lidos&nbsp;<b>SOMENTE<\/b>&nbsp;para\n<b>compras de 25\/11\/2024 at\u00e9 29\/11\/2024<\/b>\nnas linhas e trajetos designados no item 8, e ser\u00e3o aplicados no valor do\nbilhete de passagem adquirido e para embarque nos per\u00edodos designados no item\n12. Para aplica\u00e7\u00e3o do desconto, o cliente dever\u00e1 inserir a denomina\u00e7\u00e3o do cupom\ncorrespondente&nbsp;da<b> campanha promocional\nBLACK FRIDAY <\/b>no campo espec\u00edfico no momento da compra. Em casos de\nmais&nbsp;de uma passagem na mesma compra, o cupom deve ser inserido em todos os\ncampos dispon\u00edveis;<o:p><\/o:p><\/span><\/p>\n\n<p class=\"MsoNormal\" style=\"text-align:justify\"><span style=\"font-size:12.0pt;\nline-height:107%\">5.&nbsp;&nbsp;&nbsp;&nbsp;&nbsp;&nbsp;&nbsp;&nbsp;&nbsp;&nbsp;&nbsp;&nbsp;Para\nremarca\u00e7\u00e3o, o cliente fica desde j\u00e1 ciente de que, em sendo o valor menor do\nque a compra origin\u00e1ria, em raz\u00e3o da compra adquirida ter sido em valor\npromocional, n\u00e3o ser\u00e1 eleg\u00edvel ao reembolso da diferen\u00e7a. J\u00e1 se o valor da\nremarca\u00e7\u00e3o for superior ao valor originariamente pago, dever\u00e1 observar o valor\nda tarifa vigente para a nova data desejada, efetuando o pagamento da diferen\u00e7a\nde valor, inclusive de ped\u00e1gio, seguro facultativo e de utiliza\u00e7\u00e3o de\nterminais, quando houver;<o:p><\/o:p><\/span><\/p>\n\n<p class=\"MsoNormal\" style=\"text-align:justify\"><span style=\"font-size:12.0pt;\nline-height:107%\">&nbsp;&nbsp;&nbsp;&nbsp;&nbsp;&nbsp;&nbsp;&nbsp;&nbsp;&nbsp;&nbsp; 5.1 A\nremarca\u00e7\u00e3o de viagens adquiridas na <b>campanha\npromocional ANTECIPA BLACK FRIDAY com cupons de descontos<\/b> no trecho\ninterestadual, somente ser\u00e1 eleg\u00edvel para remarca\u00e7\u00e3o em outro trecho\ninterestadual, enquanto a remarca\u00e7\u00e3o de viagem em trecho intermunicipal\nadquirida na vig\u00eancia da promo\u00e7\u00e3o, somente ser\u00e1 eleg\u00edvel para remarca\u00e7\u00e3o em\noutro trecho intermunicipal, desde que observada as 3 (tr\u00eas) horas de\nanteced\u00eancia prevista;<o:p><\/o:p><\/span><\/p>\n\n<p class=\"MsoNormal\" style=\"text-align:justify\"><span style=\"font-size:12.0pt;\nline-height:107%\">&nbsp;&nbsp;&nbsp;&nbsp;&nbsp;&nbsp;&nbsp;&nbsp;&nbsp;&nbsp;&nbsp; 5.2 A\nremarca\u00e7\u00e3o, ap\u00f3s as 3h de anteced\u00eancia do embarque contratado, ensejar\u00e1 em\naplica\u00e7\u00e3o de taxas sobre o valor original da tarifa, seguindo as regras e\npercentuais previstos para remarca\u00e7\u00e3o que n\u00e3o obede\u00e7am \u00e0s 3h anteriores ao\nhor\u00e1rio de embarque. (vide maiores informa\u00e7\u00f5es em: <\/span><a href=\"https:\/\/www.rotatransportes.com.br\/index.php\/informacoes\/\"><span style=\"font-size:12.0pt;line-height:107%\">https:\/\/www.rotatransportes.com.br\/index.php\/informacoes\/<\/span><\/a><span class=\"MsoHyperlink\"><span style=\"font-size:12.0pt;line-height:107%\">)<\/span><\/span><span style=\"font-size:12.0pt;line-height:107%\">;<o:p><\/o:p><\/span><\/p>\n\n<p class=\"MsoNormal\" style=\"text-align:justify\"><span style=\"font-size:12.0pt;\nline-height:107%\">6.&nbsp;&nbsp;&nbsp;&nbsp;&nbsp;&nbsp;&nbsp;&nbsp;&nbsp;&nbsp;&nbsp;&nbsp;Para\ncancelamento, o cliente dever\u00e1 solicitar em at\u00e9 3 (tr\u00eas) horas de anteced\u00eancia\nda viagem, sendo o valor a ser reembolsado o mesmo valor pago pelo cliente \u00e0\n\u00e9poca da aquisi\u00e7\u00e3o da tarifa na <b>campanha\npromocional<\/b> <b>BLACK FRIDAY, <\/b>observando\nas regras e condi\u00e7\u00f5es previstas para o <span style=\"letter-spacing:-.1pt\">reembolso\nque versam sobre aplica\u00e7\u00e3o de taxas e multas para cancelamentos em linhas\nintermunicipais e interestaduais (vide maiores informa\u00e7\u00f5es em: <\/span><\/span><a href=\"https:\/\/www.rotatransportes.com.br\/index.php\/informacoes\/\"><span style=\"font-size:12.0pt;line-height:107%;letter-spacing:-.1pt\">https:\/\/www.rotatransportes.com.br\/index.php\/informacoes\/<\/span><\/a><span style=\"font-size:12.0pt;line-height:107%;letter-spacing:-.1pt\">)<\/span><span style=\"font-size:12.0pt;line-height:107%\">; <o:p><\/o:p><\/span><\/p>\n\n<p class=\"MsoNormal\" style=\"text-align:justify\"><span style=\"font-size:12.0pt;\nline-height:107%\">7.&nbsp;&nbsp;&nbsp;&nbsp;&nbsp;&nbsp;&nbsp;&nbsp;&nbsp;&nbsp;&nbsp;&nbsp;O\nbilhete de passagem adquirido no per\u00edodo promocional \u00e9 para uso pessoal e\nintransfer\u00edvel;&nbsp; <o:p><\/o:p><\/span><\/p>\n\n<p class=\"MsoNormal\" style=\"text-align:justify\"><span style=\"font-size:12.0pt;\nline-height:107%\">8.&nbsp;&nbsp;&nbsp;&nbsp;&nbsp;&nbsp;&nbsp;&nbsp;&nbsp;&nbsp;&nbsp;&nbsp;A<b> campanha promocional BLACK FRIDAY <\/b>da <b>ROTA TRANSPORTES<\/b> \u00e9 v\u00e1lida para <span style=\"background-image: initial; background-position: initial; background-size: initial; background-repeat: initial; background-attachment: initial; background-origin: initial; background-clip: initial;\">os seguintes trechos <\/span><\/span><span style=\"font-size:11.5pt;mso-bidi-font-size:11.0pt;line-height:107%;font-family:\nRoboto\">nos sentidos de <b>ida ou volta<\/b><\/span><b><span style=\"font-size:12.0pt;line-height:\n107%\">:<\/span><\/b><span style=\"font-size:12.0pt;line-height:107%\"><o:p><\/o:p><\/span><\/p>\n\n<p class=\"MsoNoSpacing\" style=\"text-align:justify\"><b><span style=\"font-size:12.0pt;color:white;mso-themecolor:background1;\nbackground:black;mso-highlight:black;mso-fareast-language:PT-BR\">CUPOM BLACK50:<\/span><\/b><b><span style=\"font-size:12.0pt;color:white;\nmso-themecolor:background1;mso-fareast-language:PT-BR\"><o:p><\/o:p><\/span><\/b><\/p>\n\n<p class=\"MsoNoSpacing\" style=\"text-align:justify\"><span style=\"font-size: 12pt;\">\u2022 Salvador X Aracaju<o:p><\/o:p><\/span><\/p>\n\n<p class=\"MsoNoSpacing\" style=\"text-align:justify\"><span style=\"font-size: 12pt;\">\u2022 Salvador X Macei\u00f3<o:p><\/o:p><\/span><\/p>\n\n<p class=\"MsoNoSpacing\" style=\"text-align:justify\"><span style=\"font-size: 12pt;\">\u2022&nbsp;Salvador X Juazeiro<o:p><\/o:p><\/span><\/p>\n\n<p class=\"MsoNoSpacing\" style=\"text-align:justify\"><span style=\"font-size: 12pt;\">\u2022 Salvador X Jo\u00e3o Pessoa<o:p><\/o:p><\/span><\/p>\n\n<p class=\"MsoNoSpacing\" style=\"text-align:justify\"><span style=\"font-size: 12pt;\">\u2022 Salvador X Vit\u00f3ria da Conquista<o:p><\/o:p><\/span><\/p>\n\n<p class=\"MsoNoSpacing\" style=\"text-align:justify\"><span style=\"font-size: 12pt;\">\u2022 Salvador X Jequi\u00e9<o:p><\/o:p><\/span><\/p>\n\n<p class=\"MsoNoSpacing\" style=\"text-align:justify\"><span style=\"font-size: 12pt;\">\u2022&nbsp;Feira de Santana X Aracaju<o:p><\/o:p><\/span><\/p>\n\n<p class=\"MsoNoSpacing\" style=\"text-align:justify\"><span style=\"font-size: 12pt;\">\u2022&nbsp;Feira de Santana X Juazeiro<o:p><\/o:p><\/span><\/p>\n\n<p class=\"MsoNoSpacing\" style=\"text-align:justify\"><span style=\"font-size: 12pt;\">\u2022&nbsp;Feira de Santana X Itabuna<o:p><\/o:p><\/span><\/p>\n\n<p class=\"MsoNoSpacing\" style=\"text-align:justify\"><span style=\"font-size: 12pt;\">\u2022&nbsp;Feira de Santana X Vit\u00f3ria da\nConquista<o:p><\/o:p><\/span><\/p>\n\n<p class=\"MsoNoSpacing\" style=\"text-align:justify\"><span style=\"font-size: 12pt;\">&nbsp;<\/span><\/p>\n\n<p class=\"MsoNoSpacing\" style=\"text-align:justify\"><b><span style=\"font-size:12.0pt;color:white;mso-themecolor:background1;\nbackground:black;mso-highlight:black;mso-fareast-language:PT-BR\">CUPOM BLACK30:<\/span><\/b><b><span style=\"font-size:12.0pt;color:white;\nmso-themecolor:background1;mso-fareast-language:PT-BR\"><o:p><\/o:p><\/span><\/b><\/p>\n\n<p class=\"MsoNoSpacing\" style=\"text-align:justify\"><span style=\"font-size: 12pt;\">\u2022&nbsp;Salvador X Senhor do Bonfim<o:p><\/o:p><\/span><\/p>\n\n<p class=\"MsoNoSpacing\" style=\"text-align:justify\"><span style=\"font-size: 12pt;\">\u2022&nbsp;Salvador X Campo Formoso<o:p><\/o:p><\/span><\/p>\n\n<p class=\"MsoNoSpacing\" style=\"text-align:justify\"><span style=\"font-size: 12pt;\">\u2022&nbsp;Salvador X Alagoinhas<o:p><\/o:p><\/span><\/p>\n\n<p class=\"MsoNoSpacing\" style=\"text-align:justify\"><span style=\"font-size: 12pt;\">\u2022&nbsp;Salvador X Ipia\u00fa<o:p><\/o:p><\/span><\/p>\n\n<p class=\"MsoNoSpacing\" style=\"text-align:justify\"><span style=\"font-size: 12pt;\">\u2022&nbsp;Salvador X Ubat\u00e3<o:p><\/o:p><\/span><\/p>\n\n<p class=\"MsoNoSpacing\" style=\"text-align:justify\"><span style=\"font-size: 12pt;\">\u2022&nbsp;Salvador X Po\u00e7\u00f5es<o:p><\/o:p><\/span><\/p>\n\n<p class=\"MsoNoSpacing\" style=\"text-align:justify\"><span style=\"font-size: 12pt;\">\u2022&nbsp;Aracaju X Macei\u00f3<o:p><\/o:p><\/span><\/p>\n\n<p class=\"MsoNoSpacing\" style=\"text-align:justify\"><span style=\"font-size: 12pt;\">\u2022&nbsp;Aracaju X Jo\u00e3o Pessoa<o:p><\/o:p><\/span><\/p>\n\n<p class=\"MsoNoSpacing\" style=\"text-align:justify\"><span style=\"font-size: 12pt;\">\u2022&nbsp;Macei\u00f3 X Jo\u00e3o Pessoa<o:p><\/o:p><\/span><\/p>\n\n<p class=\"MsoNoSpacing\" style=\"text-align:justify\"><span style=\"font-size: 12pt;\">\u2022&nbsp;Itabuna X Aracaju<o:p><\/o:p><\/span><\/p>\n\n<p class=\"MsoNoSpacing\" style=\"text-align:justify\"><span style=\"font-size: 12pt;\">\u2022&nbsp;Itabuna X Porto Seguro<o:p><\/o:p><\/span><\/p>\n\n<p class=\"MsoNoSpacing\" style=\"text-align:justify\"><span style=\"font-size: 12pt;\">\u2022&nbsp;Itabuna X Vit\u00f3ria da Conquista<o:p><\/o:p><\/span><\/p>\n\n<p class=\"MsoNoSpacing\" style=\"text-align:justify\"><span style=\"font-size: 12pt;\">\u2022&nbsp;Itabuna X Teixeira de Freitas<o:p><\/o:p><\/span><\/p>\n\n<p class=\"MsoNoSpacing\" style=\"text-align:justify\"><span style=\"font-size: 12pt;\">\u2022&nbsp;Ilh\u00e9us X Porto Seguro<o:p><\/o:p><\/span><\/p>\n\n<p class=\"MsoNoSpacing\" style=\"text-align:justify\"><span style=\"font-size: 12pt;\">\u2022&nbsp;Ilh\u00e9us X Vit\u00f3ria da Conquista<o:p><\/o:p><\/span><\/p>\n\n<p class=\"MsoNoSpacing\" style=\"text-align:justify\"><span style=\"font-size: 12pt;\">\u2022 Ilh\u00e9us X Teixeira de Freitas<o:p><\/o:p><\/span><\/p>\n\n<p class=\"MsoNoSpacing\" style=\"text-align:justify\"><span style=\"font-size: 12pt;\">\u2022&nbsp;Itacar\u00e9 X Porto Seguro<o:p><\/o:p><\/span><\/p>\n\n<p class=\"MsoNoSpacing\" style=\"text-align:justify\"><span style=\"font-size: 12pt;\">\u2022&nbsp;Jequi\u00e9 X Porto Seguro<o:p><\/o:p><\/span><\/p>\n\n<p class=\"MsoNoSpacing\" style=\"text-align:justify\"><span style=\"font-size: 12pt;\">\u2022&nbsp;Itacar\u00e9 X Vit\u00f3ria da Conquista<o:p><\/o:p><\/span><\/p>\n\n<p class=\"MsoNoSpacing\" style=\"text-align:justify\"><span style=\"font-size: 12pt;\">&nbsp;<\/span><\/p>\n\n<p class=\"MsoNoSpacing\" style=\"text-align:justify\"><b><span style=\"font-size:12.0pt;color:white;mso-themecolor:background1;\nbackground:black;mso-highlight:black;mso-fareast-language:PT-BR\">CUPOM BLACK10:<\/span><\/b><b><span style=\"font-size:12.0pt;color:white;\nmso-themecolor:background1;mso-fareast-language:PT-BR\"><o:p><\/o:p><\/span><\/b><\/p>\n\n<p class=\"MsoNoSpacing\" style=\"text-align:justify\"><span style=\"font-size: 12pt;\">\u2022 Todos os trechos operados pela Rota\nTransportes.&nbsp; <o:p><\/o:p><\/span><\/p>\n\n<p class=\"MsoNoSpacing\" style=\"text-align:justify\"><span style=\"font-size: 12pt;\">&nbsp;<\/span><\/p>\n\n<p class=\"MsoNormal\" style=\"text-align:justify\"><span style=\"font-size:12.0pt;\nline-height:107%\">9.&nbsp;&nbsp;&nbsp;&nbsp;&nbsp;&nbsp;&nbsp;&nbsp;&nbsp;&nbsp;&nbsp;&nbsp;<\/span><span style=\"font-size:12.0pt;mso-bidi-font-size:11.0pt;line-height:107%\">Promo\u00e7\u00e3o<span style=\"letter-spacing:1.85pt\"> <\/span>v\u00e1lida<span style=\"letter-spacing:1.8pt\">\n<\/span>para<span style=\"letter-spacing:1.8pt\"> <\/span>todos<span style=\"letter-spacing:1.95pt\"> <\/span>os<span style=\"letter-spacing:1.85pt\"> <\/span>servi\u00e7os,<span style=\"letter-spacing:-.1pt\"> <\/span><b>EXCETO<span style=\"letter-spacing:-.1pt\"> <\/span><\/b>para<span style=\"letter-spacing:1.8pt\">\n<\/span>os<span style=\"letter-spacing:1.85pt\"> <\/span>servi\u00e7os<span style=\"letter-spacing:-.1pt\"> <\/span><b>LEITO,<span style=\"letter-spacing:1.85pt\"> <\/span>LEITTO<span style=\"letter-spacing:1.85pt\">\n<\/span>CAMA<span style=\"letter-spacing:1.9pt\"> <\/span>e<span style=\"letter-spacing:\n1.7pt\"> <\/span>LEITO <span style=\"letter-spacing:-.1pt\">EXPRESSO<\/span><\/b><\/span><span style=\"font-size:12.0pt;line-height:107%\">;<o:p><\/o:p><\/span><\/p>\n\n<p class=\"MsoNormal\" style=\"text-align:justify\"><span style=\"font-size:12.0pt;\nline-height:107%\">10.&nbsp;&nbsp;&nbsp;&nbsp;&nbsp;&nbsp;&nbsp;&nbsp;&nbsp;A\nmera participa\u00e7\u00e3o nesta promo\u00e7\u00e3o caracteriza a aceita\u00e7\u00e3o dos termos e condi\u00e7\u00f5es\nprevistos neste regulamento;<o:p><\/o:p><\/span><\/p>\n\n<p class=\"MsoNormal\" style=\"text-align:justify\"><span style=\"font-size:12.0pt;\nline-height:107%\">11.&nbsp;&nbsp;&nbsp;&nbsp;&nbsp;&nbsp;&nbsp;&nbsp;&nbsp;Cupons\nde ofertas v\u00e1lidos para&nbsp;<b>compras de 25\/11\/2024\nat\u00e9 29\/11\/2024<\/b>;<o:p><\/o:p><\/span><\/p>\n\n<p class=\"MsoNormal\" style=\"text-align:justify\"><span style=\"font-size:12.0pt;\nline-height:107%\">12.&nbsp;&nbsp;&nbsp;&nbsp;&nbsp;&nbsp;&nbsp;&nbsp;&nbsp;<b>Embarques estabelecidos entre 02\/12\/2024 e 12\/12\/2024<\/b><a name=\"_GoBack\"><\/a>;<o:p><\/o:p><\/span><\/p>\n\n<p class=\"MsoNormal\" style=\"text-align:justify\"><span style=\"font-size:12.0pt;\nline-height:107%\">13.&nbsp;&nbsp;&nbsp;&nbsp;&nbsp;&nbsp;&nbsp;&nbsp;&nbsp;Promo\u00e7\u00e3o\nn\u00e3o cumulativa;<o:p><\/o:p><\/span><\/p>\n\n<p class=\"MsoNormal\" style=\"text-align:justify\"><span style=\"font-size:12.0pt;\nline-height:107%\">14.&nbsp;&nbsp;&nbsp;&nbsp;&nbsp;&nbsp;&nbsp;&nbsp;&nbsp;A\nempresa se reserva ao direito de interrup\u00e7\u00e3o desta <b>campanha promocional BLACK FRIDAY com cupons de descontos<\/b> a\nqualquer momento sem aviso pr\u00e9vio.<o:p><\/o:p><\/span><\/p>\n\n<p class=\"MsoNormal\" style=\"text-align:justify\"><span style=\"font-size:12.0pt;\nline-height:107%\">&nbsp;Para mais informa\u00e7\u00f5es, entre e contato com o\nnosso&nbsp;<b>SAC: 0800 075 0010<\/b>.<o:p><\/o:p><\/span><\/p>\n\n<p class=\"MsoNormal\" style=\"text-align:justify\"><b><span style=\"font-size:12.0pt;line-height:107%\">&nbsp;Rota Transportes,\ncom voc\u00ea nos caminhos da vida.<o:p><\/o:p><\/span><\/b><\/p><\/li><\/ol>\t\t\t\t\t\t<\/div>\n\t\t\t\t<\/div>\n\t\t\t\t\t<\/div>\n\t\t<\/div>\n\t\t\t\t\t\t\t<\/div>\n\t\t<\/section>\n\t\t\t\t\t<\/div>\n\t\t<\/div>\n\t\t\t\t\t\t\t<\/div>\n\t\t<\/section>\n\t\t\t\t\t\t\t<\/div>\n\t\t","protected":false},"excerpt":{"rendered":"<p>REGULAMENTO BLACK FRIDAY 2024. 1.&nbsp;&nbsp;&nbsp;&nbsp;&nbsp;&nbsp;&nbsp;&nbsp;&nbsp;&nbsp;&nbsp;&nbsp;A campanha promocional BLACK FRIDAY da ROTA TRANSPORTES consiste na disponibiliza\u00e7\u00e3o de cupons de desconto por inser\u00e7\u00e3o de c\u00f3digo promocional pr\u00e9-estabelecido, em trechos e servi\u00e7os espec\u00edficos, dentro do per\u00edodo de validade estipulado. As condi\u00e7\u00f5es para elegibilidade encontram-se nos itens a seguir descritos; 2.&nbsp;&nbsp;&nbsp;&nbsp;&nbsp;&nbsp;&nbsp;&nbsp;&nbsp;&nbsp;&nbsp;&nbsp;A campanha promocional BLACK FRIDAY da ROTA TRANSPORTES ser\u00e1 [&hellip;]<\/p>\n","protected":false},"author":2,"featured_media":0,"parent":0,"menu_order":0,"comment_status":"closed","ping_status":"closed","template":"","meta":{"_joinchat":[],"footnotes":""},"class_list":["post-4605","page","type-page","status-publish","hentry"],"_links":{"self":[{"href":"https:\/\/www.rotatransportes.com.br\/index.php\/wp-json\/wp\/v2\/pages\/4605","targetHints":{"allow":["GET"]}}],"collection":[{"href":"https:\/\/www.rotatransportes.com.br\/index.php\/wp-json\/wp\/v2\/pages"}],"about":[{"href":"https:\/\/www.rotatransportes.com.br\/index.php\/wp-json\/wp\/v2\/types\/page"}],"author":[{"embeddable":true,"href":"https:\/\/www.rotatransportes.com.br\/index.php\/wp-json\/wp\/v2\/users\/2"}],"replies":[{"embeddable":true,"href":"https:\/\/www.rotatransportes.com.br\/index.php\/wp-json\/wp\/v2\/comments?post=4605"}],"version-history":[{"count":7,"href":"https:\/\/www.rotatransportes.com.br\/index.php\/wp-json\/wp\/v2\/pages\/4605\/revisions"}],"predecessor-version":[{"id":4622,"href":"https:\/\/www.rotatransportes.com.br\/index.php\/wp-json\/wp\/v2\/pages\/4605\/revisions\/4622"}],"wp:attachment":[{"href":"https:\/\/www.rotatransportes.com.br\/index.php\/wp-json\/wp\/v2\/media?parent=4605"}],"curies":[{"name":"wp","href":"https:\/\/api.w.org\/{rel}","templated":true}]}}