{"id":4734,"date":"2025-02-04T11:46:22","date_gmt":"2025-02-04T14:46:22","guid":{"rendered":"https:\/\/www.rotatransportes.com.br\/?page_id=4734"},"modified":"2025-02-04T11:47:50","modified_gmt":"2025-02-04T14:47:50","slug":"regulamento-campanha-promocional-paredaort","status":"publish","type":"page","link":"https:\/\/www.rotatransportes.com.br\/index.php\/regulamento-campanha-promocional-paredaort\/","title":{"rendered":"REGULAMENTO CAMPANHA PROMOCIONAL PAREDAORT"},"content":{"rendered":"\t\t<div data-elementor-type=\"wp-page\" data-elementor-id=\"4734\" class=\"elementor elementor-4734\">\n\t\t\t\t\t\t\t<div class=\"elementor-element elementor-element-002a6af e-con-full e-con\" data-id=\"002a6af\" data-element_type=\"container\" data-settings=\"{&quot;content_width&quot;:&quot;full&quot;}\">\n\t\t\t\t<div class=\"elementor-element elementor-element-b217741 elementor-widget elementor-widget-spacer\" data-id=\"b217741\" data-element_type=\"widget\" data-widget_type=\"spacer.default\">\n\t\t\t\t<div class=\"elementor-widget-container\">\n\t\t\t<style>\/*! elementor - v3.8.1 - 13-11-2022 *\/\n.elementor-column .elementor-spacer-inner{height:var(--spacer-size)}.e-con{--container-widget-width:100%}.e-con-inner>.elementor-widget-spacer,.e-con>.elementor-widget-spacer{width:var(--container-widget-width,var(--spacer-size));-ms-flex-item-align:stretch;align-self:stretch;-ms-flex-negative:0;flex-shrink:0}.e-con-inner>.elementor-widget-spacer>.elementor-widget-container,.e-con-inner>.elementor-widget-spacer>.elementor-widget-container>.elementor-spacer,.e-con>.elementor-widget-spacer>.elementor-widget-container,.e-con>.elementor-widget-spacer>.elementor-widget-container>.elementor-spacer{height:100%}.e-con-inner>.elementor-widget-spacer>.elementor-widget-container>.elementor-spacer>.elementor-spacer-inner,.e-con>.elementor-widget-spacer>.elementor-widget-container>.elementor-spacer>.elementor-spacer-inner{height:var(--container-widget-height,var(--spacer-size))}<\/style>\t\t<div class=\"elementor-spacer\">\n\t\t\t<div class=\"elementor-spacer-inner\"><\/div>\n\t\t<\/div>\n\t\t\t\t<\/div>\n\t\t\t\t<\/div>\n\t\t\t\t<\/div>\n\t\t\t\t<section class=\"elementor-section elementor-top-section elementor-element elementor-element-e8d2339 elementor-section-boxed elementor-section-height-default elementor-section-height-default\" data-id=\"e8d2339\" data-element_type=\"section\" data-settings=\"{&quot;_ha_eqh_enable&quot;:false}\">\n\t\t\t\t\t\t<div class=\"elementor-container elementor-column-gap-default\">\n\t\t\t\t\t<div class=\"elementor-column elementor-col-100 elementor-top-column elementor-element elementor-element-ed904f4\" data-id=\"ed904f4\" data-element_type=\"column\">\n\t\t\t<div class=\"elementor-widget-wrap elementor-element-populated\">\n\t\t\t\t\t\t\t\t<div class=\"elementor-element elementor-element-e961a9e elementor-widget elementor-widget-image\" data-id=\"e961a9e\" data-element_type=\"widget\" data-widget_type=\"image.default\">\n\t\t\t\t<div class=\"elementor-widget-container\">\n\t\t\t<style>\/*! elementor - v3.8.1 - 13-11-2022 *\/\n.elementor-widget-image{text-align:center}.elementor-widget-image a{display:inline-block}.elementor-widget-image a img[src$=\".svg\"]{width:48px}.elementor-widget-image img{vertical-align:middle;display:inline-block}<\/style>\t\t\t\t\t\t\t\t\t\t\t\t<img decoding=\"async\" src=\"https:\/\/www.rotatransportes.com.br\/wp-content\/uploads\/elementor\/thumbs\/Site-RT-BBB25-Cupom-SSA-X-JUA-ok-r10k1i8ye26smo0w14hn9ou5vdc32k9thnrio8zpp4.jpg\" title=\"Site-(RT)&#8212;BBB25-(Cupom-SSA-X-JUA)-ok\" alt=\"Site-(RT)---BBB25-(Cupom-SSA-X-JUA)-ok\" \/>\t\t\t\t\t\t\t\t\t\t\t\t\t\t\t<\/div>\n\t\t\t\t<\/div>\n\t\t\t\t<section class=\"elementor-section elementor-inner-section elementor-element elementor-element-cd0a936 elementor-section-boxed elementor-section-height-default elementor-section-height-default\" data-id=\"cd0a936\" data-element_type=\"section\" data-settings=\"{&quot;_ha_eqh_enable&quot;:false}\">\n\t\t\t\t\t\t<div class=\"elementor-container elementor-column-gap-default\">\n\t\t\t\t\t<div class=\"elementor-column elementor-col-100 elementor-inner-column elementor-element elementor-element-856d0d4\" data-id=\"856d0d4\" data-element_type=\"column\">\n\t\t\t<div class=\"elementor-widget-wrap elementor-element-populated\">\n\t\t\t\t\t\t\t\t<div class=\"elementor-element elementor-element-d3950f7 elementor-widget elementor-widget-heading\" data-id=\"d3950f7\" data-element_type=\"widget\" data-widget_type=\"heading.default\">\n\t\t\t\t<div class=\"elementor-widget-container\">\n\t\t\t<style>\/*! elementor - v3.8.1 - 13-11-2022 *\/\n.elementor-heading-title{padding:0;margin:0;line-height:1}.elementor-widget-heading .elementor-heading-title[class*=elementor-size-]>a{color:inherit;font-size:inherit;line-height:inherit}.elementor-widget-heading .elementor-heading-title.elementor-size-small{font-size:15px}.elementor-widget-heading .elementor-heading-title.elementor-size-medium{font-size:19px}.elementor-widget-heading .elementor-heading-title.elementor-size-large{font-size:29px}.elementor-widget-heading .elementor-heading-title.elementor-size-xl{font-size:39px}.elementor-widget-heading .elementor-heading-title.elementor-size-xxl{font-size:59px}<\/style><h4 class=\"elementor-heading-title elementor-size-default\">REGULAMENTO CAMPANHA PROMOCIONAL PAREDAORT<\/h4>\t\t<\/div>\n\t\t\t\t<\/div>\n\t\t\t\t<div class=\"elementor-element elementor-element-a55c3b0 elementor-widget elementor-widget-text-editor\" data-id=\"a55c3b0\" data-element_type=\"widget\" data-widget_type=\"text-editor.default\">\n\t\t\t\t<div class=\"elementor-widget-container\">\n\t\t\t<style>\/*! elementor - v3.8.1 - 13-11-2022 *\/\n.elementor-widget-text-editor.elementor-drop-cap-view-stacked .elementor-drop-cap{background-color:#818a91;color:#fff}.elementor-widget-text-editor.elementor-drop-cap-view-framed .elementor-drop-cap{color:#818a91;border:3px solid;background-color:transparent}.elementor-widget-text-editor:not(.elementor-drop-cap-view-default) .elementor-drop-cap{margin-top:8px}.elementor-widget-text-editor:not(.elementor-drop-cap-view-default) .elementor-drop-cap-letter{width:1em;height:1em}.elementor-widget-text-editor .elementor-drop-cap{float:left;text-align:center;line-height:1;font-size:50px}.elementor-widget-text-editor .elementor-drop-cap-letter{display:inline-block}<\/style>\t\t\t\t<p class=\"MsoNormal\" style=\"text-indent:-.55pt;line-height:normal\"><span style=\"font-family:&quot;Calibri&quot;,&quot;sans-serif&quot;;mso-ascii-theme-font:minor-latin;\nmso-hansi-theme-font:minor-latin;mso-bidi-theme-font:minor-latin\">1. O&nbsp;<b>CUPOM\nPROMOCIONAL PAREDAORT<\/b>&nbsp;da&nbsp;<b>ROTA TRANSPORTES<\/b>&nbsp;consiste na\ndisponibiliza\u00e7\u00e3o de 25% de desconto por inser\u00e7\u00e3o de c\u00f3digo promocional\npr\u00e9-estabelecido, em trechos e servi\u00e7os espec\u00edficos, dentro do per\u00edodo de\nvalidade estipulado. As condi\u00e7\u00f5es para elegibilidade encontram-se nos itens a\nseguir descritos;<o:p><\/o:p><\/span><\/p><p class=\"MsoNormal\" align=\"left\" style=\"text-indent: -0.55pt; line-height: normal;\"><span style=\"font-family:&quot;Calibri&quot;,&quot;sans-serif&quot;;mso-ascii-theme-font:\nminor-latin;mso-hansi-theme-font:minor-latin;mso-bidi-theme-font:minor-latin\">&nbsp;<\/span><\/p><p class=\"MsoNormal\" style=\"text-indent:-.55pt;line-height:normal\"><span style=\"font-family:&quot;Calibri&quot;,&quot;sans-serif&quot;;mso-ascii-theme-font:minor-latin;\nmso-hansi-theme-font:minor-latin;mso-bidi-theme-font:minor-latin\">2. O&nbsp;<b>CUPOM\nPROMOCIONAL PAREDAORT<\/b>&nbsp;da&nbsp;<b>ROTA TRANSPORTES<\/b>&nbsp;ser\u00e1\ndisponibilizado apenas para compras efetivadas no site\nhttps:\/\/www.rotatransportes.com.br e pelo APP oficial da Rota Transportes\ndispon\u00edvel para android e iOS;<o:p><\/o:p><\/span><\/p><p class=\"MsoNormal\" style=\"text-indent:-.55pt;line-height:normal\"><span style=\"font-family:&quot;Calibri&quot;,&quot;sans-serif&quot;;mso-ascii-theme-font:minor-latin;\nmso-hansi-theme-font:minor-latin;mso-bidi-theme-font:minor-latin\"><br>\n3.&nbsp;Os 25% de desconto da&nbsp;<b>campanha promocional<\/b>&nbsp;<b>com\ncupom de desconto<\/b>&nbsp;<b>(PAREDAORT)<\/b>&nbsp;ser\u00e3o aplicados apenas sobre\nas tarifas das passagens dos trechos promocionais. Portanto, n\u00e3o est\u00e3o inclusas\nnos descontos as tarifas de ped\u00e1gio, seguro facultativo e tarifa de utiliza\u00e7\u00e3o\nde terminais;<o:p><\/o:p><\/span><\/p><p class=\"MsoNormal\" style=\"text-indent:-.55pt;line-height:normal\"><span style=\"font-family:&quot;Calibri&quot;,&quot;sans-serif&quot;;mso-ascii-theme-font:minor-latin;\nmso-hansi-theme-font:minor-latin;mso-bidi-theme-font:minor-latin\"><br>\n4. Os cupons promocionais ser\u00e3o v\u00e1lidos&nbsp;<b>SOMENTE<\/b>&nbsp;para <b>compras no\nper\u00edodo de 24 horas de dura\u00e7\u00e3o iniciando \u00e0s 12:00h do dia 04\/02\/2025 at\u00e9 \u00e0s 12:00h\ndo dia 05\/02\/2025<\/b> nas linhas e trajetos designados no item 8, e ser\u00e3o\naplicados no valor de tarifa do bilhete de passagem adquirido e para embarque\nnos per\u00edodos designados no item 12. Para aplica\u00e7\u00e3o do desconto, o cliente\ndever\u00e1 inserir a denomina\u00e7\u00e3o do cupom correspondente&nbsp;<b>(PAREDAORT)<\/b>&nbsp;no\ncampo espec\u00edfico no momento da compra. Em casos de mais&nbsp;de uma passagem na\nmesma compra, o cupom deve ser inserido em todos os campos dispon\u00edveis;<o:p><\/o:p><\/span><\/p><p class=\"MsoNormal\" style=\"text-indent:-.55pt;line-height:normal\"><span style=\"font-family:&quot;Calibri&quot;,&quot;sans-serif&quot;;mso-ascii-theme-font:minor-latin;\nmso-hansi-theme-font:minor-latin;mso-bidi-theme-font:minor-latin\"><br>\n5.&nbsp;Para remarca\u00e7\u00e3o, o cliente fica desde j\u00e1 ciente de que, em sendo o\nvalor menor do que a compra origin\u00e1ria, em raz\u00e3o da compra adquirida ter sido\nem valor promocional, n\u00e3o ser\u00e1 eleg\u00edvel ao reembolso da diferen\u00e7a. J\u00e1 se o valor\nda remarca\u00e7\u00e3o for superior ao valor originariamente pago, dever\u00e1 observar o\nvalor da tarifa vigente para a nova data desejada, efetuando o pagamento da\ndiferen\u00e7a de valor, inclusive de ped\u00e1gio, seguro facultativo e de utiliza\u00e7\u00e3o de\nterminais, quando houver;<o:p><\/o:p><\/span><\/p><p class=\"MsoNormal\" style=\"margin-left:1.0pt;text-indent:-.55pt;line-height:\nnormal\"><span style=\"font-family:&quot;Calibri&quot;,&quot;sans-serif&quot;;mso-ascii-theme-font:\nminor-latin;mso-hansi-theme-font:minor-latin;mso-bidi-theme-font:minor-latin\"><br>\n5.1. A remarca\u00e7\u00e3o de viagens adquiridas na&nbsp;<b>campanha promocional com\ncupom de desconto<\/b>&nbsp;<b>(PAREDAORT)<\/b>&nbsp;no trecho interestadual,\nsomente ser\u00e1 eleg\u00edvel para remarca\u00e7\u00e3o em outro trecho interestadual, enquanto a\nremarca\u00e7\u00e3o de viagem em trecho intermunicipal adquirida na vig\u00eancia da\npromo\u00e7\u00e3o, somente ser\u00e1 eleg\u00edvel para remarca\u00e7\u00e3o em outro trecho intermunicipal,\ndesde que observada as 3 (tr\u00eas) horas de anteced\u00eancia prevista para o hor\u00e1rio\ncontratado para embarque;<o:p><\/o:p><\/span><\/p><p class=\"MsoNormal\" style=\"margin-left:1.0pt;text-indent:-.55pt;line-height:\nnormal\"><span style=\"font-family:&quot;Calibri&quot;,&quot;sans-serif&quot;;mso-ascii-theme-font:\nminor-latin;mso-hansi-theme-font:minor-latin;mso-bidi-theme-font:minor-latin\">&nbsp;<\/span><\/p><p class=\"MsoNormal\" style=\"margin-left:1.0pt;text-indent:-.55pt;line-height:\nnormal\"><span style=\"font-family:&quot;Calibri&quot;,&quot;sans-serif&quot;;mso-ascii-theme-font:\nminor-latin;mso-hansi-theme-font:minor-latin;mso-bidi-theme-font:minor-latin\">5.2.\nA remarca\u00e7\u00e3o, ap\u00f3s as 3h de anteced\u00eancia do embarque contratado, ensejar\u00e1 em\naplica\u00e7\u00e3o de taxas sobre o valor original da tarifa, seguindo as regras e\npercentuais previstos para remarca\u00e7\u00e3o que n\u00e3o obede\u00e7am \u00e0s 3h anteriores ao\nhor\u00e1rio de embarque. (vide maiores<a name=\"_GoBack\"><\/a> informa\u00e7\u00f5es em: <\/span><a href=\"https:\/\/www.rotatransportes.com.br\/index.php\/informacoes\/\"><span style=\"font-family:&quot;Calibri&quot;,&quot;sans-serif&quot;;mso-ascii-theme-font:minor-latin;\nmso-hansi-theme-font:minor-latin;mso-bidi-theme-font:minor-latin\">rotatransportes.com.br\/index.php\/informacoes\/<\/span><\/a><span style=\"font-family:&quot;Calibri&quot;,&quot;sans-serif&quot;;mso-ascii-theme-font:minor-latin;\nmso-hansi-theme-font:minor-latin;mso-bidi-theme-font:minor-latin\">); <o:p><\/o:p><\/span><\/p><p class=\"MsoNormal\" style=\"text-indent:-.55pt;line-height:normal\"><span style=\"font-family:&quot;Calibri&quot;,&quot;sans-serif&quot;;mso-ascii-theme-font:minor-latin;\nmso-hansi-theme-font:minor-latin;mso-bidi-theme-font:minor-latin\">&nbsp;<o:p><\/o:p><\/span><\/p><p class=\"MsoNormal\" style=\"text-indent:-.55pt;line-height:normal\"><span style=\"font-family:&quot;Calibri&quot;,&quot;sans-serif&quot;;mso-ascii-theme-font:minor-latin;\nmso-hansi-theme-font:minor-latin;mso-bidi-theme-font:minor-latin\">6. Para\ncancelamento, o cliente dever\u00e1 solicitar em at\u00e9 3 (tr\u00eas) horas de anteced\u00eancia\nda viagem, sendo<span style=\"letter-spacing:-.7pt\"> <\/span>o<span style=\"letter-spacing:-.7pt\"> <\/span>valor<span style=\"letter-spacing:-.65pt\"> <\/span>a<span style=\"letter-spacing:-.7pt\"> <\/span>ser<span style=\"letter-spacing:-.65pt\"> <\/span>reembolsado<span style=\"letter-spacing:-.7pt\"> <\/span>o<span style=\"letter-spacing:-.65pt\"> <\/span>mesmo<span style=\"letter-spacing:-.7pt\"> <\/span>valor<span style=\"letter-spacing:-.7pt\"> <\/span>pago<span style=\"letter-spacing:-.65pt\"> <\/span>pelo<span style=\"letter-spacing:-.7pt\"> <\/span>cliente<span style=\"letter-spacing:-.65pt\"> <\/span>\u00e0<span style=\"letter-spacing:-.7pt\"> <\/span>\u00e9poca<span style=\"letter-spacing:-.65pt\"> <\/span>da<span style=\"letter-spacing:-.7pt\"> <\/span>aquisi\u00e7\u00e3o<span style=\"letter-spacing:-.7pt\"> <\/span>da<span style=\"letter-spacing:-.65pt\"> <\/span>tarifa<span style=\"letter-spacing:-.7pt\"> <\/span>na<span style=\"letter-spacing:-.65pt\"> <\/span>campanha\npromocional com cupom de desconto <b>(PAREDAORT)<\/b>, observando as regras e\ncondi\u00e7\u00f5es previstas para o <span style=\"letter-spacing:-.1pt\">reembolso que\nversam sobre aplica\u00e7\u00e3o e taxas e multas para cancelamentos em linhas\nintermunicipais e interestaduais (vide maiores informa\u00e7\u00f5es em: <\/span><\/span><a href=\"https:\/\/www.rotatransportes.com.br\/index.php\/informacoes\/\"><span style=\"font-family:&quot;Calibri&quot;,&quot;sans-serif&quot;;mso-ascii-theme-font:minor-latin;\nmso-hansi-theme-font:minor-latin;mso-bidi-theme-font:minor-latin;letter-spacing:\n-.1pt\">rotatransportes.com.br\/index.php\/informacoes\/<\/span><\/a><span style=\"font-family:&quot;Calibri&quot;,&quot;sans-serif&quot;;mso-ascii-theme-font:minor-latin;\nmso-hansi-theme-font:minor-latin;mso-bidi-theme-font:minor-latin;letter-spacing:\n-.1pt\">)<\/span><span style=\"font-family:&quot;Calibri&quot;,&quot;sans-serif&quot;;mso-ascii-theme-font:\nminor-latin;mso-hansi-theme-font:minor-latin;mso-bidi-theme-font:minor-latin\">;&nbsp;<o:p><\/o:p><\/span><\/p><p class=\"MsoNormal\" align=\"left\" style=\"text-indent: -0.55pt; line-height: normal;\"><span style=\"font-family:&quot;Calibri&quot;,&quot;sans-serif&quot;;mso-ascii-theme-font:\nminor-latin;mso-hansi-theme-font:minor-latin;mso-bidi-theme-font:minor-latin\">&nbsp;<\/span><\/p><p class=\"MsoNormal\" align=\"left\" style=\"text-indent: -0.55pt; line-height: normal;\"><span style=\"font-family:&quot;Calibri&quot;,&quot;sans-serif&quot;;mso-ascii-theme-font:\nminor-latin;mso-hansi-theme-font:minor-latin;mso-bidi-theme-font:minor-latin\">7.\nO bilhete de passagem adquirido no per\u00edodo promocional \u00e9 para uso pessoal e\nintransfer\u00edvel;&nbsp;<br>\n<br>\n8.&nbsp;O<b>&nbsp;CUPOM PROMOCIONAL PAREDAORT<\/b>&nbsp;da&nbsp;<b>ROTA\nTRANSPORTES<\/b>&nbsp;\u00e9 v\u00e1lido t\u00e3o somente para os seguintes trechos e servi\u00e7os:<br>\n&nbsp;<o:p><\/o:p><\/span><\/p><p class=\"MsoNormal\" align=\"left\" style=\"text-indent: -0.55pt; line-height: normal;\"><span style=\"font-family:&quot;Calibri&quot;,&quot;sans-serif&quot;;mso-ascii-theme-font:\nminor-latin;mso-hansi-theme-font:minor-latin;mso-bidi-theme-font:minor-latin\">Trechos&nbsp;<b>com\nDestino<\/b>&nbsp;<b>a<\/b>&nbsp;Salvador &#8211; BA ou Juazeiro &#8211; BA<o:p><\/o:p><\/span><\/p><p class=\"MsoNormal\" align=\"left\" style=\"text-indent: -0.55pt; line-height: normal;\"><span style=\"font-family:&quot;Calibri&quot;,&quot;sans-serif&quot;;mso-ascii-theme-font:\nminor-latin;mso-hansi-theme-font:minor-latin;mso-bidi-theme-font:minor-latin\">Trechos&nbsp;<b>com\nOrigem em<\/b>&nbsp;Salvador &#8211; BA ou Juazeiro &#8211; BA<o:p><\/o:p><\/span><\/p><p class=\"MsoNormal\" align=\"left\" style=\"text-indent: -0.55pt; line-height: normal;\"><span style=\"font-family:&quot;Calibri&quot;,&quot;sans-serif&quot;;mso-ascii-theme-font:\nminor-latin;mso-hansi-theme-font:minor-latin;mso-bidi-theme-font:minor-latin\"><br>\n<b>*&nbsp;C\u00f3digo de cupom promocional: PAREDAORT<\/b><br>\n<br>\n9.<b>&nbsp;<\/b>Promo\u00e7\u00e3o v\u00e1lida para todos os servi\u00e7os, <b>EXCETO <\/b>para os servi\u00e7os <b>LEITO,\nLEITTO CAMA e LEITO EXPRESSO;<\/b><o:p><\/o:p><\/span><\/p><p class=\"MsoNormal\" align=\"left\" style=\"text-indent: -0.55pt; line-height: normal;\"><span style=\"font-family:&quot;Calibri&quot;,&quot;sans-serif&quot;;mso-ascii-theme-font:\nminor-latin;mso-hansi-theme-font:minor-latin;mso-bidi-theme-font:minor-latin\"><br>\n10. A mera participa\u00e7\u00e3o e uso do cupom caracteriza a aceita\u00e7\u00e3o dos termos e\ncondi\u00e7\u00f5es previstos neste regulamento;<br>\n<br>\n11. Cupom de ofertas v\u00e1lido para&nbsp;<b>compras\nno per\u00edodo de 24 horas de dura\u00e7\u00e3o iniciando \u00e0s 12:00h do dia 04\/02\/2025 at\u00e9 \u00e0s\n12:00h do dia 05\/02\/2025<\/b>;<br>\n<br>\n12.<b>&nbsp;Embarques estabelecidos\nentre 07\/02 e 25\/02\/2025;<\/b><br>\n<br>\n13.&nbsp;Promo\u00e7\u00e3o n\u00e3o\ncumulativa;<br>\n<br>\n14.&nbsp;<\/span><span style=\"font-size:12.0pt;font-family:&quot;Calibri&quot;,&quot;sans-serif&quot;;\nmso-ascii-theme-font:minor-latin;mso-hansi-theme-font:minor-latin;mso-bidi-theme-font:\nminor-latin\">A empresa se reserva ao direito de interrup\u00e7\u00e3o desta&nbsp;<b>campanha promocional&nbsp;com cupom de\ndesconto&nbsp;(<\/b><\/span><b><span style=\"font-family:&quot;Calibri&quot;,&quot;sans-serif&quot;;\nmso-ascii-theme-font:minor-latin;mso-hansi-theme-font:minor-latin;mso-bidi-theme-font:\nminor-latin\">PAREDAORT<\/span><\/b><b><span style=\"font-size:12.0pt;font-family:&quot;Calibri&quot;,&quot;sans-serif&quot;;mso-ascii-theme-font:\nminor-latin;mso-hansi-theme-font:minor-latin;mso-bidi-theme-font:minor-latin\">)&nbsp;<\/span><\/b><span style=\"font-size:12.0pt;font-family:&quot;Calibri&quot;,&quot;sans-serif&quot;;mso-ascii-theme-font:\nminor-latin;mso-hansi-theme-font:minor-latin;mso-bidi-theme-font:minor-latin\">a\nqualquer momento sem aviso pr\u00e9vio.<\/span><span style=\"font-family:&quot;Calibri&quot;,&quot;sans-serif&quot;;\nmso-ascii-theme-font:minor-latin;mso-hansi-theme-font:minor-latin;mso-bidi-theme-font:\nminor-latin\"><o:p><\/o:p><\/span><\/p><p class=\"MsoNormal\" align=\"left\" style=\"margin: 12pt 0.25pt 12pt 0.5pt; text-indent: -0.55pt; line-height: normal; background-image: initial; background-position: initial; background-size: initial; background-repeat: initial; background-attachment: initial; background-origin: initial; background-clip: initial;\"><span style=\"font-size:12.0pt;font-family:\n&quot;Calibri&quot;,&quot;sans-serif&quot;;mso-ascii-theme-font:minor-latin;mso-hansi-theme-font:\nminor-latin;mso-bidi-theme-font:minor-latin;color:windowtext\">Para mais informa\u00e7\u00f5es,\nentre e contato com o nosso&nbsp;<b>SAC: 0800 075 0010.<\/b><o:p><\/o:p><\/span><\/p><p class=\"MsoNormal\" style=\"text-align: justify; text-justify: inter-ideograph; mso-list: l0 level1 lfo1;\">\n\n\n\n\n\n\n\n\n\n\n\n\n\n\n\n\n\n\n\n\n\n\n\n\n\n\n\n\n\n\n\n\n\n\n\n<\/p><p class=\"MsoNormal\" align=\"left\" style=\"margin: 0cm 0.1pt 0.55pt; text-indent: -0.55pt; line-height: normal;\"><b><span style=\"font-size:12.0pt;font-family:&quot;Calibri&quot;,&quot;sans-serif&quot;;mso-ascii-theme-font:\nminor-latin;mso-hansi-theme-font:minor-latin;mso-bidi-theme-font:minor-latin\">Rota\nTransportes, com voc\u00ea nos caminhos da vida.<\/span><\/b><span style=\"font-size:\n12.0pt;font-family:&quot;Calibri&quot;,&quot;sans-serif&quot;;mso-ascii-theme-font:minor-latin;\nmso-hansi-theme-font:minor-latin;mso-bidi-theme-font:minor-latin\"><o:p><\/o:p><\/span><\/p>\t\t\t\t\t\t<\/div>\n\t\t\t\t<\/div>\n\t\t\t\t\t<\/div>\n\t\t<\/div>\n\t\t\t\t\t\t\t<\/div>\n\t\t<\/section>\n\t\t\t\t\t<\/div>\n\t\t<\/div>\n\t\t\t\t\t\t\t<\/div>\n\t\t<\/section>\n\t\t\t\t\t\t\t<\/div>\n\t\t","protected":false},"excerpt":{"rendered":"<p>REGULAMENTO CAMPANHA PROMOCIONAL PAREDAORT 1. O&nbsp;CUPOM PROMOCIONAL PAREDAORT&nbsp;da&nbsp;ROTA TRANSPORTES&nbsp;consiste na disponibiliza\u00e7\u00e3o de 25% de desconto por inser\u00e7\u00e3o de c\u00f3digo promocional pr\u00e9-estabelecido, em trechos e servi\u00e7os espec\u00edficos, dentro do per\u00edodo de validade estipulado. As condi\u00e7\u00f5es para elegibilidade encontram-se nos itens a seguir descritos; &nbsp; 2. O&nbsp;CUPOM PROMOCIONAL PAREDAORT&nbsp;da&nbsp;ROTA TRANSPORTES&nbsp;ser\u00e1 disponibilizado apenas para compras efetivadas no site [&hellip;]<\/p>\n","protected":false},"author":2,"featured_media":0,"parent":0,"menu_order":0,"comment_status":"closed","ping_status":"closed","template":"","meta":{"_joinchat":[],"footnotes":""},"class_list":["post-4734","page","type-page","status-publish","hentry"],"_links":{"self":[{"href":"https:\/\/www.rotatransportes.com.br\/index.php\/wp-json\/wp\/v2\/pages\/4734","targetHints":{"allow":["GET"]}}],"collection":[{"href":"https:\/\/www.rotatransportes.com.br\/index.php\/wp-json\/wp\/v2\/pages"}],"about":[{"href":"https:\/\/www.rotatransportes.com.br\/index.php\/wp-json\/wp\/v2\/types\/page"}],"author":[{"embeddable":true,"href":"https:\/\/www.rotatransportes.com.br\/index.php\/wp-json\/wp\/v2\/users\/2"}],"replies":[{"embeddable":true,"href":"https:\/\/www.rotatransportes.com.br\/index.php\/wp-json\/wp\/v2\/comments?post=4734"}],"version-history":[{"count":4,"href":"https:\/\/www.rotatransportes.com.br\/index.php\/wp-json\/wp\/v2\/pages\/4734\/revisions"}],"predecessor-version":[{"id":4739,"href":"https:\/\/www.rotatransportes.com.br\/index.php\/wp-json\/wp\/v2\/pages\/4734\/revisions\/4739"}],"wp:attachment":[{"href":"https:\/\/www.rotatransportes.com.br\/index.php\/wp-json\/wp\/v2\/media?parent=4734"}],"curies":[{"name":"wp","href":"https:\/\/api.w.org\/{rel}","templated":true}]}}