{"id":5126,"date":"2025-12-23T17:40:35","date_gmt":"2025-12-23T20:40:35","guid":{"rendered":"https:\/\/www.rotatransportes.com.br\/?page_id=5126"},"modified":"2026-01-26T15:06:35","modified_gmt":"2026-01-26T18:06:35","slug":"onboard","status":"publish","type":"page","link":"https:\/\/www.rotatransportes.com.br\/index.php\/onboard\/","title":{"rendered":"Onboard"},"content":{"rendered":"\t\t<div data-elementor-type=\"wp-page\" data-elementor-id=\"5126\" class=\"elementor elementor-5126\">\n\t\t\t\t\t\t\t<div class=\"elementor-element elementor-element-002a6af e-con-full e-con\" data-id=\"002a6af\" data-element_type=\"container\" data-settings=\"{&quot;content_width&quot;:&quot;full&quot;}\">\n\t\t\t\t<\/div>\n\t\t<div class=\"elementor-element elementor-element-f9628de e-con-boxed e-con\" data-id=\"f9628de\" data-element_type=\"container\" data-settings=\"{&quot;content_width&quot;:&quot;boxed&quot;}\">\n\t\t\t\t\t<div class=\"e-con-inner\">\n\t\t<div class=\"elementor-element elementor-element-f31d65d e-con-full e-con\" data-id=\"f31d65d\" data-element_type=\"container\" data-settings=\"{&quot;content_width&quot;:&quot;full&quot;}\">\n\t\t\t\t<div class=\"elementor-element elementor-element-80d822e elementor-widget elementor-widget-heading\" data-id=\"80d822e\" data-element_type=\"widget\" data-widget_type=\"heading.default\">\n\t\t\t\t<div class=\"elementor-widget-container\">\n\t\t\t<style>\/*! elementor - v3.8.1 - 13-11-2022 *\/\n.elementor-heading-title{padding:0;margin:0;line-height:1}.elementor-widget-heading .elementor-heading-title[class*=elementor-size-]>a{color:inherit;font-size:inherit;line-height:inherit}.elementor-widget-heading .elementor-heading-title.elementor-size-small{font-size:15px}.elementor-widget-heading .elementor-heading-title.elementor-size-medium{font-size:19px}.elementor-widget-heading .elementor-heading-title.elementor-size-large{font-size:29px}.elementor-widget-heading .elementor-heading-title.elementor-size-xl{font-size:39px}.elementor-widget-heading .elementor-heading-title.elementor-size-xxl{font-size:59px}<\/style><h3 class=\"elementor-heading-title elementor-size-default\">ONBOARD \u2013 NOVO SISTEMA DE BILHETAGEM ELETR\u00d4NICA<\/h3>\t\t<\/div>\n\t\t\t\t<\/div>\n\t\t\t\t<div class=\"elementor-element elementor-element-d062505 elementor-widget elementor-widget-text-editor\" data-id=\"d062505\" data-element_type=\"widget\" data-widget_type=\"text-editor.default\">\n\t\t\t\t<div class=\"elementor-widget-container\">\n\t\t\t<style>\/*! elementor - v3.8.1 - 13-11-2022 *\/\n.elementor-widget-text-editor.elementor-drop-cap-view-stacked .elementor-drop-cap{background-color:#818a91;color:#fff}.elementor-widget-text-editor.elementor-drop-cap-view-framed .elementor-drop-cap{color:#818a91;border:3px solid;background-color:transparent}.elementor-widget-text-editor:not(.elementor-drop-cap-view-default) .elementor-drop-cap{margin-top:8px}.elementor-widget-text-editor:not(.elementor-drop-cap-view-default) .elementor-drop-cap-letter{width:1em;height:1em}.elementor-widget-text-editor .elementor-drop-cap{float:left;text-align:center;line-height:1;font-size:50px}.elementor-widget-text-editor .elementor-drop-cap-letter{display:inline-block}<\/style>\t\t\t\t<p style=\"margin-bottom: .0001pt; text-align: justify; line-height: normal;\">\n<\/p><p><span style=\"font-size:14.0pt;font-family:&quot;Calibri&quot;,&quot;sans-serif&quot;;mso-ascii-theme-font:\nminor-latin;mso-hansi-theme-font:minor-latin;mso-bidi-theme-font:minor-latin\">O\nservi\u00e7o <strong>semiurbano<\/strong>\nagora conta com um <strong>novo sistema de bilhetagem eletr\u00f4nica<\/strong>, mais\nmoderno, pr\u00e1tico e r\u00e1pido.<br>\nO antigo <strong>Rotacard<\/strong>\nfoi substitu\u00eddo por um modelo que permite <strong>pagamento direto na catraca<\/strong>,\ncom leitura por <strong>carteira digital BiPay<\/strong>.<o:p><\/o:p><\/span><\/p><p><span style=\"font-size:14.0pt;font-family:&quot;Calibri&quot;,&quot;sans-serif&quot;;mso-ascii-theme-font:\nminor-latin;mso-hansi-theme-font:minor-latin;mso-bidi-theme-font:minor-latin\">Agora,\nvoc\u00ea pode <strong>comprar\ne recarregar cr\u00e9ditos pelo aplicativo<\/strong>, aproveitar <strong>descontos\nespeciais exclusivos no app BiPay<\/strong> <em>(n\u00e3o v\u00e1lidos para vale-transporte\ne tarifa estudantil)<\/em> e tamb\u00e9m adquirir <strong>bilhete\nf\u00edsico com QR Code<\/strong> nas ag\u00eancias ou diretamente com o motorista,\ngarantindo <strong>embarque\nimediato<\/strong>.<o:p><\/o:p><\/span><\/p><p><span style=\"font-size:14.0pt;font-family:&quot;Calibri&quot;,&quot;sans-serif&quot;;mso-ascii-theme-font:\nminor-latin;mso-hansi-theme-font:minor-latin;mso-bidi-theme-font:minor-latin\">Mais\ntecnologia, agilidade e conveni\u00eancia para sua viagem no semiurbano.<o:p><\/o:p><\/span><\/p><p class=\"MsoNormal\" style=\"margin-bottom:0cm;margin-bottom:.0001pt;text-align:\njustify;line-height:normal\"><span style=\"font-size:14.0pt\">&nbsp;<\/span><\/p><p class=\"MsoNormal\" style=\"margin-bottom:0cm;margin-bottom:.0001pt;text-align:\njustify;line-height:normal\"><b><span style=\"font-size:14.0pt\">LINHAS SEMIURBANO<o:p><\/o:p><\/span><\/b><\/p><p class=\"MsoNormal\" style=\"margin-bottom:0cm;margin-bottom:.0001pt;text-align:\njustify;line-height:normal\"><b><span style=\"font-size:14.0pt\">&nbsp;<\/span><\/b><\/p><p class=\"MsoNormal\" style=\"margin-top:0cm;margin-right:0cm;margin-bottom:0cm;\nmargin-left:18.0pt;margin-bottom:.0001pt;text-align:justify;line-height:normal\"><span style=\"font-size:14.0pt\">Itabuna x Barro Preto<o:p><\/o:p><\/span><\/p><p class=\"MsoNormal\" style=\"margin-top:0cm;margin-right:0cm;margin-bottom:0cm;\nmargin-left:18.0pt;margin-bottom:.0001pt;text-align:justify;line-height:normal\"><span style=\"font-size:14.0pt\">Itabuna x Buerarema<o:p><\/o:p><\/span><\/p><p class=\"MsoNormal\" style=\"margin-top:0cm;margin-right:0cm;margin-bottom:0cm;\nmargin-left:18.0pt;margin-bottom:.0001pt;text-align:justify;line-height:normal\"><span style=\"font-size:14.0pt\">Itabuna x Ilh\u00e9us<o:p><\/o:p><\/span><\/p><p class=\"MsoNormal\" style=\"margin-top:0cm;margin-right:0cm;margin-bottom:0cm;\nmargin-left:18.0pt;margin-bottom:.0001pt;text-align:justify;line-height:normal\"><span style=\"font-size:14.0pt\">Itabuna x Itaju\u00edpe<o:p><\/o:p><\/span><\/p><p class=\"MsoNormal\" style=\"margin-top:0cm;margin-right:0cm;margin-bottom:0cm;\nmargin-left:18.0pt;margin-bottom:.0001pt;text-align:justify;line-height:normal\"><span style=\"font-size:14.0pt\">Itabuna x Itap\u00e9<o:p><\/o:p><\/span><\/p><p class=\"MsoNormal\" style=\"margin-top:0cm;margin-right:0cm;margin-bottom:0cm;\nmargin-left:18.0pt;margin-bottom:.0001pt;text-align:justify;line-height:normal\"><span style=\"font-size:14.0pt\">Itabuna X Oliven\u00e7a<o:p><\/o:p><\/span><\/p><p class=\"MsoNormal\" style=\"margin-top:0cm;margin-right:0cm;margin-bottom:0cm;\nmargin-left:18.0pt;margin-bottom:.0001pt;text-align:justify;line-height:normal\"><span style=\"font-size:14.0pt\">Itabuna x Salobrinho<o:p><\/o:p><\/span><\/p><p class=\"MsoNormal\" style=\"margin-top:0cm;margin-right:0cm;margin-bottom:0cm;\nmargin-left:18.0pt;margin-bottom:.0001pt;text-align:justify;line-height:normal\"><span style=\"font-size:14.0pt\">Itabuna X Uru\u00e7uca<o:p><\/o:p><\/span><\/p><p class=\"MsoNormal\" style=\"margin-bottom:0cm;margin-bottom:.0001pt;text-align:\njustify;line-height:normal\"><b><span style=\"font-size:14.0pt\">&nbsp;<\/span><\/b><\/p><p class=\"MsoNormal\" style=\"margin-bottom:0cm;margin-bottom:.0001pt;text-align:\njustify;line-height:normal\"><b><span style=\"font-size:14.0pt\">PERGUNTAS\nFREQUENTES<o:p><\/o:p><\/span><\/b><\/p><p class=\"MsoNormal\" style=\"margin-bottom:0cm;margin-bottom:.0001pt;text-align:\njustify;line-height:normal\"><b><span style=\"font-size:14.0pt\">&nbsp;<\/span><\/b><\/p><p class=\"MsoNormal\" style=\"margin-bottom:0cm;margin-bottom:.0001pt;text-align:\njustify;line-height:normal\"><b><span style=\"font-size:14.0pt\">\u2013 <\/span><\/b><b><span style=\"font-size:14.0pt\">Quais formas\nde pagamento s\u00e3o aceitas na catraca?<o:p><\/o:p><\/span><\/b><\/p><p class=\"MsoNormal\" style=\"margin-bottom:0cm;margin-bottom:.0001pt;text-align:\njustify;line-height:normal\"><span style=\"font-size:14.0pt\">&nbsp;<\/span><\/p><p class=\"MsoNormal\" style=\"margin-bottom:0cm;margin-bottom:.0001pt;text-align:\njustify;line-height:normal\"><span style=\"font-size:14.0pt\">Na catraca, s\u00e3o\naceitas as seguintes formas de pagamento: <strong><span style=\"font-family:\n&quot;Calibri&quot;,&quot;sans-serif&quot;\">BiPay (carteira digital no celular)<\/span><\/strong>, e <strong><span style=\"font-family:&quot;Calibri&quot;,&quot;sans-serif&quot;\">bilhete f\u00edsico com QR Code<\/span><\/strong>,\nque pode ser comprado nas ag\u00eancias ou diretamente com o motorista, garantindo\nembarque imediato.<o:p><\/o:p><\/span><\/p><p class=\"MsoNormal\" style=\"margin-bottom:0cm;margin-bottom:.0001pt;text-align:\njustify;line-height:normal\"><b><span style=\"font-size:14.0pt\">&nbsp;<\/span><\/b><\/p><p class=\"MsoNormal\" style=\"margin-bottom:0cm;margin-bottom:.0001pt;text-align:\njustify;line-height:normal\"><b><span style=\"font-size:14.0pt\">\u2013 O que \u00e9 o BiPay?<o:p><\/o:p><\/span><\/b><\/p><p class=\"MsoNormal\" style=\"margin-bottom:0cm;margin-bottom:.0001pt;text-align:\njustify;line-height:normal\"><span style=\"font-size:14.0pt\">&nbsp;<\/span><\/p><p class=\"MsoNormal\" style=\"margin-bottom:0cm;margin-bottom:.0001pt;text-align:\njustify;line-height:normal\"><span style=\"font-size:14.0pt\">O BiPay \u00e9 a carteira\ndigital do novo sistema de bilhetagem eletr\u00f4nica do servi\u00e7o semi-urbano, criada\npara tornar o embarque mais r\u00e1pido, pr\u00e1tico e seguro. Por meio do aplicativo, o\npassageiro pode comprar e recarregar cr\u00e9ditos, realizar o pagamento por\naproxima\u00e7\u00e3o diretamente na catraca usando o celular e ainda ter acesso a\ndescontos e ofertas exclusivas, sem a necessidade de cart\u00e3o f\u00edsico.<o:p><\/o:p><\/span><\/p><p class=\"MsoNormal\" style=\"margin-bottom:0cm;margin-bottom:.0001pt;text-align:\njustify;line-height:normal\"><span style=\"font-size:14.0pt\">&nbsp;<\/span><\/p><p class=\"MsoNormal\" style=\"margin-bottom:0cm;margin-bottom:.0001pt;text-align:\njustify;line-height:normal\"><b><span style=\"font-size:14.0pt\">\u2013 <\/span><\/b><b><span style=\"font-size:14.0pt\">O Rotacard\nvai deixar de funcionar? At\u00e9 quando posso utiliz\u00e1-lo?<o:p><\/o:p><\/span><\/b><\/p><p class=\"MsoNormal\" style=\"margin-bottom:0cm;margin-bottom:.0001pt;text-align:\njustify;line-height:normal\"><span style=\"font-size:14.0pt\">&nbsp;<\/span><\/p><p class=\"MsoNormal\" style=\"margin-bottom:0cm;margin-bottom:.0001pt;text-align:\njustify;line-height:normal\"><span style=\"font-size:14.0pt\">Sim, o Rotacard ser\u00e1\ndescontinuado e permanecer\u00e1 ativo at\u00e9 o dia <strong><span style=\"font-family:\n&quot;Calibri&quot;,&quot;sans-serif&quot;\">23\/02\/2026<\/span><\/strong>. Recomendamos que os\nclientes com cr\u00e9ditos ativos no cart\u00e3o procurem, de forma antecipada, a <strong><span style=\"font-family:&quot;Calibri&quot;,&quot;sans-serif&quot;\">Ag\u00eancia da Rota<\/span><\/strong>,\nlocalizada na <strong><span style=\"font-family:&quot;Calibri&quot;,&quot;sans-serif&quot;\">Av.\nIn\u00e1cio Tosta Filho, n\u00ba 66, Centro \u2013 Itabuna\/BA<\/span><\/strong>, para realizar a\ntransfer\u00eancia dos cr\u00e9ditos para o novo sistema de bilhetagem eletr\u00f4nica.<o:p><\/o:p><\/span><\/p><p class=\"MsoNormal\" style=\"margin-bottom:0cm;margin-bottom:.0001pt;text-align:\njustify;line-height:normal\"><span style=\"font-size:14.0pt\">&nbsp;<\/span><\/p><p class=\"MsoNormal\" style=\"margin-bottom:0cm;margin-bottom:.0001pt;text-align:\njustify;line-height:normal\"><b><span style=\"font-size:14.0pt\">\u2013 <\/span><\/b><b><span style=\"font-size:14.0pt\">Como fa\u00e7o\npara baixar e usar o aplicativo BiPay?<o:p><\/o:p><\/span><\/b><\/p><p class=\"MsoNormal\" style=\"margin-bottom:0cm;margin-bottom:.0001pt;text-align:\njustify;line-height:normal\"><span style=\"font-size:14.0pt\">&nbsp;<\/span><\/p><p class=\"MsoNormal\" style=\"margin-bottom:0cm;margin-bottom:.0001pt;text-align:\njustify;line-height:normal\"><span style=\"font-size:14.0pt\">Para baixar e usar o\naplicativo <strong><span style=\"font-family:&quot;Calibri&quot;,&quot;sans-serif&quot;\">BiPay<\/span><\/strong>,\nbasta acessar a loja de aplicativos do seu celular (<strong><span style=\"font-family:&quot;Calibri&quot;,&quot;sans-serif&quot;\">Google Play<\/span><\/strong> ou <strong><span style=\"font-family:&quot;Calibri&quot;,&quot;sans-serif&quot;\">App Store<\/span><\/strong>), procurar\npor <strong><span style=\"font-family:&quot;Calibri&quot;,&quot;sans-serif&quot;\">BiPay<\/span><\/strong>\ne realizar o download. Ap\u00f3s a instala\u00e7\u00e3o, fa\u00e7a o cadastro, compre ou recarregue\nseus cr\u00e9ditos pelo app e, no momento do embarque, utilize o celular para pagar\npor aproxima\u00e7\u00e3o diretamente na catraca.<o:p><\/o:p><\/span><\/p><p class=\"MsoNormal\" style=\"margin-bottom:0cm;margin-bottom:.0001pt;text-align:\njustify;line-height:normal\"><span style=\"font-size:14.0pt\">&nbsp;<\/span><\/p><p class=\"MsoNormal\" style=\"margin-bottom:0cm;margin-bottom:.0001pt;text-align:\njustify;line-height:normal\"><b><span style=\"font-size:14.0pt\">\u2013 <\/span><\/b><b><span style=\"font-size:14.0pt\">Preciso de\ninternet no celular para usar o BiPay no embarque?<o:p><\/o:p><\/span><\/b><\/p><p class=\"MsoNormal\" style=\"margin-bottom:0cm;margin-bottom:.0001pt;text-align:\njustify;line-height:normal\"><span style=\"font-size:14.0pt\">&nbsp;<\/span><\/p><p class=\"MsoNormal\" style=\"margin-bottom:0cm;margin-bottom:.0001pt;text-align:\njustify;line-height:normal\"><strong><span style=\"font-size:14.0pt;font-family:\n&quot;Calibri&quot;,&quot;sans-serif&quot;\">N\u00e3o.<\/span><\/strong><span style=\"font-size:14.0pt\"> O\nacesso \u00e0 internet \u00e9 necess\u00e1rio apenas antes do embarque, para login e compra de\ncr\u00e9ditos. Ap\u00f3s isso, mantendo o aplicativo aberto (mesmo que minimizado), o QR\nCode funciona normalmente em modo off-line no validador no momento do embarque,\ndesde que haja saldo suficiente.<o:p><\/o:p><\/span><\/p><p class=\"MsoNormal\" style=\"margin-bottom:0cm;margin-bottom:.0001pt;text-align:\njustify;line-height:normal\"><span style=\"font-size:14.0pt\">&nbsp;<\/span><\/p><p class=\"MsoNormal\" style=\"margin-bottom:0cm;margin-bottom:.0001pt;text-align:\njustify;line-height:normal\"><b><span style=\"font-size:14.0pt\">\u2013 <\/span><\/b><b><span style=\"font-size:14.0pt\">Posso usar o\nmesmo app para mais de uma pessoa?<o:p><\/o:p><\/span><\/b><\/p><p class=\"MsoNormal\" style=\"mso-margin-top-alt:auto;mso-margin-bottom-alt:auto;\nline-height:normal\"><b><span style=\"font-size:14.0pt;mso-ascii-font-family:\nCalibri;mso-ascii-theme-font:minor-latin;mso-fareast-font-family:&quot;Times New Roman&quot;;\nmso-hansi-font-family:Calibri;mso-hansi-theme-font:minor-latin;mso-bidi-font-family:\nCalibri;mso-bidi-theme-font:minor-latin\">Nas linhas:<\/span><\/b><span style=\"font-size:14.0pt;mso-ascii-font-family:Calibri;mso-ascii-theme-font:\nminor-latin;mso-fareast-font-family:&quot;Times New Roman&quot;;mso-hansi-font-family:\nCalibri;mso-hansi-theme-font:minor-latin;mso-bidi-font-family:Calibri;\nmso-bidi-theme-font:minor-latin\"><br>\nItabuna x Buerarema<br>\nItabuna x Ilh\u00e9us<br>\nItabuna x Itaju\u00edpe<br>\nItabuna x Itap\u00e9<br>\nItabuna x Salobrinho<o:p><\/o:p><\/span><\/p><p class=\"MsoNormal\" style=\"mso-margin-top-alt:auto;mso-margin-bottom-alt:auto;\nline-height:normal\"><a name=\"_GoBack\"><\/a><span style=\"font-size:14.0pt;\nmso-ascii-font-family:Calibri;mso-ascii-theme-font:minor-latin;mso-fareast-font-family:\n&quot;Times New Roman&quot;;mso-hansi-font-family:Calibri;mso-hansi-theme-font:minor-latin;\nmso-bidi-font-family:Calibri;mso-bidi-theme-font:minor-latin\">O aplicativo pode\nser utilizado quantas vezes forem necess\u00e1rias, desde que haja saldo dispon\u00edvel.\nQuando estiver <b>online<\/b>, n\u00e3o h\u00e1 limite de uso. Caso esteja <b>offline<\/b>,\no QR Code poder\u00e1 ser utilizado <b>apenas uma vez<\/b>.<o:p><\/o:p><\/span><\/p><p class=\"MsoNormal\" style=\"mso-margin-top-alt:auto;mso-margin-bottom-alt:auto;\nline-height:normal\"><b><span style=\"font-size:14.0pt;mso-ascii-font-family:\nCalibri;mso-ascii-theme-font:minor-latin;mso-fareast-font-family:&quot;Times New Roman&quot;;\nmso-hansi-font-family:Calibri;mso-hansi-theme-font:minor-latin;mso-bidi-font-family:\nCalibri;mso-bidi-theme-font:minor-latin\">Nas linhas:<\/span><\/b><span style=\"font-size:14.0pt;mso-ascii-font-family:Calibri;mso-ascii-theme-font:\nminor-latin;mso-fareast-font-family:&quot;Times New Roman&quot;;mso-hansi-font-family:\nCalibri;mso-hansi-theme-font:minor-latin;mso-bidi-font-family:Calibri;\nmso-bidi-theme-font:minor-latin\"><br>\nItabuna x Barro Preto<br>\nItabuna x Oliven\u00e7a<br>\nItabuna x Uru\u00e7uca<o:p><\/o:p><\/span><\/p><p class=\"MsoNormal\" style=\"mso-margin-top-alt:auto;mso-margin-bottom-alt:auto;\nline-height:normal\"><span style=\"font-size:14.0pt;mso-ascii-font-family:Calibri;\nmso-ascii-theme-font:minor-latin;mso-fareast-font-family:&quot;Times New Roman&quot;;\nmso-hansi-font-family:Calibri;mso-hansi-theme-font:minor-latin;mso-bidi-font-family:\nCalibri;mso-bidi-theme-font:minor-latin\">O aplicativo permite <b>apenas um\nembarque<\/b>, pois nessas linhas o QR Code precisa ser apresentado novamente no\nvalidador no momento do desembarque.<o:p><\/o:p><\/span><\/p><p class=\"MsoNormal\" style=\"margin-bottom:0cm;margin-bottom:.0001pt;text-align:\njustify;line-height:normal\"><b><span style=\"font-size:14.0pt\">\u2013 <\/span><\/b><b><span style=\"font-size:14.0pt\">Como\nfunciona o bilhete f\u00edsico com QR Code?<o:p><\/o:p><\/span><\/b><\/p><p class=\"MsoNormal\" style=\"margin-bottom:0cm;margin-bottom:.0001pt;text-align:\njustify;line-height:normal\"><span style=\"font-size:14.0pt\">&nbsp;<\/span><\/p><p class=\"MsoNormal\" style=\"margin-bottom:0cm;margin-bottom:.0001pt;text-align:\njustify;line-height:normal\"><span style=\"font-size:14.0pt\">O bilhete f\u00edsico com\nQR Code permite o embarque de forma r\u00e1pida e pr\u00e1tica. Ap\u00f3s a compra, o\npassageiro recebe um bilhete com QR Code que deve ser aproximado do leitor na\ncatraca para libera\u00e7\u00e3o do acesso, garantindo embarque imediato.<o:p><\/o:p><\/span><\/p><p class=\"MsoNormal\" style=\"margin-bottom:0cm;margin-bottom:.0001pt;text-align:\njustify;line-height:normal\"><span style=\"font-size:14.0pt\">&nbsp;<\/span><\/p><p class=\"MsoNormal\" style=\"margin-bottom:0cm;margin-bottom:.0001pt;text-align:\njustify;line-height:normal\"><b><span style=\"font-size:14.0pt\">\u2013 <\/span><\/b><b><span style=\"font-size:14.0pt\">Onde posso\ncomprar o bilhete com QR Code?<o:p><\/o:p><\/span><\/b><\/p><p class=\"MsoNormal\" style=\"margin-bottom:0cm;margin-bottom:.0001pt;text-align:\njustify;line-height:normal\"><span style=\"font-size:14.0pt\">&nbsp;<\/span><\/p><p class=\"MsoNormal\" style=\"margin-bottom:0cm;margin-bottom:.0001pt;text-align:\njustify;line-height:normal\"><span style=\"font-size:14.0pt\">O bilhete com QR\nCode pode ser adquirido nas <strong><span style=\"font-family:&quot;Calibri&quot;,&quot;sans-serif&quot;\">ag\u00eancias<\/span><\/strong>\nou <strong><span style=\"font-family:&quot;Calibri&quot;,&quot;sans-serif&quot;\">diretamente com o\nmotorista<\/span><\/strong> no momento do embarque.<o:p><\/o:p><\/span><\/p><p class=\"MsoNormal\" style=\"margin-bottom:0cm;margin-bottom:.0001pt;text-align:\njustify;line-height:normal\"><span style=\"font-size:14.0pt\">&nbsp;<\/span><\/p><p class=\"MsoNormal\" style=\"margin-bottom: 11pt; text-align: justify; line-height: normal; background-image: initial; background-position: initial; background-size: initial; background-repeat: initial; background-attachment: initial; background-origin: initial; background-clip: initial;\"><b><span style=\"font-family:Roboto;mso-fareast-font-family:\nRoboto;mso-bidi-font-family:Roboto\">\u2013 Tem outra d\u00favida? Fale conosco!<o:p><\/o:p><\/span><\/b><\/p><p class=\"MsoNormal\" style=\"margin-bottom: 0.0001pt; text-align: justify; line-height: normal; background-image: initial; background-position: initial; background-size: initial; background-repeat: initial; background-attachment: initial; background-origin: initial; background-clip: initial;\"><span style=\"font-family:Roboto;\nmso-fareast-font-family:Roboto;mso-bidi-font-family:Roboto\">Envie um e-mail\npara ouvidoria@rotatransportes.com.br ou ligue <b>0800 075 0010<\/b> para falar\ncom nosso SAC.<o:p><\/o:p><\/span><\/p><p class=\"MsoNormal\" style=\"margin-bottom: 0.0001pt; text-align: justify; line-height: normal; background-image: initial; background-position: initial; background-size: initial; background-repeat: initial; background-attachment: initial; background-origin: initial; background-clip: initial;\"><span style=\"font-family:Roboto;\nmso-fareast-font-family:Roboto;mso-bidi-font-family:Roboto\">&nbsp;<\/span><\/p><p>\n\n\n\n\n\n\n\n\n\n\n\n\n\n\n\n\n\n\n\n\n\n\n\n\n\n\n\n\n\n\n\n\n\n\n\n\n\n\n\n\n\n\n\n\n\n\n\n\n\n\n\n\n\n\n\n\n\n\n\n\n\n\n\n\n\n\n\n\n\n\n\n\n\n\n\n\n\n\n\n\n\n\n\n\n\n\n\n\n\n\n\n\n\n\n\n\n\n\n\n\n\n\n\n\n\n<span style=\"font-size:12.0pt;line-height:115%;font-family:Roboto;mso-fareast-font-family:\nRoboto;mso-bidi-font-family:Roboto;mso-ansi-language:PT-BR;mso-fareast-language:\nPT-BR;mso-bidi-language:AR-SA\">Nossos canais est\u00e3o sempre \u00e0 disposi\u00e7\u00e3o para\najudar voc\u00ea!<\/span><\/p>\t\t\t\t\t\t<\/div>\n\t\t\t\t<\/div>\n\t\t\t\t<\/div>\n\t\t<div class=\"elementor-element elementor-element-a23e275 e-con-full e-con\" data-id=\"a23e275\" data-element_type=\"container\" data-settings=\"{&quot;content_width&quot;:&quot;full&quot;}\">\n\t\t\t\t<\/div>\n\t\t\t\t\t<\/div>\n\t\t\t\t<\/div>\n\t\t\t\t\t\t\t<\/div>\n\t\t","protected":false},"excerpt":{"rendered":"<p>ONBOARD \u2013 NOVO SISTEMA DE BILHETAGEM ELETR\u00d4NICA O servi\u00e7o semiurbano agora conta com um novo sistema de bilhetagem eletr\u00f4nica, mais moderno, pr\u00e1tico e r\u00e1pido. O antigo Rotacard foi substitu\u00eddo por um modelo que permite pagamento direto na catraca, com leitura por carteira digital BiPay. Agora, voc\u00ea pode comprar e recarregar cr\u00e9ditos pelo aplicativo, aproveitar descontos [&hellip;]<\/p>\n","protected":false},"author":2,"featured_media":0,"parent":0,"menu_order":0,"comment_status":"closed","ping_status":"closed","template":"","meta":{"_joinchat":[],"footnotes":""},"class_list":["post-5126","page","type-page","status-publish","hentry"],"_links":{"self":[{"href":"https:\/\/www.rotatransportes.com.br\/index.php\/wp-json\/wp\/v2\/pages\/5126","targetHints":{"allow":["GET"]}}],"collection":[{"href":"https:\/\/www.rotatransportes.com.br\/index.php\/wp-json\/wp\/v2\/pages"}],"about":[{"href":"https:\/\/www.rotatransportes.com.br\/index.php\/wp-json\/wp\/v2\/types\/page"}],"author":[{"embeddable":true,"href":"https:\/\/www.rotatransportes.com.br\/index.php\/wp-json\/wp\/v2\/users\/2"}],"replies":[{"embeddable":true,"href":"https:\/\/www.rotatransportes.com.br\/index.php\/wp-json\/wp\/v2\/comments?post=5126"}],"version-history":[{"count":16,"href":"https:\/\/www.rotatransportes.com.br\/index.php\/wp-json\/wp\/v2\/pages\/5126\/revisions"}],"predecessor-version":[{"id":5162,"href":"https:\/\/www.rotatransportes.com.br\/index.php\/wp-json\/wp\/v2\/pages\/5126\/revisions\/5162"}],"wp:attachment":[{"href":"https:\/\/www.rotatransportes.com.br\/index.php\/wp-json\/wp\/v2\/media?parent=5126"}],"curies":[{"name":"wp","href":"https:\/\/api.w.org\/{rel}","templated":true}]}}