{"id":5281,"date":"2026-05-04T16:55:40","date_gmt":"2026-05-04T19:55:40","guid":{"rendered":"https:\/\/www.rotatransportes.com.br\/?page_id=5281"},"modified":"2026-05-04T17:27:27","modified_gmt":"2026-05-04T20:27:27","slug":"regulamento-campanha-5-5","status":"publish","type":"page","link":"https:\/\/www.rotatransportes.com.br\/index.php\/regulamento-campanha-5-5\/","title":{"rendered":"Regulamento &#8211;  Campanha 5.5"},"content":{"rendered":"\t\t<div data-elementor-type=\"wp-page\" data-elementor-id=\"5281\" class=\"elementor elementor-5281\">\n\t\t\t\t\t\t\t<div class=\"elementor-element elementor-element-002a6af e-con-full e-con\" data-id=\"002a6af\" data-element_type=\"container\" data-settings=\"{&quot;content_width&quot;:&quot;full&quot;}\">\n\t\t\t\t<div class=\"elementor-element elementor-element-b217741 elementor-widget elementor-widget-spacer\" data-id=\"b217741\" data-element_type=\"widget\" data-widget_type=\"spacer.default\">\n\t\t\t\t<div class=\"elementor-widget-container\">\n\t\t\t<style>\/*! elementor - v3.8.1 - 13-11-2022 *\/\n.elementor-column .elementor-spacer-inner{height:var(--spacer-size)}.e-con{--container-widget-width:100%}.e-con-inner>.elementor-widget-spacer,.e-con>.elementor-widget-spacer{width:var(--container-widget-width,var(--spacer-size));-ms-flex-item-align:stretch;align-self:stretch;-ms-flex-negative:0;flex-shrink:0}.e-con-inner>.elementor-widget-spacer>.elementor-widget-container,.e-con-inner>.elementor-widget-spacer>.elementor-widget-container>.elementor-spacer,.e-con>.elementor-widget-spacer>.elementor-widget-container,.e-con>.elementor-widget-spacer>.elementor-widget-container>.elementor-spacer{height:100%}.e-con-inner>.elementor-widget-spacer>.elementor-widget-container>.elementor-spacer>.elementor-spacer-inner,.e-con>.elementor-widget-spacer>.elementor-widget-container>.elementor-spacer>.elementor-spacer-inner{height:var(--container-widget-height,var(--spacer-size))}<\/style>\t\t<div class=\"elementor-spacer\">\n\t\t\t<div class=\"elementor-spacer-inner\"><\/div>\n\t\t<\/div>\n\t\t\t\t<\/div>\n\t\t\t\t<\/div>\n\t\t\t\t<\/div>\n\t\t\t\t<section class=\"elementor-section elementor-top-section elementor-element elementor-element-e8d2339 elementor-section-boxed elementor-section-height-default elementor-section-height-default\" data-id=\"e8d2339\" data-element_type=\"section\" data-settings=\"{&quot;_ha_eqh_enable&quot;:false}\">\n\t\t\t\t\t\t<div class=\"elementor-container elementor-column-gap-default\">\n\t\t\t\t\t<div class=\"elementor-column elementor-col-100 elementor-top-column elementor-element elementor-element-ed904f4\" data-id=\"ed904f4\" data-element_type=\"column\">\n\t\t\t<div class=\"elementor-widget-wrap elementor-element-populated\">\n\t\t\t\t\t\t\t\t<div class=\"elementor-element elementor-element-e961a9e elementor-widget elementor-widget-image\" data-id=\"e961a9e\" data-element_type=\"widget\" data-widget_type=\"image.default\">\n\t\t\t\t<div class=\"elementor-widget-container\">\n\t\t\t<style>\/*! elementor - v3.8.1 - 13-11-2022 *\/\n.elementor-widget-image{text-align:center}.elementor-widget-image a{display:inline-block}.elementor-widget-image a img[src$=\".svg\"]{width:48px}.elementor-widget-image img{vertical-align:middle;display:inline-block}<\/style>\t\t\t\t\t\t\t\t\t\t\t\t<img decoding=\"async\" src=\"https:\/\/www.rotatransportes.com.br\/wp-content\/uploads\/elementor\/thumbs\/ogg-k5-rmz8b9z5v037pw3mbsf7p8m6eflc2nwrjx6vs5o53s.jpg\" title=\"ogg-k5\" alt=\"ogg-k5\" \/>\t\t\t\t\t\t\t\t\t\t\t\t\t\t\t<\/div>\n\t\t\t\t<\/div>\n\t\t\t\t<section class=\"elementor-section elementor-inner-section elementor-element elementor-element-cd0a936 elementor-section-boxed elementor-section-height-default elementor-section-height-default\" data-id=\"cd0a936\" data-element_type=\"section\" data-settings=\"{&quot;_ha_eqh_enable&quot;:false}\">\n\t\t\t\t\t\t<div class=\"elementor-container elementor-column-gap-default\">\n\t\t\t\t\t<div class=\"elementor-column elementor-col-100 elementor-inner-column elementor-element elementor-element-856d0d4\" data-id=\"856d0d4\" data-element_type=\"column\">\n\t\t\t<div class=\"elementor-widget-wrap elementor-element-populated\">\n\t\t\t\t\t\t\t\t<div class=\"elementor-element elementor-element-d3950f7 elementor-widget elementor-widget-heading\" data-id=\"d3950f7\" data-element_type=\"widget\" data-widget_type=\"heading.default\">\n\t\t\t\t<div class=\"elementor-widget-container\">\n\t\t\t<style>\/*! elementor - v3.8.1 - 13-11-2022 *\/\n.elementor-heading-title{padding:0;margin:0;line-height:1}.elementor-widget-heading .elementor-heading-title[class*=elementor-size-]>a{color:inherit;font-size:inherit;line-height:inherit}.elementor-widget-heading .elementor-heading-title.elementor-size-small{font-size:15px}.elementor-widget-heading .elementor-heading-title.elementor-size-medium{font-size:19px}.elementor-widget-heading .elementor-heading-title.elementor-size-large{font-size:29px}.elementor-widget-heading .elementor-heading-title.elementor-size-xl{font-size:39px}.elementor-widget-heading .elementor-heading-title.elementor-size-xxl{font-size:59px}<\/style><h4 class=\"elementor-heading-title elementor-size-default\">REGULAMENTO CAMPANHA PROMOCIONAL<\/h4>\t\t<\/div>\n\t\t\t\t<\/div>\n\t\t\t\t<div class=\"elementor-element elementor-element-a55c3b0 elementor-widget elementor-widget-text-editor\" data-id=\"a55c3b0\" data-element_type=\"widget\" data-widget_type=\"text-editor.default\">\n\t\t\t\t<div class=\"elementor-widget-container\">\n\t\t\t<style>\/*! elementor - v3.8.1 - 13-11-2022 *\/\n.elementor-widget-text-editor.elementor-drop-cap-view-stacked .elementor-drop-cap{background-color:#818a91;color:#fff}.elementor-widget-text-editor.elementor-drop-cap-view-framed .elementor-drop-cap{color:#818a91;border:3px solid;background-color:transparent}.elementor-widget-text-editor:not(.elementor-drop-cap-view-default) .elementor-drop-cap{margin-top:8px}.elementor-widget-text-editor:not(.elementor-drop-cap-view-default) .elementor-drop-cap-letter{width:1em;height:1em}.elementor-widget-text-editor .elementor-drop-cap{float:left;text-align:center;line-height:1;font-size:50px}.elementor-widget-text-editor .elementor-drop-cap-letter{display:inline-block}<\/style>\t\t\t\t<div class=\"WordSection1\"><ol style=\"padding-left: 18px; color: #444444; font-family: 'Helvetica Neue', Helvetica, Arial, sans-serif; font-size: medium; background-color: #ffffff;\"><li style=\"font-size: 15px; margin-bottom: 15px; text-align: justify;\">Os CUPONS PROMOCIONAIS RT30 e RT10 da ROTA TRANSPORTES consistem na disponibiliza\u00e7\u00e3o de 30% e 10% de descontos respectivamente por inser\u00e7\u00e3o de c\u00f3digos promocionais pr\u00e9-estabelecidos, em trechos e servi\u00e7os espec\u00edficos, dentro do per\u00edodo de validade estipulado. As condi\u00e7\u00f5es para elegibilidade encontram-se nos itens a seguir descritos;<\/li><li style=\"font-size: 15px; margin-bottom: 15px; text-align: justify;\">Os CUPONS PROMOCIONAIS RT30 e RT10 da ROTA TRANSPORTES ser\u00e3o disponibilizados apenas para compras efetivadas no site oficial\u00a0<a style=\"color: #003366; font-weight: bold;\" href=\"https:\/\/www.rotatransportes.com.br\/\">www.rotatransportes.com.br<\/a>\u00a0e pelo APP oficial da Rota Transportes dispon\u00edvel para android e iOS;<\/li><li style=\"font-size: 15px; margin-bottom: 15px; text-align: justify;\">Os descontos de 30% e 10% da campanha promocional com cupons de descontos (RT30 e RT10), ser\u00e3o aplicados apenas sobre as tarifas das passagens dos trechos promocionais. Portanto, n\u00e3o est\u00e3o inclusas nos descontos as tarifas de ped\u00e1gio, seguro facultativo e de utiliza\u00e7\u00e3o de terminais;<\/li><li style=\"font-size: 15px; margin-bottom: 15px; text-align: justify;\">Os cupons promocionais ser\u00e3o v\u00e1lidos SOMENTE para as datas, hor\u00e1rios, linhas e trajetos designados no item 8, e ser\u00e3o aplicados no valor da tarifa de passagem adquirida e para embarque nos per\u00edodos designados no item 12. Para aplica\u00e7\u00e3o do desconto, o cliente dever\u00e1 inserir a denomina\u00e7\u00e3o do cupom correspondente (RT30 e RT10) no campo espec\u00edfico no momento da compra. Em casos de mais de uma passagem na mesma compra, o cupom deve ser inserido em todos os campos dispon\u00edveis;<\/li><li style=\"font-size: 15px; margin-bottom: 15px; text-align: justify;\">Para remarca\u00e7\u00e3o, o cliente fica desde j\u00e1 ciente de que, em sendo o valor menor do que a compra origin\u00e1ria, em raz\u00e3o da compra adquirida ter sido em valor promocional, n\u00e3o ser\u00e1 eleg\u00edvel ao reembolso da diferen\u00e7a. J\u00e1 se o valor da remarca\u00e7\u00e3o for superior ao valor originariamente pago, dever\u00e1 observar o valor da tarifa vigente para a nova data desejada, efetuando o pagamento da diferen\u00e7a de valor, inclusive de ped\u00e1gio, seguro facultativo e de utiliza\u00e7\u00e3o de terminais, quando houver;<p style=\"margin-bottom: 15px; margin-top: 10px;\"><strong>5.1<\/strong>\u00a0A remarca\u00e7\u00e3o de viagens adquiridas na campanha promocional com cupons de descontos (RT30 e RT10) no trecho interestadual, somente ser\u00e1 eleg\u00edvel para remarca\u00e7\u00e3o em outro trecho interestadual, enquanto a remarca\u00e7\u00e3o de viagem em trecho intermunicipal adquirida na vig\u00eancia da promo\u00e7\u00e3o, somente ser\u00e1 eleg\u00edvel para remarca\u00e7\u00e3o em outro trecho intermunicipal, desde que observada as 3 (tr\u00eas) horas de anteced\u00eancia prevista;<\/p><p style=\"margin-bottom: 15px;\"><strong>5.2<\/strong>\u00a0A remarca\u00e7\u00e3o, ap\u00f3s as 3h de anteced\u00eancia do embarque contratado, ensejar\u00e1 em aplica\u00e7\u00e3o de taxas sobre o valor original da tarifa, seguindo as regras e percentuais previstos para remarca\u00e7\u00e3o que n\u00e3o obede\u00e7am \u00e0s 3h anteriores ao hor\u00e1rio de embarque.<\/p><\/li><li style=\"font-size: 15px; margin-bottom: 15px; text-align: justify;\">Para cancelamento, o cliente dever\u00e1 solicitar em at\u00e9 3 (tr\u00eas) horas de anteced\u00eancia da viagem, sendo o valor a ser reembolsado o mesmo valor pago pelo cliente \u00e0 \u00e9poca da aquisi\u00e7\u00e3o da tarifa na campanha promocional com os cupons de descontos (RT30 e RT10), observando as regras e condi\u00e7\u00f5es previstas para o reembolso;<\/li><li style=\"font-size: 15px; margin-bottom: 15px; text-align: justify;\">O bilhete de passagem adquirido no per\u00edodo promocional \u00e9 para uso pessoal e intransfer\u00edvel;<\/li><li style=\"font-size: 15px; margin-bottom: 15px; text-align: justify;\">Os CUPONS PROMOCIONAIS RT30 e RT10 da ROTA TRANSPORTES s\u00e3o v\u00e1lidos t\u00e3o somente para os seguintes trechos e servi\u00e7os respectivos ao seu c\u00f3digo de desconto:<div class=\"trechos-container\" style=\"margin: 20px 0px; padding: 15px; background: #f8f9fa; border: 1px solid #dee2e6; border-radius: 4px;\"><span class=\"cupom-header\" style=\"font-weight: bold; color: #003366; text-transform: uppercase; margin-bottom: 10px; display: block; border-left: 4px solid #ffcc00; padding-left: 10px;\">C\u00f3digo de cupom promocional: RT30<\/span><ul class=\"lista-trechos\" style=\"column-count: 2;\"><li style=\"font-size: 13px; margin-bottom: 5px; padding-left: 15px; position: relative;\">Aracaju X Irec\u00ea<\/li><li style=\"font-size: 13px; margin-bottom: 5px; padding-left: 15px; position: relative;\">Aracaju X Jo\u00e3o Pessoa<\/li><li style=\"font-size: 13px; margin-bottom: 5px; padding-left: 15px; position: relative;\">Aracaju X Macei\u00f3<\/li><li style=\"font-size: 13px; margin-bottom: 5px; padding-left: 15px; position: relative;\">Aracaju X Morro do Chap\u00e9u<\/li><li style=\"font-size: 13px; margin-bottom: 5px; padding-left: 15px; position: relative;\">Aracaju X Paulo Afonso<\/li><li style=\"font-size: 13px; margin-bottom: 5px; padding-left: 15px; position: relative;\">Aracaju X Petrolina<\/li><li style=\"font-size: 13px; margin-bottom: 5px; padding-left: 15px; position: relative;\">Eun\u00e1polis X Petrolina<\/li><li style=\"font-size: 13px; margin-bottom: 5px; padding-left: 15px; position: relative;\">Feira de Santana X Aracaju<\/li><li style=\"font-size: 13px; margin-bottom: 5px; padding-left: 15px; position: relative;\">Feira de Santana X Capim Grosso<\/li><li style=\"font-size: 13px; margin-bottom: 5px; padding-left: 15px; position: relative;\">Feira de Santana X Gavi\u00e3o<\/li><li style=\"font-size: 13px; margin-bottom: 5px; padding-left: 15px; position: relative;\">Feira de Santana X Irec\u00ea<\/li><li style=\"font-size: 13px; margin-bottom: 5px; padding-left: 15px; position: relative;\">Feira de Santana X Jequi\u00e9<\/li><li style=\"font-size: 13px; margin-bottom: 5px; padding-left: 15px; position: relative;\">Feira de Santana X Juazeiro<\/li><li style=\"font-size: 13px; margin-bottom: 5px; padding-left: 15px; position: relative;\">Feira de Santana X Nova F\u00e1tima<\/li><li style=\"font-size: 13px; margin-bottom: 5px; padding-left: 15px; position: relative;\">Feira de Santana X Riach\u00e3o do Jacu\u00edpe<\/li><li style=\"font-size: 13px; margin-bottom: 5px; padding-left: 15px; position: relative;\">Feira de Santana X Senhor do Bonfim<\/li><li style=\"font-size: 13px; margin-bottom: 5px; padding-left: 15px; position: relative;\">Feira de Santana X Tanquinho<\/li><li style=\"font-size: 13px; margin-bottom: 5px; padding-left: 15px; position: relative;\">Feira de Santana X Vit\u00f3ria da Conquista<\/li><li style=\"font-size: 13px; margin-bottom: 5px; padding-left: 15px; position: relative;\">Ilh\u00e9us X Eun\u00e1polis<\/li><li style=\"font-size: 13px; margin-bottom: 5px; padding-left: 15px; position: relative;\">Ilh\u00e9us X Itamaraju<\/li><li style=\"font-size: 13px; margin-bottom: 5px; padding-left: 15px; position: relative;\">Ilh\u00e9us X Petrolina<\/li><li style=\"font-size: 13px; margin-bottom: 5px; padding-left: 15px; position: relative;\">Ilh\u00e9us X Porto Seguro<\/li><li style=\"font-size: 13px; margin-bottom: 5px; padding-left: 15px; position: relative;\">Ilh\u00e9us X Recife<\/li><li style=\"font-size: 13px; margin-bottom: 5px; padding-left: 15px; position: relative;\">Ilh\u00e9us X Teixeira de Freitas<\/li><li style=\"font-size: 13px; margin-bottom: 5px; padding-left: 15px; position: relative;\">Ilh\u00e9us X Vit\u00f3ria da Conquista<\/li><li style=\"font-size: 13px; margin-bottom: 5px; padding-left: 15px; position: relative;\">Itabuna X Aracaju<\/li><li style=\"font-size: 13px; margin-bottom: 5px; padding-left: 15px; position: relative;\">Itabuna X Eun\u00e1polis<\/li><li style=\"font-size: 13px; margin-bottom: 5px; padding-left: 15px; position: relative;\">Itabuna X Feira de Santana<\/li><li style=\"font-size: 13px; margin-bottom: 5px; padding-left: 15px; position: relative;\">Itabuna X Itamaraju<\/li><li style=\"font-size: 13px; margin-bottom: 5px; padding-left: 15px; position: relative;\">Itabuna X Itapetinga<\/li><li style=\"font-size: 13px; margin-bottom: 5px; padding-left: 15px; position: relative;\">Itabuna X Jequi\u00e9<\/li><li style=\"font-size: 13px; margin-bottom: 5px; padding-left: 15px; position: relative;\">Itabuna X Petrolina<\/li><li style=\"font-size: 13px; margin-bottom: 5px; padding-left: 15px; position: relative;\">Itabuna X Porto Seguro<\/li><li style=\"font-size: 13px; margin-bottom: 5px; padding-left: 15px; position: relative;\">Itabuna X Recife<\/li><li style=\"font-size: 13px; margin-bottom: 5px; padding-left: 15px; position: relative;\">Itabuna X Teixeira de Freitas<\/li><li style=\"font-size: 13px; margin-bottom: 5px; padding-left: 15px; position: relative;\">Itabuna X Vit\u00f3ria da Conquista<\/li><li style=\"font-size: 13px; margin-bottom: 5px; padding-left: 15px; position: relative;\">Itacar\u00e9 X Itapetinga<\/li><li style=\"font-size: 13px; margin-bottom: 5px; padding-left: 15px; position: relative;\">Itacar\u00e9 X Porto Seguro<\/li><li style=\"font-size: 13px; margin-bottom: 5px; padding-left: 15px; position: relative;\">Itacar\u00e9 X Vit\u00f3ria da Conquista<\/li><li style=\"font-size: 13px; margin-bottom: 5px; padding-left: 15px; position: relative;\">Jequi\u00e9 X Porto Seguro<\/li><li style=\"font-size: 13px; margin-bottom: 5px; padding-left: 15px; position: relative;\">Porto Seguro X Aracaju<\/li><li style=\"font-size: 13px; margin-bottom: 5px; padding-left: 15px; position: relative;\">Porto Seguro X Macei\u00f3<\/li><li style=\"font-size: 13px; margin-bottom: 5px; padding-left: 15px; position: relative;\">Porto Seguro X Petrolina<\/li><li style=\"font-size: 13px; margin-bottom: 5px; padding-left: 15px; position: relative;\">Porto Seguro X Recife<\/li><li style=\"font-size: 13px; margin-bottom: 5px; padding-left: 15px; position: relative;\">Salvador X Alagoinhas<\/li><li style=\"font-size: 13px; margin-bottom: 5px; padding-left: 15px; position: relative;\">Salvador X Aracaju<\/li><li style=\"font-size: 13px; margin-bottom: 5px; padding-left: 15px; position: relative;\">Salvador X Arapiraca<\/li><li style=\"font-size: 13px; margin-bottom: 5px; padding-left: 15px; position: relative;\">Salvador X Barra do Rocha<\/li><li style=\"font-size: 13px; margin-bottom: 5px; padding-left: 15px; position: relative;\">Salvador X Capim Grosso<\/li><li style=\"font-size: 13px; margin-bottom: 5px; padding-left: 15px; position: relative;\">Salvador X Gavi\u00e3o<\/li><li style=\"font-size: 13px; margin-bottom: 5px; padding-left: 15px; position: relative;\">Salvador X Ipia\u00fa<\/li><li style=\"font-size: 13px; margin-bottom: 5px; padding-left: 15px; position: relative;\">Salvador X Jequi\u00e9<\/li><li style=\"font-size: 13px; margin-bottom: 5px; padding-left: 15px; position: relative;\">Salvador X Jo\u00e3o Pessoa<\/li><li style=\"font-size: 13px; margin-bottom: 5px; padding-left: 15px; position: relative;\">Salvador X Juazeiro<\/li><li style=\"font-size: 13px; margin-bottom: 5px; padding-left: 15px; position: relative;\">Salvador X Macei\u00f3<\/li><li style=\"font-size: 13px; margin-bottom: 5px; padding-left: 15px; position: relative;\">Salvador X Manoel Vitorino<\/li><li style=\"font-size: 13px; margin-bottom: 5px; padding-left: 15px; position: relative;\">Salvador X Nova F\u00e1tima<\/li><li style=\"font-size: 13px; margin-bottom: 5px; padding-left: 15px; position: relative;\">Salvador X Planalto<\/li><li style=\"font-size: 13px; margin-bottom: 5px; padding-left: 15px; position: relative;\">Salvador X Po\u00e7\u00f5es<\/li><li style=\"font-size: 13px; margin-bottom: 5px; padding-left: 15px; position: relative;\">Salvador X Riach\u00e3o do Jacu\u00edpe<\/li><li style=\"font-size: 13px; margin-bottom: 5px; padding-left: 15px; position: relative;\">Salvador X Senhor do Bonfim<\/li><li style=\"font-size: 13px; margin-bottom: 5px; padding-left: 15px; position: relative;\">Salvador X Tanquinho<\/li><li style=\"font-size: 13px; margin-bottom: 5px; padding-left: 15px; position: relative;\">Salvador X Ubat\u00e3<\/li><li style=\"font-size: 13px; margin-bottom: 5px; padding-left: 15px; position: relative;\">Salvador X Vit\u00f3ria da Conquista<\/li><li style=\"font-size: 13px; margin-bottom: 5px; padding-left: 15px; position: relative;\">Vit\u00f3ria da Conquista X S\u00e3o Crist\u00f3v\u00e3o (Via Aracaju)<\/li><\/ul><span class=\"cupom-header\" style=\"font-weight: bold; color: #003366; text-transform: uppercase; margin-bottom: 10px; display: block; border-left: 4px solid #ffcc00; padding-left: 10px; margin-top: 20px;\">C\u00f3digo de cupom promocional: RT10<\/span><p style=\"margin-bottom: 15px;\">Todos os trechos operados pela Rota Transportes.<\/p><\/div><\/li><li style=\"font-size: 15px; margin-bottom: 15px; text-align: justify;\">Promo\u00e7\u00e3o v\u00e1lida para todos os servi\u00e7os,\u00a0<span class=\"excecao-alerta\" style=\"color: #cc0000; font-weight: bold; text-decoration: underline;\">EXCETO para os servi\u00e7os LEITO, LEITTO CAMA e LEITO EXPRESSO;<\/span><\/li><li style=\"font-size: 15px; margin-bottom: 15px; text-align: justify;\">A mera participa\u00e7\u00e3o nesta promo\u00e7\u00e3o caracteriza a aceita\u00e7\u00e3o dos termos e condi\u00e7\u00f5es previstos neste regulamento;<\/li><li style=\"font-size: 15px; margin-bottom: 15px; text-align: justify;\">Cupons de ofertas v\u00e1lidos para compras somente no dia\u00a0<strong>05\/05\/2026<\/strong>;<\/li><li style=\"font-size: 15px; margin-bottom: 15px; text-align: justify;\">Embarques estabelecidos entre\u00a0<strong>12\/05\/2026 e 02\/06\/2026<\/strong>;<\/li><li style=\"font-size: 15px; margin-bottom: 15px; text-align: justify;\">Promo\u00e7\u00e3o n\u00e3o cumulativa;<\/li><li style=\"font-size: 15px; margin-bottom: 15px; text-align: justify;\">A empresa se reserva ao direito de interrup\u00e7\u00e3o desta campanha promocional com cupons de descontos a qualquer momento sem aviso pr\u00e9vio.<\/li><\/ol><div class=\"footer-cta\" style=\"margin-top: 30px; padding-top: 20px; border-top: 1px solid #eeeeee; color: #003366; font-family: 'Helvetica Neue', Helvetica, Arial, sans-serif; font-size: medium;\"><p style=\"font-size: 15px; margin-bottom: 15px; text-align: justify;\">Para mais informa\u00e7\u00f5es, entre em contato com o nosso SAC:\u00a0<span class=\"sac-highlight\" style=\"font-weight: bold; font-size: 1.1em;\">0800 075 0010<\/span><\/p><p style=\"font-size: 15px; margin-bottom: 15px; text-align: justify;\"><strong>ROTA TRANSPORTES, com voc\u00ea nos caminhos da vida!<\/strong><\/p><\/div><\/div>\t\t\t\t\t\t<\/div>\n\t\t\t\t<\/div>\n\t\t\t\t\t<\/div>\n\t\t<\/div>\n\t\t\t\t\t\t\t<\/div>\n\t\t<\/section>\n\t\t\t\t\t<\/div>\n\t\t<\/div>\n\t\t\t\t\t\t\t<\/div>\n\t\t<\/section>\n\t\t\t\t\t\t\t<\/div>\n\t\t","protected":false},"excerpt":{"rendered":"<p>REGULAMENTO CAMPANHA PROMOCIONAL Os CUPONS PROMOCIONAIS RT30 e RT10 da ROTA TRANSPORTES consistem na disponibiliza\u00e7\u00e3o de 30% e 10% de descontos respectivamente por inser\u00e7\u00e3o de c\u00f3digos promocionais pr\u00e9-estabelecidos, em trechos e servi\u00e7os espec\u00edficos, dentro do per\u00edodo de validade estipulado. As condi\u00e7\u00f5es para elegibilidade encontram-se nos itens a seguir descritos; Os CUPONS PROMOCIONAIS RT30 e RT10 [&hellip;]<\/p>\n","protected":false},"author":2,"featured_media":0,"parent":0,"menu_order":0,"comment_status":"closed","ping_status":"closed","template":"","meta":{"_joinchat":[],"footnotes":""},"class_list":["post-5281","page","type-page","status-publish","hentry"],"_links":{"self":[{"href":"https:\/\/www.rotatransportes.com.br\/index.php\/wp-json\/wp\/v2\/pages\/5281","targetHints":{"allow":["GET"]}}],"collection":[{"href":"https:\/\/www.rotatransportes.com.br\/index.php\/wp-json\/wp\/v2\/pages"}],"about":[{"href":"https:\/\/www.rotatransportes.com.br\/index.php\/wp-json\/wp\/v2\/types\/page"}],"author":[{"embeddable":true,"href":"https:\/\/www.rotatransportes.com.br\/index.php\/wp-json\/wp\/v2\/users\/2"}],"replies":[{"embeddable":true,"href":"https:\/\/www.rotatransportes.com.br\/index.php\/wp-json\/wp\/v2\/comments?post=5281"}],"version-history":[{"count":4,"href":"https:\/\/www.rotatransportes.com.br\/index.php\/wp-json\/wp\/v2\/pages\/5281\/revisions"}],"predecessor-version":[{"id":5286,"href":"https:\/\/www.rotatransportes.com.br\/index.php\/wp-json\/wp\/v2\/pages\/5281\/revisions\/5286"}],"wp:attachment":[{"href":"https:\/\/www.rotatransportes.com.br\/index.php\/wp-json\/wp\/v2\/media?parent=5281"}],"curies":[{"name":"wp","href":"https:\/\/api.w.org\/{rel}","templated":true}]}}